{"id":960,"date":"2025-11-05T23:06:12","date_gmt":"2025-11-05T22:06:12","guid":{"rendered":"https:\/\/fremdenfuehrer.wien\/?page_id=960"},"modified":"2025-12-11T19:36:58","modified_gmt":"2025-12-11T18:36:58","slug":"neu-barrierefrei","status":"publish","type":"page","link":"https:\/\/fremdenfuehrer.wien\/?page_id=960","title":{"rendered":""},"content":{"rendered":"\n<div superb-addons-animation=\"fadeIn\" class=\"wp-block-cover alignwide is-light\" style=\"padding-top:var(--wp--preset--spacing--superbspacing-medium);padding-right:0;padding-bottom:var(--wp--preset--spacing--superbspacing-medium);padding-left:0;min-height:50px;aspect-ratio:unset;opacity: 0;\"><img loading=\"lazy\" decoding=\"async\" width=\"2560\" height=\"1707\" class=\"wp-block-cover__image-background wp-image-1290 size-full\" alt=\"\" src=\"https:\/\/fremdenfuehrer.wien\/wp-content\/uploads\/2025\/11\/music-4505121-scaled.jpg\" style=\"object-position:25% 25%\" data-object-fit=\"cover\" data-object-position=\"25% 25%\" srcset=\"https:\/\/fremdenfuehrer.wien\/wp-content\/uploads\/2025\/11\/music-4505121-scaled.jpg 2560w, https:\/\/fremdenfuehrer.wien\/wp-content\/uploads\/2025\/11\/music-4505121-480x320.jpg 480w, https:\/\/fremdenfuehrer.wien\/wp-content\/uploads\/2025\/11\/music-4505121-1536x1024.jpg 1536w, https:\/\/fremdenfuehrer.wien\/wp-content\/uploads\/2025\/11\/music-4505121-2048x1365.jpg 2048w\" sizes=\"auto, (max-width: 2560px) 100vw, 2560px\" \/><span aria-hidden=\"true\" class=\"wp-block-cover__background has-background-dim\" style=\"background-color:#d5d6d6\"><\/span><div class=\"wp-block-cover__inner-container is-layout-flow wp-block-cover-is-layout-flow\">\n<div class=\"wp-block-group has-global-padding is-layout-constrained wp-container-core-group-is-layout-469d72c6 wp-block-group-is-layout-constrained\" style=\"padding-top:0;padding-right:var(--wp--preset--spacing--superbspacing-small);padding-bottom:0;padding-left:var(--wp--preset--spacing--superbspacing-small)\">\n<div class=\"wp-block-group has-global-padding is-content-justification-center is-layout-constrained wp-container-core-group-is-layout-4ac9054d wp-block-group-is-layout-constrained\" style=\"margin-top:0;margin-bottom:0\">\n<h1 superb-addons-animation=\"fadeInLeft\" class=\"wp-block-heading has-text-align-center has-text-color has-superbfont-xxlarge-font-size\" style=\"color:#fdfdfd;font-style:normal;font-weight:400;opacity: 0;\"><mark style=\"background-color:#fcb900;color:#fcb900\" class=\"has-inline-color\">..<\/mark><mark style=\"background-color:#fcb900;color:#0b0b0b\" class=\"has-inline-color\">Barrierefreie F\u00fchrungen<\/mark><mark style=\"background-color:#fcb900;color:#fcb900\" class=\"has-inline-color\">..<\/mark><br><mark style=\"background-color:#fcb900;color:#fcb900\" class=\"has-inline-color\">..<\/mark><mark style=\"background-color:#fcb900;color:#0b0b0b\" class=\"has-inline-color\">(Schriftdolmetsch)<\/mark><mark style=\"background-color:#fcb900;color:#fcb900\" class=\"has-inline-color\">..<\/mark><\/h1>\n\n\n\n<p superb-addons-animation=\"fadeInRight\" class=\"has-text-align-center has-text-color has-superbfont-small-font-size\" style=\"color:#fdfdfd;margin-bottom:var(--wp--preset--spacing--superbspacing-small);opacity: 0;\"><mark style=\"background-color:rgba(0, 0, 0, 0);color:#0b0b0b\" class=\"has-inline-color\">Die Kooperation mit der f\u00fchrenden Schriftdolmetscherin \u00d6sterreichs (Gudrun Amtmann)<br>er\u00f6ffnet neue Horizonte. Warum Sollten Sie als h\u00f6rbeintr\u00e4chtigender Mensch<br>auf eine spannende F\u00fchrung durch Wien verzichten?<\/mark><\/p>\n\n\n\n<div class=\"wp-block-buttons is-content-justification-center is-layout-flex wp-container-core-buttons-is-layout-a89b3969 wp-block-buttons-is-layout-flex\">\n\n\n<div class=\"wp-block-button is-style-fill\"><a class=\"wp-block-button__link has-primary-color has-luminous-vivid-amber-background-color has-text-color has-background has-link-color wp-element-button\" style=\"border-width:1px\">Contact<\/a><\/div>\n\n\n\n<div class=\"wp-block-button is-style-outline is-style-outline--2\"><a class=\"wp-block-button__link has-primary-color has-luminous-vivid-amber-background-color has-text-color has-background has-link-color has-border-color has-contrast-dark-border-color wp-element-button\" href=\"http:\/\/www.amtmann.at\" style=\"border-width:1px\">www.amtmann.at<\/a><\/div>\n<\/div>\n<\/div>\n<\/div>\n<\/div><\/div>\n\n\n\n<p><\/p>\n\n\n\n<div class=\"wp-block-group has-mono-3-background-color has-background has-superbfont-medium-font-size has-global-padding is-layout-constrained wp-container-core-group-is-layout-595ef9c5 wp-block-group-is-layout-constrained\" style=\"margin-top:var(--wp--preset--spacing--superbspacing-xxsmall);margin-bottom:var(--wp--preset--spacing--superbspacing-xxsmall);padding-top:var(--wp--preset--spacing--superbspacing-small);padding-right:var(--wp--preset--spacing--superbspacing-small);padding-bottom:var(--wp--preset--spacing--superbspacing-small);padding-left:var(--wp--preset--spacing--superbspacing-small)\">\n<p class=\"has-text-align-left has-mono-1-color has-text-color has-link-color wp-elements-0ab3b7086b105f2d0eeff3355d8c4121\" style=\"margin-top:0;margin-bottom:0;font-size:clamp(15.747px, 0.984rem + ((1vw - 3.2px) * 0.645), 24px);\"><mark style=\"background-color:rgba(0, 0, 0, 0);color:#0b0b0b\" class=\"has-inline-color\"><strong>Sehen. Lesen. Staunen: Das Wienerlebnis ohne akustische Barrieren.<\/strong><\/mark><\/p>\n\n\n\n<p class=\"has-mono-1-color has-text-color has-link-color has-superbfont-small-font-size wp-elements-4fd66d3d0353296162cae968865f9706\" style=\"margin-top:var(--wp--preset--spacing--superbspacing-xxsmall);font-size:clamp(15.747px, 0.984rem + ((1vw - 3.2px) * 0.645), 24px);\"><mark style=\"background-color:rgba(0, 0, 0, 0);color:#0b0b0b\" class=\"has-inline-color\">Erleben Sie Geschichte und Anekdoten in <strong>Echtzeit \u2013 ganz ohne akustische Barrieren!<\/strong> Als Fremdenf\u00fchrerin ist es mein Anspruch, allen G\u00e4sten ein au\u00dfergew\u00f6hnliches und inklusives Erlebnis zu bieten.<\/mark><\/p>\n\n\n\n<ul class=\"wp-block-list\">\n<li class=\"has-primary-color has-text-color has-link-color wp-elements-8e6073d27d727e887c8c9a118dec4eb7\"><strong>Mitlesen in Echtzeit:<\/strong> Wir setzen auf moderne Technologie, um Ihnen maximale Teilhabe zu erm\u00f6glichen.<\/li>\n\n\n\n<li class=\"has-primary-color has-text-color has-link-color wp-elements-06e2c24801f05db13618c10abab2b3c9\"><mark style=\"background-color:rgba(0, 0, 0, 0);color:#0b0b0b\" class=\"has-inline-color\"><strong>Schriftdolmetschung:<\/strong> Eine professionelle Schriftdolmetscherin \u00fcbertr\u00e4gt mein gesprochenes Wort <strong>quasi-simultan<\/strong> in Text.<\/mark><\/li>\n\n\n\n<li class=\"has-primary-color has-text-color has-link-color wp-elements-fe3c353fb65e6c66ea81143d7a681285\"><mark style=\"background-color:rgba(0, 0, 0, 0);color:#0b0b0b\" class=\"has-inline-color\"><strong>Individuell und diskret:<\/strong> Sie verfolgen die Mitschrift bequem und <strong>direkt auf Ihrem Mobiltelefon<\/strong> oder einem bereitgestellten Endger\u00e4t. Keine wichtigen Informationen gehen verloren.<\/mark><\/li>\n\n\n\n<li class=\"has-contrast-dark-color has-text-color has-link-color wp-elements-54f97468205cd892f350aebd0c948ffa\"><mark style=\"background-color:rgba(0, 0, 0, 0);color:#0b0b0b\" class=\"has-inline-color\"><strong>Fesselndes Erlebnis:<\/strong> Der Fokus liegt auf der Geschichte, den Eindr\u00fccken und dem gemeinsamen Entdecken \u2013 <strong>akustische Barrieren verschwinden<\/strong>.<\/mark><\/li>\n<\/ul>\n\n\n\n<p><strong><mark style=\"background-color:rgba(0, 0, 0, 0);color:#0b0b0b\" class=\"has-inline-color\">Ihr Wien-Abenteuer ist nur einen Klick entfernt \u2013 f\u00fcr alle Sinne!<\/mark><\/strong><\/p>\n\n\n\n<p class=\"has-mono-1-color has-text-color has-link-color has-superbfont-small-font-size wp-elements-b3b17b5ca06d58c4786695e20834164e\" style=\"margin-top:var(--wp--preset--spacing--superbspacing-xxsmall);font-size:clamp(15.747px, 0.984rem + ((1vw - 3.2px) * 0.645), 24px);\"><\/p>\n<\/div>\n\n\n\n<div class=\"wp-block-group has-mono-3-background-color has-background has-superbfont-medium-font-size has-global-padding is-layout-constrained wp-container-core-group-is-layout-6d33c453 wp-block-group-is-layout-constrained\" style=\"margin-top:var(--wp--preset--spacing--superbspacing-xxsmall);margin-bottom:var(--wp--preset--spacing--superbspacing-xxsmall);padding-top:var(--wp--preset--spacing--superbspacing-small);padding-right:var(--wp--preset--spacing--superbspacing-small);padding-bottom:var(--wp--preset--spacing--superbspacing-small);padding-left:var(--wp--preset--spacing--superbspacing-small)\">\n<p class=\"has-text-align-left has-mono-1-color has-text-color has-link-color wp-elements-0bde11f47d9821703c0a22c4a70fc34e\" style=\"margin-top:0;margin-bottom:0;font-size:clamp(15.747px, 0.984rem + ((1vw - 3.2px) * 0.645), 24px);\"><mark style=\"background-color:rgba(0, 0, 0, 0);color:#0b0b0b\" class=\"has-inline-color\"><strong>Das Erfahren Sie mehr \u00fcber inklusive F\u00fchrungen! Kontaktierern Sie uns!<\/strong><\/mark><\/p>\n\n\n\n<p class=\"has-mono-1-color has-text-color has-link-color has-superbfont-small-font-size wp-elements-4fd66d3d0353296162cae968865f9706\" style=\"margin-top:var(--wp--preset--spacing--superbspacing-xxsmall);font-size:clamp(15.747px, 0.984rem + ((1vw - 3.2px) * 0.645), 24px);\"><mark style=\"background-color:rgba(0, 0, 0, 0);color:#0b0b0b\" class=\"has-inline-color\">Erleben Sie Geschichte und Anekdoten in <strong>Echtzeit \u2013 ganz ohne akustische Barrieren!<\/strong> Als Fremdenf\u00fchrerin ist es mein Anspruch, allen G\u00e4sten ein au\u00dfergew\u00f6hnliches und inklusives Erlebnis zu bieten.<\/mark><\/p>\n\n\n\n<div class=\"wp-block-buttons is-layout-flex wp-block-buttons-is-layout-flex\">\n<div class=\"wp-block-button\"><a class=\"wp-block-button__link wp-element-button\" href=\"https:\/\/fremdenfuehrer.wien\/?page_id=340\">Contact<\/a><\/div>\n<\/div>\n<\/div>\n\n\n\n<div class=\"wp-block-group has-background has-superbfont-medium-font-size has-global-padding is-layout-constrained wp-container-core-group-is-layout-6d33c453 wp-block-group-is-layout-constrained\" style=\"background-color:#e6d6d6;margin-top:var(--wp--preset--spacing--superbspacing-xxsmall);margin-bottom:var(--wp--preset--spacing--superbspacing-xxsmall);padding-top:var(--wp--preset--spacing--superbspacing-small);padding-right:var(--wp--preset--spacing--superbspacing-small);padding-bottom:var(--wp--preset--spacing--superbspacing-small);padding-left:var(--wp--preset--spacing--superbspacing-small)\">\n<p class=\"has-text-align-left has-mono-1-color has-text-color has-link-color wp-elements-d0b68ea30b4fe6b7be5a66b389ac72cf\" style=\"margin-top:0;margin-bottom:0;font-size:clamp(15.747px, 0.984rem + ((1vw - 3.2px) * 0.645), 24px);\"><mark style=\"background-color:rgba(0, 0, 0, 0);color:#0b0b0b\" class=\"has-inline-color\"><strong>Erfahrungen mit einer Schriftdolmetscherin im Rahmen einer Fremdenf\u00fchrerin (Wien)<\/strong><\/mark><\/p>\n\n\n\n<p class=\"has-mono-1-color has-text-color has-link-color has-superbfont-small-font-size wp-elements-4fd66d3d0353296162cae968865f9706\" style=\"margin-top:var(--wp--preset--spacing--superbspacing-xxsmall);font-size:clamp(15.747px, 0.984rem + ((1vw - 3.2px) * 0.645), 24px);\"><mark style=\"background-color:rgba(0, 0, 0, 0);color:#0b0b0b\" class=\"has-inline-color\">Erleben Sie Geschichte und Anekdoten in <strong>Echtzeit \u2013 ganz ohne akustische Barrieren!<\/strong> Als Fremdenf\u00fchrerin ist es mein Anspruch, allen G\u00e4sten ein au\u00dfergew\u00f6hnliches und inklusives Erlebnis zu bieten.<\/mark><\/p>\n\n\n\n<div class=\"wp-block-buttons is-layout-flex wp-block-buttons-is-layout-flex\">\n<div class=\"wp-block-button\"><a class=\"wp-block-button__link wp-element-button\" href=\"https:\/\/www.amtmann.at\/stadtspaziergang-online-schriftdolmetschen-fuer-die-ganze-gruppe\/\" target=\"_blank\" rel=\"noreferrer noopener\">Zur Reportage<\/a><\/div>\n<\/div>\n\n\n\n<p class=\"has-primary-color has-text-color has-link-color wp-elements-145c01de3417580fb2c57e9a49abb3cf\" style=\"font-size:clamp(15.747px, 0.984rem + ((1vw - 3.2px) * 0.645), 24px);\">Partner bei Schriftdolmetschen und Fremdenf\u00fchrung<br><a href=\"http:\/\/www.amtmann.at\" target=\"_blank\" rel=\"noreferrer noopener\">www.amtmann.at<\/a><\/p>\n<\/div>\n\n\n\n<p class=\"has-contrast-dark-color has-text-color has-link-color wp-elements-c4d0956f01c5309f5a022aa1a921b8b7\"><\/p>\n\n\n\n<p><\/p>\n","protected":false},"excerpt":{"rendered":"<p>Sehen. Lesen. Staunen: Das Wienerlebnis ohne akustische Barrieren. Erleben Sie Geschichte und Anekdoten in Echtzeit \u2013 ganz ohne akustische Barrieren! Als Fremdenf\u00fchrerin ist es mein Anspruch, allen G\u00e4sten ein au\u00dfergew\u00f6hnliches und inklusives Erlebnis zu bieten. Ihr Wien-Abenteuer ist nur einen Klick entfernt \u2013 f\u00fcr alle Sinne! Das Erfahren Sie mehr \u00fcber inklusive F\u00fchrungen! Kontaktierern Sie [&hellip;]<\/p>\n","protected":false},"author":1,"featured_media":0,"parent":0,"menu_order":0,"comment_status":"closed","ping_status":"closed","template":"","meta":{"footnotes":""},"class_list":["post-960","page","type-page","status-publish","hentry"],"jetpack_sharing_enabled":true,"_links":{"self":[{"href":"https:\/\/fremdenfuehrer.wien\/index.php?rest_route=\/wp\/v2\/pages\/960","targetHints":{"allow":["GET"]}}],"collection":[{"href":"https:\/\/fremdenfuehrer.wien\/index.php?rest_route=\/wp\/v2\/pages"}],"about":[{"href":"https:\/\/fremdenfuehrer.wien\/index.php?rest_route=\/wp\/v2\/types\/page"}],"author":[{"embeddable":true,"href":"https:\/\/fremdenfuehrer.wien\/index.php?rest_route=\/wp\/v2\/users\/1"}],"replies":[{"embeddable":true,"href":"https:\/\/fremdenfuehrer.wien\/index.php?rest_route=%2Fwp%2Fv2%2Fcomments&post=960"}],"version-history":[{"count":39,"href":"https:\/\/fremdenfuehrer.wien\/index.php?rest_route=\/wp\/v2\/pages\/960\/revisions"}],"predecessor-version":[{"id":1844,"href":"https:\/\/fremdenfuehrer.wien\/index.php?rest_route=\/wp\/v2\/pages\/960\/revisions\/1844"}],"wp:attachment":[{"href":"https:\/\/fremdenfuehrer.wien\/index.php?rest_route=%2Fwp%2Fv2%2Fmedia&parent=960"}],"curies":[{"name":"wp","href":"https:\/\/api.w.org\/{rel}","templated":true}]}}