{"id":806,"date":"2025-11-05T16:11:37","date_gmt":"2025-11-05T15:11:37","guid":{"rendered":"https:\/\/fremdenfuehrer.wien\/?page_id=806"},"modified":"2026-01-05T20:11:57","modified_gmt":"2026-01-05T19:11:57","slug":"eleganz-des-jugendstils-und-die-queere-historie-von-mariahilf","status":"publish","type":"page","link":"https:\/\/fremdenfuehrer.wien\/?page_id=806","title":{"rendered":""},"content":{"rendered":"\n<div superb-addons-animation=\"fadeIn\" class=\"wp-block-cover alignwide\" style=\"padding-top:var(--wp--preset--spacing--superbspacing-medium);padding-right:0;padding-bottom:var(--wp--preset--spacing--superbspacing-medium);padding-left:0;min-height:50px;aspect-ratio:unset;opacity: 0;\"><img loading=\"lazy\" decoding=\"async\" width=\"2560\" height=\"1443\" class=\"wp-block-cover__image-background wp-image-1859 size-full\" alt=\"\" src=\"https:\/\/fremdenfuehrer.wien\/wp-content\/uploads\/2025\/12\/high-baroque-211519-scaled.jpg\" data-object-fit=\"cover\" srcset=\"https:\/\/fremdenfuehrer.wien\/wp-content\/uploads\/2025\/12\/high-baroque-211519-scaled.jpg 2560w, https:\/\/fremdenfuehrer.wien\/wp-content\/uploads\/2025\/12\/high-baroque-211519-480x271.jpg 480w, https:\/\/fremdenfuehrer.wien\/wp-content\/uploads\/2025\/12\/high-baroque-211519-1536x866.jpg 1536w, https:\/\/fremdenfuehrer.wien\/wp-content\/uploads\/2025\/12\/high-baroque-211519-2048x1154.jpg 2048w\" sizes=\"auto, (max-width: 2560px) 100vw, 2560px\" \/><span aria-hidden=\"true\" class=\"wp-block-cover__background has-background-dim-20 has-background-dim\" style=\"background-color:#828170\"><\/span><div class=\"wp-block-cover__inner-container is-layout-flow wp-block-cover-is-layout-flow\">\n<div class=\"wp-block-group has-global-padding is-layout-constrained wp-container-core-group-is-layout-469d72c6 wp-block-group-is-layout-constrained\" style=\"padding-top:0;padding-right:var(--wp--preset--spacing--superbspacing-small);padding-bottom:0;padding-left:var(--wp--preset--spacing--superbspacing-small)\">\n<div class=\"wp-block-group has-global-padding is-content-justification-center is-layout-constrained wp-container-core-group-is-layout-4ac9054d wp-block-group-is-layout-constrained\" style=\"margin-top:0;margin-bottom:0\">\n<h1 superb-addons-animation=\"fadeInLeft\" class=\"wp-block-heading has-text-align-center has-contrast-dark-color has-text-color has-superbfont-xxlarge-font-size\" style=\"font-style:normal;font-weight:400;opacity: 0;\"><mark style=\"background-color:#ff6900;color:#ff6900\" class=\"has-inline-color\">..<\/mark><mark style=\"background-color:#ff6900\" class=\"has-inline-color\"><strong>Tour 01<\/strong><\/mark><mark style=\"background-color:#ff6900;color:#ff6900\" class=\"has-inline-color\">c<\/mark><br><mark style=\"background-color:#ff6900;color:#000000\" class=\"has-inline-color\"><br><mark style=\"background-color:#ff6900;color:#ff6900\" class=\"has-inline-color\">..<\/mark>\u201e<strong>Zwischen Gold und Verbot \u2013<mark style=\"background-color:#ff6900;color:#0b0b0b\" class=\"has-inline-color\"> <\/mark><mark style=\"background-color:#ff6900;color:#ff6900\" class=\"has-inline-color\">.<\/mark><\/strong><\/mark><br><mark style=\"background-color:#ff6900;color:#0b0b0b\" class=\"has-inline-color\"> <\/mark><mark style=\"background-color:#ff6900;color:#ff6900\" class=\"has-inline-color\">.<\/mark><mark style=\"background-color:#ff6900;color:#000000\" class=\"has-inline-color\"><strong>Jugendstil &amp; queeres Wien\u201c<\/strong><\/mark><mark style=\"background-color:#ff6900;color:#0b0b0b\" class=\"has-inline-color\"> <\/mark><mark style=\"background-color:#ff6900;color:#ff6900\" class=\"has-inline-color\">..<\/mark><\/h1>\n\n\n\n<p superb-addons-animation=\"fadeInRight\" class=\"has-text-align-center has-primary-color has-text-color has-superbfont-small-font-size\" style=\"margin-bottom:var(--wp--preset--spacing--superbspacing-small);opacity: 0;\"><mark style=\"background-color:rgba(0, 0, 0, 0);color:#cf2e2e\" class=\"has-inline-color\"><br><\/mark><mark style=\"background-color:#ff6900;color:#ff6900\" class=\"has-inline-color\">..<\/mark><mark style=\"background-color:#ff6900;color:#0b0b0b\" class=\"has-inline-color\"><mark style=\"background-color:#ff6900;color:#0b0b0b\" class=\"has-inline-color\">Jugendstil-Juwelen und Regenbogen-Geschichte(n)<\/mark><\/mark><mark style=\"background-color:#ff6900;color:#ff6900\" class=\"has-inline-color\">..<\/mark><br><mark style=\"background-color:#ff6900;color:#0b0b0b\" class=\"has-inline-color\"> <\/mark><mark style=\"background-color:#ff6900;color:#ff6900\" class=\"has-inline-color\">..<\/mark><mark style=\"background-color:#ff6900;color:#0b0b0b\" class=\"has-inline-color\">Dauer circa 2 Std. (Deutsch &amp; English) <\/mark><mark style=\"background-color:#ff6900;color:#ff6900\" class=\"has-inline-color\">..<\/mark><mark style=\"background-color:rgba(0, 0, 0, 0);color:#cf2e2e\" class=\"has-inline-color\"><br><\/mark><\/p>\n\n\n\n<div class=\"wp-block-buttons is-content-justification-center is-layout-flex wp-container-core-buttons-is-layout-a89b3969 wp-block-buttons-is-layout-flex\">\n<div class=\"wp-block-button is-style-outline is-style-outline--1\"><a class=\"wp-block-button__link has-primary-color has-luminous-vivid-orange-background-color has-text-color has-background has-link-color has-border-color has-primary-border-color wp-element-button\" href=\"https:\/\/fremdenfuehrer.wien\/wp-content\/uploads\/2025\/12\/Strecke_Tour_01.pdf\" style=\"border-width:1px\" target=\"_blank\" rel=\"noreferrer noopener\">Tour Download<\/a><\/div>\n\n\n\n<div class=\"wp-block-button is-style-outline is-style-outline--2\"><a class=\"wp-block-button__link has-primary-color has-luminous-vivid-orange-background-color has-text-color has-background has-link-color has-border-color has-primary-border-color wp-element-button\" href=\"https:\/\/fremdenfuehrer.wien\/?page_id=340\" style=\"border-width:1px\">Buchen \/ Anfragen<\/a><\/div>\n<\/div>\n<\/div>\n<\/div>\n<\/div><\/div>\n\n\n\n<div class=\"wp-block-group has-background has-superbfont-medium-font-size has-global-padding is-layout-constrained wp-container-core-group-is-layout-595ef9c5 wp-block-group-is-layout-constrained\" style=\"background-color:#e9bebe;margin-top:var(--wp--preset--spacing--superbspacing-xxsmall);margin-bottom:var(--wp--preset--spacing--superbspacing-xxsmall);padding-top:var(--wp--preset--spacing--superbspacing-small);padding-right:var(--wp--preset--spacing--superbspacing-small);padding-bottom:var(--wp--preset--spacing--superbspacing-small);padding-left:var(--wp--preset--spacing--superbspacing-small)\">\n<p class=\"has-text-align-left has-mono-1-color has-text-color has-link-color wp-elements-7e885d4f1c75f9fa5f9709110e2aa089\" style=\"margin-top:0;margin-bottom:0;font-size:clamp(0.875em, 0.875rem + ((1vw - 0.2em) * 0.531), 1.3em);\"><mark style=\"background-color:rgba(0, 0, 0, 0);color:#0b0b0b\" class=\"has-inline-color\"><strong>Wien um 1900 war ein Schmelztiegel des Aufbruchs \u2013 sowohl in der Kunst (Jugendstil\/Secession) als auch in den gesellschaftlichen Normen, wo sich im Verborgenen eine erste, vorsichtige queere Szene formierte.<\/strong><\/mark><\/p>\n\n\n\n<p style=\"font-size:clamp(0.875em, 0.875rem + ((1vw - 0.2em) * 0.531), 1.3em);\"><mark style=\"background-color:rgba(0, 0, 0, 0);color:#0b0b0b\" class=\"has-inline-color\">Station 01: Start Heldenplatz &#8211; Habsburgische Geheimnisse: <\/mark><br><mark style=\"background-color:rgba(0, 0, 0, 0);color:#0b0b0b\" class=\"has-inline-color\">Liebe am Kaiserhof &#8211; Dunkle Jahre 1938-1945<br><strong>Station 01: Die Staatsoper &amp; Der Ring \u2013 Das imperiale Korsett und seine Risse<\/strong><br>Station 02: Secession &#8211; \u00c4sthetische Widerstand<br>Station 03: Naschmarkt &#8211; Diese Treffs waren niemals harmlos<br>Station 04: Cafe Savoy &#8211; Diskretion und \u00d6ffentlichkeit<br>Station 05: Otto Wagner<br>Station 06: R\u00fcdigerhof<br><\/mark><\/p>\n\n\n\n<p style=\"font-size:clamp(0.875em, 0.875rem + ((1vw - 0.2em) * 0.531), 1.3em);\"><mark style=\"background-color:rgba(0, 0, 0, 0);color:#0b0b0b\" class=\"has-inline-color\"><strong>Architektonische Meisterwerke des Sezessionsstils:<\/strong><\/mark><\/p>\n\n\n\n<h2 class=\"wp-block-heading\" style=\"font-size:clamp(0.875em, 0.875rem + ((1vw - 0.2em) * 0.281), 1.1em);\"><mark style=\"background-color:rgba(0, 0, 0, 0);color:#0b0b0b\" class=\"has-inline-color\">Ich widme mich den herausragenden Beispielen des Wiener Jugendstils, auch Sezessionsstil genannt, die sich in Mariahilf und den angrenzenden Gebieten finden. Wir analysieren die revolution\u00e4re \u00c4sthetik von Architekten wie&nbsp;<strong>Otto Wagner<\/strong>&nbsp;und beleuchten, inwiefern die Abkehr vom Historismus als Spiegelbild eines allgemeinen gesellschaftlichen Aufbruchs um die Jahrhundertwende verstanden werden kann. Die detailreiche Ornamentik und die funktionalen Aspekte dieser Bauwerke werden fachkundig eingeordnet.<\/mark><\/h2>\n\n\n\n<h2 class=\"wp-block-heading\" style=\"font-size:clamp(0.875em, 0.875rem + ((1vw - 0.2em) * 0.531), 1.3em);\"><mark style=\"background-color:rgba(0, 0, 0, 0);color:#0b0b0b\" class=\"has-inline-color\"><strong>Einblicke in die <strong>Sozialhistorische Einblicke in die queere Kultur:<\/strong><\/strong><\/mark><\/h2>\n\n\n\n<h2 class=\"wp-block-heading\" style=\"font-size:clamp(0.875em, 0.875rem + ((1vw - 0.2em) * 0.281), 1.1em);\"><mark style=\"background-color:rgba(0, 0, 0, 0);color:#0b0b0b\" class=\"has-inline-color\">Die Tour beleuchtet die diskrete, aber pr\u00e4sente Sozialgeschichte der LGBTQ+ Gemeinschaft in dieser Epoche. Wir untersuchen die Verflechtungen zwischen der Boh\u00e8me, der Kunstszene und den fr\u00fchen Treffpunkten. Es wird dargestellt, wo sich queeres Leben angesichts der damaligen gesellschaftlichen und legalen Restriktionen entfaltete \u2013 oft im Schatten der Prachtstra\u00dfen, in Caf\u00e9s oder privaten Salons.<\/mark><\/h2>\n\n\n\n<p style=\"font-size:clamp(0.875em, 0.875rem + ((1vw - 0.2em) * 0.531), 1.3em);\"><strong><mark style=\"background-color:rgba(0, 0, 0, 0);color:#0b0b0b\" class=\"has-inline-color\"><mark style=\"background-color:rgba(0, 0, 0, 0);color:#0b0b0b\" class=\"has-inline-color\"><strong><strong>\u201eDer Sechste: Wo Wien Farbe bekennt\u201c<\/strong>.<\/strong><\/mark><\/mark><\/strong><\/p>\n\n\n\n<p style=\"font-size:clamp(0.875em, 0.875rem + ((1vw - 0.2em) * 0.281), 1.1em);\"><mark style=\"background-color:rgba(0, 0, 0, 0);color:#0b0b0b\" class=\"has-inline-color\">Wir ziehen die Linie von der Historie zur Gegenwart und stellen die heutige Bedeutung des 6. Bezirks als offenes, inklusives Viertel dar. Ich informiere Sie \u00fcber die wichtigen&nbsp;<strong>Anlaufstellen, Bars und Kulturzentren<\/strong>&nbsp;der heutigen Wiener Szene, die Mariahilf zu einem ihrer wichtigsten Zentren machen.<\/mark><br><br><mark style=\"background-color:rgba(0, 0, 0, 0);color:#0b0b0b\" class=\"has-inline-color\">\u201eDiese Stadt erz\u00e4hlt nicht nur von Kaisern und K\u00fcnstlern, sondern auch von Menschen, die gelernt haben, trotz Verbot sie selbst zu sein.\u201c<\/mark><\/p>\n<\/div>\n\n\n\n<div class=\"wp-block-group has-mono-3-background-color has-background has-superbfont-medium-font-size has-global-padding is-layout-constrained wp-container-core-group-is-layout-595ef9c5 wp-block-group-is-layout-constrained\" style=\"margin-top:var(--wp--preset--spacing--superbspacing-xxsmall);margin-bottom:var(--wp--preset--spacing--superbspacing-xxsmall);padding-top:var(--wp--preset--spacing--superbspacing-small);padding-right:var(--wp--preset--spacing--superbspacing-small);padding-bottom:var(--wp--preset--spacing--superbspacing-small);padding-left:var(--wp--preset--spacing--superbspacing-small)\">\n<p class=\"has-text-align-left has-mono-1-color has-text-color has-link-color wp-elements-4eba3b0355e474c16f3387fc15896f2c\" style=\"margin-top:0;margin-bottom:0\"><mark style=\"background-color:rgba(0, 0, 0, 0);color:#0b0b0b\" class=\"has-inline-color\">Start: Heldenplatz oder Staatsoper<br>Ende: Rosa Lila Villa bzw. R\u00fcdigerhof <br>Dauer circa 2 Std. L\u00e4nge 2,5 KM<br>Sprachen: Deutsch \/ English<\/mark><\/p>\n<\/div>\n\n\n\n<div class=\"wp-block-group has-background has-superbfont-medium-font-size has-global-padding is-layout-constrained wp-container-core-group-is-layout-595ef9c5 wp-block-group-is-layout-constrained\" style=\"background-color:#e6d08b;margin-top:var(--wp--preset--spacing--superbspacing-xxsmall);margin-bottom:var(--wp--preset--spacing--superbspacing-xxsmall);padding-top:var(--wp--preset--spacing--superbspacing-small);padding-right:var(--wp--preset--spacing--superbspacing-small);padding-bottom:var(--wp--preset--spacing--superbspacing-small);padding-left:var(--wp--preset--spacing--superbspacing-small)\">\n<p class=\"has-text-align-left has-mono-1-color has-text-color has-link-color wp-elements-e7ba3ba20206cf26c7ba4c6a4da9c351\" style=\"margin-top:0;margin-bottom:0;font-size:clamp(0.875em, 0.875rem + ((1vw - 0.2em) * 0.531), 1.3em);\"><mark style=\"background-color:rgba(0, 0, 0, 0);color:#0b0b0b\" class=\"has-inline-color\"><strong>Sei dabei!<\/strong><\/mark><\/p>\n\n\n\n<p class=\"has-mono-1-color has-text-color has-link-color wp-elements-865cf19d3957a40edc3a1603d6a91cea\" style=\"margin-top:var(--wp--preset--spacing--superbspacing-xxsmall);font-size:clamp(0.875em, 0.875rem + ((1vw - 0.2em) * 0.281), 1.1em);\"><mark style=\"background-color:rgba(0, 0, 0, 0);color:#0b0b0b\" class=\"has-inline-color\">Um die Buchung verbindlich vornehmen zu k\u00f6nnen, ben\u00f6tige ich lediglich folgende Angaben von Ihnen:<\/mark><\/p>\n\n\n\n<p class=\"has-mono-1-color has-text-color has-link-color wp-elements-478d0b16e51c0fe3d018d96d1c4766f7\" style=\"margin-top:var(--wp--preset--spacing--superbspacing-xxsmall);font-size:clamp(0.875em, 0.875rem + ((1vw - 0.2em) * 0.281), 1.1em);\"><\/p>\n\n\n\n<p><mark style=\"background-color:rgba(0, 0, 0, 0);color:#0b0b0b\" class=\"has-inline-color\"><strong>Ihr Wunschdatum und die Uhrzeit<\/strong>&nbsp;f\u00fcr den Beginn der F\u00fchrung.<\/mark><\/p>\n\n\n\n<p><mark style=\"background-color:rgba(0, 0, 0, 0);color:#0b0b0b\" class=\"has-inline-color\"><strong>Die ungef\u00e4hre Gruppengr\u00f6\u00dfe<\/strong>&nbsp;(falls relevant).<\/mark>  <mark style=\"background-color:rgba(0, 0, 0, 0);color:#0b0b0b\" class=\"has-inline-color\">Preis abh\u00e4ngig von der Gruppengr\u00f6\u00dfe<\/mark><br><br><mark style=\"background-color:rgba(0, 0, 0, 0);color:#0b0b0b\" class=\"has-inline-color\">Ich freue mich darauf, Ihnen diese einzigartige Perspektive auf Wien pr\u00e4sentieren zu d\u00fcrfen und stehe f\u00fcr R\u00fcckfragen jederzeit zur Verf\u00fcgung.<\/mark><\/p>\n\n\n\n<div class=\"wp-block-buttons is-layout-flex wp-block-buttons-is-layout-flex\">\n<div class=\"wp-block-button\"><a class=\"wp-block-button__link wp-element-button\" href=\"https:\/\/fremdenfuehrer.wien\/?page_id=340\">Contact<\/a><\/div>\n<\/div>\n<\/div>\n\n\n\n<p><\/p>\n\n\n\n<p><\/p>\n","protected":false},"excerpt":{"rendered":"<p>Wien um 1900 war ein Schmelztiegel des Aufbruchs \u2013 sowohl in der Kunst (Jugendstil\/Secession) als auch in den gesellschaftlichen Normen, wo sich im Verborgenen eine erste, vorsichtige queere Szene formierte. Station 01: Start Heldenplatz &#8211; Habsburgische Geheimnisse: Liebe am Kaiserhof &#8211; Dunkle Jahre 1938-1945Station 01: Die Staatsoper &amp; Der Ring \u2013 Das imperiale Korsett und [&hellip;]<\/p>\n","protected":false},"author":1,"featured_media":0,"parent":0,"menu_order":0,"comment_status":"closed","ping_status":"closed","template":"","meta":{"footnotes":""},"class_list":["post-806","page","type-page","status-publish","hentry"],"jetpack_sharing_enabled":true,"_links":{"self":[{"href":"https:\/\/fremdenfuehrer.wien\/index.php?rest_route=\/wp\/v2\/pages\/806","targetHints":{"allow":["GET"]}}],"collection":[{"href":"https:\/\/fremdenfuehrer.wien\/index.php?rest_route=\/wp\/v2\/pages"}],"about":[{"href":"https:\/\/fremdenfuehrer.wien\/index.php?rest_route=\/wp\/v2\/types\/page"}],"author":[{"embeddable":true,"href":"https:\/\/fremdenfuehrer.wien\/index.php?rest_route=\/wp\/v2\/users\/1"}],"replies":[{"embeddable":true,"href":"https:\/\/fremdenfuehrer.wien\/index.php?rest_route=%2Fwp%2Fv2%2Fcomments&post=806"}],"version-history":[{"count":56,"href":"https:\/\/fremdenfuehrer.wien\/index.php?rest_route=\/wp\/v2\/pages\/806\/revisions"}],"predecessor-version":[{"id":1927,"href":"https:\/\/fremdenfuehrer.wien\/index.php?rest_route=\/wp\/v2\/pages\/806\/revisions\/1927"}],"wp:attachment":[{"href":"https:\/\/fremdenfuehrer.wien\/index.php?rest_route=%2Fwp%2Fv2%2Fmedia&parent=806"}],"curies":[{"name":"wp","href":"https:\/\/api.w.org\/{rel}","templated":true}]}}