{"id":385,"date":"2025-10-29T20:30:15","date_gmt":"2025-10-29T19:30:15","guid":{"rendered":"https:\/\/fremdenfuehrer.wien\/?page_id=385"},"modified":"2025-12-29T17:12:14","modified_gmt":"2025-12-29T16:12:14","slug":"der-reisefuhrer","status":"publish","type":"page","link":"https:\/\/fremdenfuehrer.wien\/?page_id=385","title":{"rendered":""},"content":{"rendered":"\n<p><\/p>\n\n\n\n<div class=\"wp-block-cover\" style=\"padding-top:var(--wp--preset--spacing--superbspacing-medium);padding-right:0;padding-bottom:var(--wp--preset--spacing--superbspacing-medium);padding-left:0;min-height:383px;aspect-ratio:unset;\"><img loading=\"lazy\" decoding=\"async\" width=\"1170\" height=\"570\" class=\"wp-block-cover__image-background wp-image-1322 size-large\" alt=\"\" src=\"https:\/\/fremdenfuehrer.wien\/wp-content\/uploads\/2025\/11\/gesenkte-sau-1-1170x570.jpg\" data-object-fit=\"cover\"\/><span aria-hidden=\"true\" class=\"wp-block-cover__background has-background-dim-40 has-background-dim\" style=\"background-color:#413c34\"><\/span><div class=\"wp-block-cover__inner-container is-layout-flow wp-block-cover-is-layout-flow\">\n<div class=\"wp-block-group has-global-padding is-layout-constrained wp-container-core-group-is-layout-75bc714d wp-block-group-is-layout-constrained\" style=\"padding-top:0;padding-right:var(--wp--preset--spacing--superbspacing-small);padding-bottom:0;padding-left:var(--wp--preset--spacing--superbspacing-small)\">\n<div class=\"wp-block-group has-global-padding is-content-justification-center is-layout-constrained wp-container-core-group-is-layout-fdf4018a wp-block-group-is-layout-constrained\" style=\"margin-top:0;margin-bottom:0\">\n<h1 superb-addons-animation=\"fadeInLeft\" class=\"wp-block-heading has-text-align-center has-text-color has-superbfont-xxlarge-font-size\" style=\"border-style:none;border-width:0px;color:#fdfdfd;font-style:normal;font-weight:400;opacity: 0;\"><strong><mark style=\"background-color:#fcb900;color:#fcb900\" class=\"has-inline-color\">.<\/mark><\/strong><mark style=\"\" class=\"has-inline-color\"><strong style=\"color: rgb(11, 11, 11); background-color: rgb(252, 185, 0);\"> Wien<\/strong><font color=\"#0b0b0b\"><span style=\"background-color: rgb(252, 185, 0);\"> &amp; LGBTQ+ <\/span><\/font><\/mark><mark style=\"background-color:#fcb900;color:#fcb900\" class=\"has-inline-color\">.<\/mark><\/h1>\n\n\n\n<p superb-addons-animation=\"fadeInRight\" class=\"has-text-align-center has-luminous-vivid-amber-color has-text-color has-superbfont-small-font-size\" style=\"margin-bottom:var(--wp--preset--spacing--superbspacing-small);opacity: 0;\"><mark style=\"background-color:#fcb900;color:#0b0b0b\" class=\"has-inline-color\"> Wien abseits der klassischen Sehensw\u00fcrdigkeiten! Queer is nice! <br><\/mark><mark style=\"background-color:#fcb900;color:#fcb900\" class=\"has-inline-color\">..<\/mark><mark style=\"background-color:#fcb900;color:#0b0b0b\" class=\"has-inline-color\">A bissi was anders kann ned schaden!<\/mark><mark style=\"background-color:#fcb900\" class=\"has-inline-color\">..<\/mark><\/p>\n<\/div>\n<\/div>\n<\/div><\/div>\n\n\n\n<div class=\"wp-block-group has-mono-3-background-color has-background has-superbfont-medium-font-size has-global-padding is-layout-constrained wp-container-core-group-is-layout-6d33c453 wp-block-group-is-layout-constrained\" style=\"margin-top:var(--wp--preset--spacing--superbspacing-xxsmall);margin-bottom:var(--wp--preset--spacing--superbspacing-xxsmall);padding-top:var(--wp--preset--spacing--superbspacing-small);padding-right:var(--wp--preset--spacing--superbspacing-small);padding-bottom:var(--wp--preset--spacing--superbspacing-small);padding-left:var(--wp--preset--spacing--superbspacing-small)\">\n<p class=\"has-text-align-left has-mono-1-color has-text-color has-link-color wp-elements-95273a839ead4bcda85eb502d1d3f776\" style=\"margin-top:0;margin-bottom:0;font-size:clamp(1.25em, 1.25rem + ((1vw - 0.2em) * 0.938), 2em);\"><mark style=\"background-color:rgba(0, 0, 0, 0);color:#0b0b0b\" class=\"has-inline-color\"><strong>Die etwas andere Fremdenf\u00fchrerin<\/strong><\/mark><\/p>\n\n\n\n<p class=\"has-primary-color has-text-color has-link-color wp-elements-7615e2af03846eade23a7076b3221290\" style=\"margin-top:var(--wp--preset--spacing--superbspacing-xxsmall);font-size:clamp(0.875em, 0.875rem + ((1vw - 0.2em) * 0.406), 1.2em);\">Es freut mich au\u00dferordentlich, Ihnen als fachkundige&nbsp;<strong>LGBTQ+ Fremdenf\u00fchrerin<\/strong>&nbsp;mit umfassendem Wissen und tiefem Verst\u00e4ndnis f\u00fcr die Historie Wiens zur Seite stehen zu d\u00fcrfen.<\/p>\n\n\n\n<p class=\"has-primary-color has-text-color has-link-color wp-elements-c5616fa4c5cd14f82c01eedabaaaad35\" style=\"margin-top:var(--wp--preset--spacing--superbspacing-xxsmall);font-size:clamp(0.875em, 0.875rem + ((1vw - 0.2em) * 0.406), 1.2em);\">Meine Konzeption einer thematisch gemischten F\u00fchrung, welche den&nbsp;<strong>Jugendstil<\/strong>&nbsp;mit der Geschichte und Gegenwart der&nbsp;<strong>queeren Kultur<\/strong>&nbsp;im&nbsp;<strong>sechsten Bezirk (Mariahilf)<\/strong>&nbsp;verbindet, ist nicht nur ausgezeichnet, sondern verspricht ein kulturell und historisch besonders reiches Erlebnis.<\/p>\n\n\n\n<p class=\"has-primary-color has-text-color has-link-color wp-elements-9095c34dfda114c77863d1ab5696a687\" style=\"margin-top:var(--wp--preset--spacing--superbspacing-xxsmall);font-size:clamp(0.875em, 0.875rem + ((1vw - 0.2em) * 0.406), 1.2em);\">Informieren Sie sich \u00fcber diese spezialisierte, anspruchsvolle Tour, die \u00c4sthetik, Sozialgeschichte und die Urbanit\u00e4t Wiens elegant verkn\u00fcpft.<\/p>\n<\/div>\n\n\n\n<div class=\"wp-block-group alignfull has-mono-4-background-color has-background has-global-padding is-layout-constrained wp-container-core-group-is-layout-11d0b287 wp-block-group-is-layout-constrained\" style=\"margin-top:0;margin-bottom:0;padding-top:var(--wp--preset--spacing--superbspacing-xlarge);padding-right:var(--wp--preset--spacing--superbspacing-small);padding-bottom:var(--wp--preset--spacing--superbspacing-xlarge);padding-left:var(--wp--preset--spacing--superbspacing-small)\">\n<div class=\"wp-block-columns alignwide is-layout-flex wp-container-core-columns-is-layout-f9d87e41 wp-block-columns-is-layout-flex\">\n<div class=\"wp-block-column is-vertically-aligned-center is-layout-flow wp-container-core-column-is-layout-db2cb278 wp-block-column-is-layout-flow\" style=\"flex-basis:25%\">\n<figure class=\"wp-block-image aligncenter size-full has-custom-border\"><a href=\"https:\/\/fremdenfuehrer.wien\/?page_id=806\"><img loading=\"lazy\" decoding=\"async\" width=\"800\" height=\"969\" src=\"https:\/\/fremdenfuehrer.wien\/wp-content\/uploads\/2025\/11\/gelaender.jpg\" alt=\"\" class=\"wp-image-1337\" style=\"border-radius:0px;object-fit:cover\" srcset=\"https:\/\/fremdenfuehrer.wien\/wp-content\/uploads\/2025\/11\/gelaender.jpg 800w, https:\/\/fremdenfuehrer.wien\/wp-content\/uploads\/2025\/11\/gelaender-480x581.jpg 480w\" sizes=\"auto, (max-width: 800px) 100vw, 800px\" \/><\/a><\/figure>\n\n\n\n<div class=\"wp-block-group has-global-padding is-layout-constrained wp-container-core-group-is-layout-19e250f3 wp-block-group-is-layout-constrained\">\n<div class=\"wp-block-group has-global-padding is-layout-constrained wp-container-core-group-is-layout-19e250f3 wp-block-group-is-layout-constrained\">\n<h3 class=\"wp-block-heading has-text-align-center has-contrast-color has-text-color\" style=\"margin-top:var(--wp--preset--spacing--superbspacing-xxsmall);font-size:clamp(15.747px, 0.984rem + ((1vw - 3.2px) * 0.645), 24px);\">Jugendstil &amp; <br>Queer<\/h3>\n<\/div>\n\n\n\n<p class=\"has-text-align-center has-mono-2-color has-text-color\" style=\"margin-top:5px;margin-bottom:0;font-size:clamp(14px, 0.875rem + ((1vw - 3.2px) * 0.313), 18px);\">2 Std.<br><\/p>\n\n\n\n<div class=\"wp-block-buttons is-content-justification-center is-layout-flex wp-container-core-buttons-is-layout-a89b3969 wp-block-buttons-is-layout-flex\">\n<div class=\"wp-block-button\"><a class=\"wp-block-button__link wp-element-button\" href=\"https:\/\/fremdenfuehrer.wien\/?page_id=806\">Tour-Infos<\/a><\/div>\n<\/div>\n<\/div>\n<\/div>\n\n\n\n<div class=\"wp-block-column is-vertically-aligned-center is-layout-flow wp-container-core-column-is-layout-db2cb278 wp-block-column-is-layout-flow\" style=\"flex-basis:25%\">\n<figure class=\"wp-block-image aligncenter size-full has-custom-border\"><a href=\"https:\/\/fremdenfuehrer.wien\/wp-admin\/post.php?post=1395&amp;action=edit\"><img loading=\"lazy\" decoding=\"async\" width=\"800\" height=\"969\" src=\"https:\/\/fremdenfuehrer.wien\/wp-content\/uploads\/2025\/11\/ampel-queer.jpg\" alt=\"\" class=\"wp-image-1332\" style=\"border-radius:0px;object-fit:cover\" srcset=\"https:\/\/fremdenfuehrer.wien\/wp-content\/uploads\/2025\/11\/ampel-queer.jpg 800w, https:\/\/fremdenfuehrer.wien\/wp-content\/uploads\/2025\/11\/ampel-queer-480x581.jpg 480w\" sizes=\"auto, (max-width: 800px) 100vw, 800px\" \/><\/a><\/figure>\n\n\n\n<div class=\"wp-block-group has-global-padding is-layout-constrained wp-container-core-group-is-layout-19e250f3 wp-block-group-is-layout-constrained\">\n<div class=\"wp-block-group has-global-padding is-layout-constrained wp-container-core-group-is-layout-19e250f3 wp-block-group-is-layout-constrained\">\n<h3 class=\"wp-block-heading has-text-align-center has-contrast-color has-text-color\" style=\"margin-top:var(--wp--preset--spacing--superbspacing-xxsmall);font-size:clamp(15.747px, 0.984rem + ((1vw - 3.2px) * 0.645), 24px);\">Wiens <br>Queere Welt<\/h3>\n<\/div>\n\n\n\n<p class=\"has-text-align-center has-mono-2-color has-text-color\" style=\"margin-top:5px;margin-bottom:0;font-size:clamp(14px, 0.875rem + ((1vw - 3.2px) * 0.313), 18px);\">noch unbekannt<br><\/p>\n\n\n\n<div class=\"wp-block-buttons is-content-justification-center is-layout-flex wp-container-core-buttons-is-layout-a89b3969 wp-block-buttons-is-layout-flex\">\n<div class=\"wp-block-button\"><a class=\"wp-block-button__link wp-element-button\" href=\"https:\/\/fremdenfuehrer.wien\/wp-admin\/post.php?post=1395&amp;action=edit\">In K\u00fcrze<\/a><\/div>\n<\/div>\n<\/div>\n<\/div>\n\n\n\n<div class=\"wp-block-column is-vertically-aligned-center is-layout-flow wp-container-core-column-is-layout-db2cb278 wp-block-column-is-layout-flow\" style=\"flex-basis:25%\">\n<figure class=\"wp-block-image aligncenter size-full has-custom-border\"><img loading=\"lazy\" decoding=\"async\" width=\"800\" height=\"969\" src=\"https:\/\/fremdenfuehrer.wien\/wp-content\/uploads\/2025\/11\/engel.png\" alt=\"\" class=\"wp-image-1505\" style=\"border-radius:0px;object-fit:cover\" srcset=\"https:\/\/fremdenfuehrer.wien\/wp-content\/uploads\/2025\/11\/engel.png 800w, https:\/\/fremdenfuehrer.wien\/wp-content\/uploads\/2025\/11\/engel-480x581.png 480w\" sizes=\"auto, (max-width: 800px) 100vw, 800px\" \/><\/figure>\n\n\n\n<div class=\"wp-block-group has-global-padding is-layout-constrained wp-container-core-group-is-layout-19e250f3 wp-block-group-is-layout-constrained\">\n<div class=\"wp-block-group has-global-padding is-layout-constrained wp-container-core-group-is-layout-19e250f3 wp-block-group-is-layout-constrained\">\n<h3 class=\"wp-block-heading has-text-align-center has-contrast-color has-text-color\" style=\"margin-top:var(--wp--preset--spacing--superbspacing-xxsmall);font-size:clamp(15.747px, 0.984rem + ((1vw - 3.2px) * 0.645), 24px);\">Habsburg `s<br> queerer Tod<\/h3>\n<\/div>\n\n\n\n<p class=\"has-text-align-center has-mono-2-color has-text-color\" style=\"margin-top:5px;margin-bottom:0;font-size:clamp(14px, 0.875rem + ((1vw - 3.2px) * 0.313), 18px);\">noch unbekannt<br><\/p>\n\n\n\n<div class=\"wp-block-buttons is-content-justification-center is-layout-flex wp-container-core-buttons-is-layout-a89b3969 wp-block-buttons-is-layout-flex\">\n<div class=\"wp-block-button\"><a class=\"wp-block-button__link wp-element-button\" href=\"https:\/\/fremdenfuehrer.wien\/?page_id=1745\">In K\u00fcrze<\/a><\/div>\n<\/div>\n<\/div>\n<\/div>\n\n\n\n<div class=\"wp-block-column is-vertically-aligned-center is-layout-flow wp-container-core-column-is-layout-db2cb278 wp-block-column-is-layout-flow\" style=\"flex-basis:25%\">\n<figure class=\"wp-block-image aligncenter size-full has-custom-border\"><img loading=\"lazy\" decoding=\"async\" width=\"800\" height=\"969\" src=\"https:\/\/fremdenfuehrer.wien\/wp-content\/uploads\/2025\/11\/alte-fassade.jpg\" alt=\"\" class=\"wp-image-1340\" style=\"border-radius:0px;object-fit:cover\" srcset=\"https:\/\/fremdenfuehrer.wien\/wp-content\/uploads\/2025\/11\/alte-fassade.jpg 800w, https:\/\/fremdenfuehrer.wien\/wp-content\/uploads\/2025\/11\/alte-fassade-480x581.jpg 480w\" sizes=\"auto, (max-width: 800px) 100vw, 800px\" \/><\/figure>\n\n\n\n<div class=\"wp-block-group has-global-padding is-layout-constrained wp-container-core-group-is-layout-19e250f3 wp-block-group-is-layout-constrained\">\n<div class=\"wp-block-group has-global-padding is-layout-constrained wp-container-core-group-is-layout-19e250f3 wp-block-group-is-layout-constrained\">\n<h3 class=\"wp-block-heading has-text-align-center has-contrast-color has-text-color\" style=\"margin-top:var(--wp--preset--spacing--superbspacing-xxsmall);font-size:clamp(15.747px, 0.984rem + ((1vw - 3.2px) * 0.645), 24px);\">Wien mal nicht so <br>kaiserlich!<\/h3>\n<\/div>\n\n\n\n<p class=\"has-text-align-center has-mono-2-color has-text-color\" style=\"margin-top:5px;margin-bottom:0;font-size:clamp(14px, 0.875rem + ((1vw - 3.2px) * 0.313), 18px);\">noch unbekannt<br><\/p>\n\n\n\n<div class=\"wp-block-buttons is-content-justification-center is-layout-flex wp-container-core-buttons-is-layout-a89b3969 wp-block-buttons-is-layout-flex\">\n<div class=\"wp-block-button\"><a class=\"wp-block-button__link wp-element-button\" href=\"https:\/\/fremdenfuehrer.wien\/?page_id=1748\">In K\u00fcrze<\/a><\/div>\n<\/div>\n<\/div>\n<\/div>\n<\/div>\n<\/div>\n\n\n\n<div class=\"wp-block-group has-mono-3-background-color has-background has-superbfont-medium-font-size has-global-padding is-layout-constrained wp-container-core-group-is-layout-6d33c453 wp-block-group-is-layout-constrained\" style=\"margin-top:var(--wp--preset--spacing--superbspacing-xxsmall);margin-bottom:var(--wp--preset--spacing--superbspacing-xxsmall);padding-top:var(--wp--preset--spacing--superbspacing-small);padding-right:var(--wp--preset--spacing--superbspacing-small);padding-bottom:var(--wp--preset--spacing--superbspacing-small);padding-left:var(--wp--preset--spacing--superbspacing-small)\">\n<p class=\"has-text-align-left has-mono-1-color has-text-color has-link-color wp-elements-ff082400393b43341f48ed7ad09cba2e\" style=\"margin-top:0;margin-bottom:0;font-size:clamp(1.25em, 1.25rem + ((1vw - 0.2em) * 0.938), 2em);\"><mark style=\"background-color:rgba(0, 0, 0, 0);color:#0b0b0b\" class=\"has-inline-color\"><strong><mark style=\"background-color:rgba(0, 0, 0, 0);color:#0b0b0b\" class=\"has-inline-color\"><strong>Wien mit einer einzigartigen Perspektive<\/strong><\/mark><\/strong><\/mark><\/p>\n\n\n\n<p class=\"has-primary-color has-text-color has-link-color wp-elements-e53f9d598613386370e84794b9fc0b68\" style=\"margin-top:var(--wp--preset--spacing--superbspacing-xxsmall);font-size:clamp(0.875em, 0.875rem + ((1vw - 0.2em) * 0.406), 1.2em);\">Als transgender Frau und erfahrene Austria Guide zeige ich Ihnen Wien aus einer Perspektive, die \u00fcber die klassischen Erz\u00e4hlungen hinausgeht. Die Stadt birgt eine reiche, oft verborgende Queer History, von kaiserlichen Skandalen bis zu den Wiederst\u00e4nden und Erfolgen der modernen LGBTQ+ Community. Entdecken Sie mit mir die historischen Treffpunkte, die Geschichten der Pioniere und die pulsierenden Safe Spaces des heutigen Wiens.<\/p>\n\n\n\n<p class=\"has-primary-color has-text-color has-link-color wp-elements-ab93fc10a23f86881460ae4d838c0e71\" style=\"margin-top:var(--wp--preset--spacing--superbspacing-xxsmall);font-size:clamp(0.875em, 0.875rem + ((1vw - 0.2em) * 0.406), 1.2em);\">Meine F\u00fchrungen sind nicht nur informativ, sondern immer auch ein offener Raum, in dem Sie sich zu 100% willkommen und gesehen f\u00fchlen.<br><br>Buchen Sie eine Tour, die wirklich alle Facetten dieser Stadt beleuchtet.<\/p>\n\n\n\n<div class=\"wp-block-buttons is-layout-flex wp-block-buttons-is-layout-flex\">\n<div class=\"wp-block-button\"><a class=\"wp-block-button__link wp-element-button\" href=\"https:\/\/fremdenfuehrer.wien\/?page_id=340\">Contact<\/a><\/div>\n<\/div>\n<\/div>\n\n\n\n<p><\/p>\n\n\n\n<p><\/p>\n","protected":false},"excerpt":{"rendered":"<p>Die etwas andere Fremdenf\u00fchrerin Es freut mich au\u00dferordentlich, Ihnen als fachkundige&nbsp;LGBTQ+ Fremdenf\u00fchrerin&nbsp;mit umfassendem Wissen und tiefem Verst\u00e4ndnis f\u00fcr die Historie Wiens zur Seite stehen zu d\u00fcrfen. Meine Konzeption einer thematisch gemischten F\u00fchrung, welche den&nbsp;Jugendstil&nbsp;mit der Geschichte und Gegenwart der&nbsp;queeren Kultur&nbsp;im&nbsp;sechsten Bezirk (Mariahilf)&nbsp;verbindet, ist nicht nur ausgezeichnet, sondern verspricht ein kulturell und historisch besonders reiches Erlebnis. [&hellip;]<\/p>\n","protected":false},"author":1,"featured_media":0,"parent":0,"menu_order":0,"comment_status":"closed","ping_status":"closed","template":"","meta":{"footnotes":""},"class_list":["post-385","page","type-page","status-publish","hentry"],"jetpack_sharing_enabled":true,"_links":{"self":[{"href":"https:\/\/fremdenfuehrer.wien\/index.php?rest_route=\/wp\/v2\/pages\/385","targetHints":{"allow":["GET"]}}],"collection":[{"href":"https:\/\/fremdenfuehrer.wien\/index.php?rest_route=\/wp\/v2\/pages"}],"about":[{"href":"https:\/\/fremdenfuehrer.wien\/index.php?rest_route=\/wp\/v2\/types\/page"}],"author":[{"embeddable":true,"href":"https:\/\/fremdenfuehrer.wien\/index.php?rest_route=\/wp\/v2\/users\/1"}],"replies":[{"embeddable":true,"href":"https:\/\/fremdenfuehrer.wien\/index.php?rest_route=%2Fwp%2Fv2%2Fcomments&post=385"}],"version-history":[{"count":59,"href":"https:\/\/fremdenfuehrer.wien\/index.php?rest_route=\/wp\/v2\/pages\/385\/revisions"}],"predecessor-version":[{"id":1922,"href":"https:\/\/fremdenfuehrer.wien\/index.php?rest_route=\/wp\/v2\/pages\/385\/revisions\/1922"}],"wp:attachment":[{"href":"https:\/\/fremdenfuehrer.wien\/index.php?rest_route=%2Fwp%2Fv2%2Fmedia&parent=385"}],"curies":[{"name":"wp","href":"https:\/\/api.w.org\/{rel}","templated":true}]}}