{"id":360,"date":"2025-10-28T22:56:43","date_gmt":"2025-10-28T21:56:43","guid":{"rendered":"https:\/\/fremdenfuehrer.wien\/?page_id=360"},"modified":"2025-11-15T20:31:02","modified_gmt":"2025-11-15T19:31:02","slug":"impressum-2","status":"publish","type":"page","link":"https:\/\/fremdenfuehrer.wien\/?page_id=360","title":{"rendered":"Impressum"},"content":{"rendered":"\n<p><mark style=\"background-color:rgba(0, 0, 0, 0);color:#0b0b0b\" class=\"has-inline-color\"><strong>Impressum<\/strong><br><br>Angaben gem\u00e4\u00df \u00a7 5 E-Commerce-Gesetz (ECG) und \u00a7 63 Gewerbeordnung (GewO):<br>Inhaberin:\u2028Martina Krause<br>Gewerbe:\u2028Fremdenf\u00fchrerin (staatlich befugte und beeidete Fremdenf\u00fchrerin)<br>Firmenanschrift:\u2028<br>Martina Krause, Mittelgasse 27\/10, 1060Wien, \u00d6sterreich<br>Kontakt:\u2028Telefon: +43\/650\/4138666<br>E-Mail: <a href=\"mailto:martina-krause@gmx.at\">martina-krause@gmx.at<\/a><br>Website: www.fremdenfuehrer.wien<br><br>Beh\u00f6rde gem\u00e4\u00df ECG:\u2028Magistratisches Bezirksamt f\u00fcr den sechsten Bezirk]von Wien<br>Mitglied der Wirtschaftskammer:\u2028Wirtschaftskammer Wien, Fachgruppe Fremdenf\u00fchrer (in Arbeit)<br>UID-Nummer:\u2028Kleinunternehmerregelung, daher Umsatzsteuerberfreit<br>Berufsrechtliche Vorschriften:\u2028Gewerbeordnung (www.ris.bka.gv.at)<br>Haftungsausschluss:\u2028Trotz sorgf\u00e4ltiger inhaltlicher Kontrolle wird keine Haftung f\u00fcr die Inhalte externer Links \u00fcbernommen. F\u00fcr den Inhalt der verlinkten Seiten sind ausschlie\u00dflich deren Betreiber verantwortlich.<br>Urheberrecht:\u2028Alle Inhalte dieser Website, insbesondere Texte, Fotos und Grafiken, sind urheberrechtlich gesch\u00fctzt. Die Verwendung bedarf der ausdr\u00fccklichen Zustimmung der Inhaberin.<\/mark><\/p>\n\n\n\n<p><mark style=\"background-color:rgba(0, 0, 0, 0);color:#0b0b0b\" class=\"has-inline-color\">Datenschutzerkl\u00e4rung<br>Angaben gem\u00e4\u00df Art. 13 und 14 Datenschutz-Grundverordnung (DSGVO):<br>Verantwortlich f\u00fcr die Datenverarbeitung:\u2028Martina Krause\u2028Fremdenf\u00fchrerin\u2028, Mittelgasse 27\/10, 1060 Wien, \u00d6sterreich<br>Kontakt:\u2028Telefon: +43\/650\/4138666<br>E-Mail:martina-krause@gmx.at<br>Website: www.fremdenfuehrer.wien<\/mark><\/p>\n\n\n\n<ol class=\"wp-block-list\">\n<li class=\"has-primary-color has-text-color has-link-color wp-elements-52fb15dd6f5cd5948dadd1a26e58a178\">Allgemeines<br>Der Schutz Ihrer pers\u00f6nlichen Daten ist mir ein besonderes Anliegen. Ich,&nbsp;Martina Krause, verarbeite Ihre Daten ausschlie\u00dflich auf Grundlage der gesetzlichen Bestimmungen (DSGVO, DSG, TKG 2021).<br>In dieser Datenschutzerkl\u00e4rung informiere ich Sie \u00fcber die wichtigsten Aspekte der Datenverarbeitung im Rahmen meiner Website.<\/li>\n\n\n\n<li class=\"has-primary-color has-text-color has-link-color wp-elements-451fe5756570c4a63ccefb186e3cb28c\">Erhebung und Verarbeitung personenbezogener Daten<br>Personenbezogene Daten werden nur verarbeitet, wenn Sie mir diese freiwillig mitteilen \u2013 etwa durch eine Anfrage per E-Mail, Telefon oder Kontaktformular.\u2028Zu diesen Daten k\u00f6nnen z\u00e4hlen:<br>\u2022 Name<br>\u2022 E-Mail-Adresse<br>\u2022 Telefonnummer<br>\u2022 Buchungs- und Tourinformationen<br>Diese Daten werden ausschlie\u00dflich zur Bearbeitung Ihrer Anfrage bzw. zur Erf\u00fcllung eines Vertrags (z. B. Buchung einer F\u00fchrung) verwendet.<\/li>\n\n\n\n<li class=\"has-primary-color has-text-color has-link-color wp-elements-2094e4fe21a16808e5ab12629b54d470\">Zweck und Rechtsgrundlage der Verarbeitung<br>Ihre Daten werden verarbeitet, um:<br>\u2022 Ihre Anfragen zu beantworten,<br>\u2022 Buchungen und Leistungen abzuwickeln,<br>\u2022 gesetzliche Verpflichtungen zu erf\u00fcllen (z. B. steuerliche Aufbewahrungspflichten).<br>Rechtsgrundlagen gem\u00e4\u00df DSGVO sind insbesondere Art. 6 Abs. 1 lit. a (Einwilligung), lit. b (Vertragserf\u00fcllung) und lit. c (rechtliche Verpflichtung).<\/li>\n\n\n\n<li class=\"has-primary-color has-text-color has-link-color wp-elements-e74b747ca0539662c0bc84c3efbe39a6\">Weitergabe von Daten<br>Eine \u00dcbermittlung Ihrer Daten an Dritte erfolgt&nbsp;nicht, es sei denn, dies ist zur Vertragserf\u00fcllung erforderlich (z. B. an Kooperationspartner) oder es besteht eine gesetzliche Verpflichtung dazu.<\/li>\n\n\n\n<li class=\"has-primary-color has-text-color has-link-color wp-elements-300a56d63500c4580f8c6ba793684f66\">Speicherdauer<br>Personenbezogene Daten werden nur so lange gespeichert, wie dies zur Erf\u00fcllung der genannten Zwecke notwendig ist oder gesetzliche Aufbewahrungsfristen bestehen.\u2028Nach Ablauf dieser Fristen werden die Daten gel\u00f6scht oder anonymisiert.<\/li>\n\n\n\n<li class=\"has-primary-color has-text-color has-link-color wp-elements-23a24a479823319f783cd23ae5548e97\">Ihre Rechte<br>Sie haben jederzeit das Recht auf:<br>\u2022 Auskunft&nbsp;(Art. 15 DSGVO)<br>\u2022 Berichtigung&nbsp;(Art. 16 DSGVO)<br>\u2022 L\u00f6schung&nbsp;(Art. 17 DSGVO)<br>\u2022 Einschr\u00e4nkung der Verarbeitung&nbsp;(Art. 18 DSGVO)<br>\u2022 Daten\u00fcbertragbarkeit&nbsp;(Art. 20 DSGVO)<br>\u2022 Widerspruch&nbsp;(Art. 21 DSGVO)<br>Wenn Sie eines dieser Rechte aus\u00fcben m\u00f6chten, wenden Sie sich bitte an:\u2028E-Mail:&nbsp;[E-Mail-Adresse einf\u00fcgen]<\/li>\n\n\n\n<li class=\"has-primary-color has-text-color has-link-color wp-elements-1125579a528a80fa3a66075d1ebb4b72\">Cookies und Webanalyse<br>Diese Website verwendet&nbsp;nur technisch notwendige Cookies, um den Betrieb der Seite sicherzustellen.\u2028Es erfolgt&nbsp;keine Analyse des Nutzerverhaltens.<br>(Hinweis: Falls zuk\u00fcnftig Google Analytics, Google Maps oder ein anderes Tracking-Tool verwendet wird, muss dieser Abschnitt entsprechend erg\u00e4nzt werden.)<\/li>\n\n\n\n<li class=\"has-primary-color has-text-color has-link-color wp-elements-28eec10a4c8b6027c41c08e351f29bb6\">Datensicherheit<br>Ich setze technische und organisatorische Sicherheitsma\u00dfnahmen ein, um Ihre personenbezogenen Daten vor Verlust, unbefugtem Zugriff und Missbrauch zu sch\u00fctzen.<\/li>\n\n\n\n<li class=\"has-primary-color has-text-color has-link-color wp-elements-a327d5a3c508fb02446696a0c9a9786b\">Links zu externen Websites<br>Meine Website enth\u00e4lt m\u00f6glicherweise Links zu anderen Websites. F\u00fcr die Inhalte und Datenschutzpraktiken dieser Anbieter \u00fcbernehme ich keine Verantwortung.<\/li>\n\n\n\n<li class=\"has-primary-color has-text-color has-link-color wp-elements-33dbf310ced98555d38d231fac15be82\">Beschwerderecht<br>Wenn Sie der Ansicht sind, dass die Verarbeitung Ihrer Daten gegen das Datenschutzrecht verst\u00f6\u00dft, haben Sie das Recht, sich bei der zust\u00e4ndigen Aufsichtsbeh\u00f6rde zu beschweren:<br>\u00d6sterreichische Datenschutzbeh\u00f6rde\u2028Barichgasse 40\u201342\u20281030 Wien\u2028Web:&nbsp;www.dsb.gv.at<\/li>\n<\/ol>\n","protected":false},"excerpt":{"rendered":"<p>Impressum Angaben gem\u00e4\u00df \u00a7 5 E-Commerce-Gesetz (ECG) und \u00a7 63 Gewerbeordnung (GewO):Inhaberin:\u2028Martina KrauseGewerbe:\u2028Fremdenf\u00fchrerin (staatlich befugte und beeidete Fremdenf\u00fchrerin)Firmenanschrift:\u2028Martina Krause, Mittelgasse 27\/10, 1060Wien, \u00d6sterreichKontakt:\u2028Telefon: +43\/650\/4138666E-Mail: martina-krause@gmx.atWebsite: www.fremdenfuehrer.wien Beh\u00f6rde gem\u00e4\u00df ECG:\u2028Magistratisches Bezirksamt f\u00fcr den sechsten Bezirk]von WienMitglied der Wirtschaftskammer:\u2028Wirtschaftskammer Wien, Fachgruppe Fremdenf\u00fchrer (in Arbeit)UID-Nummer:\u2028Kleinunternehmerregelung, daher UmsatzsteuerberfreitBerufsrechtliche Vorschriften:\u2028Gewerbeordnung (www.ris.bka.gv.at)Haftungsausschluss:\u2028Trotz sorgf\u00e4ltiger inhaltlicher Kontrolle wird keine Haftung f\u00fcr die Inhalte [&hellip;]<\/p>\n","protected":false},"author":1,"featured_media":0,"parent":0,"menu_order":0,"comment_status":"closed","ping_status":"closed","template":"","meta":{"footnotes":""},"class_list":["post-360","page","type-page","status-publish","hentry"],"jetpack_sharing_enabled":true,"_links":{"self":[{"href":"https:\/\/fremdenfuehrer.wien\/index.php?rest_route=\/wp\/v2\/pages\/360","targetHints":{"allow":["GET"]}}],"collection":[{"href":"https:\/\/fremdenfuehrer.wien\/index.php?rest_route=\/wp\/v2\/pages"}],"about":[{"href":"https:\/\/fremdenfuehrer.wien\/index.php?rest_route=\/wp\/v2\/types\/page"}],"author":[{"embeddable":true,"href":"https:\/\/fremdenfuehrer.wien\/index.php?rest_route=\/wp\/v2\/users\/1"}],"replies":[{"embeddable":true,"href":"https:\/\/fremdenfuehrer.wien\/index.php?rest_route=%2Fwp%2Fv2%2Fcomments&post=360"}],"version-history":[{"count":7,"href":"https:\/\/fremdenfuehrer.wien\/index.php?rest_route=\/wp\/v2\/pages\/360\/revisions"}],"predecessor-version":[{"id":1567,"href":"https:\/\/fremdenfuehrer.wien\/index.php?rest_route=\/wp\/v2\/pages\/360\/revisions\/1567"}],"wp:attachment":[{"href":"https:\/\/fremdenfuehrer.wien\/index.php?rest_route=%2Fwp%2Fv2%2Fmedia&parent=360"}],"curies":[{"name":"wp","href":"https:\/\/api.w.org\/{rel}","templated":true}]}}