{"id":340,"date":"2025-10-28T22:07:04","date_gmt":"2025-10-28T21:07:04","guid":{"rendered":"https:\/\/fremdenfuehrer.wien\/?page_id=340"},"modified":"2026-04-28T17:30:53","modified_gmt":"2026-04-28T15:30:53","slug":"contact","status":"publish","type":"page","link":"https:\/\/fremdenfuehrer.wien\/?page_id=340","title":{"rendered":"Kontakt"},"content":{"rendered":"\n<div class=\"wp-block-group alignfull has-mono-3-background-color has-background has-global-padding is-layout-constrained wp-container-core-group-is-layout-4f5e4b92 wp-block-group-is-layout-constrained\" style=\"margin-top:0;margin-bottom:0;padding-top:var(--wp--preset--spacing--superbspacing-large);padding-right:var(--wp--preset--spacing--superbspacing-small);padding-bottom:var(--wp--preset--spacing--superbspacing-large);padding-left:var(--wp--preset--spacing--superbspacing-small)\">\n<div class=\"wp-block-columns alignwide is-layout-flex wp-container-core-columns-is-layout-83cf590f wp-block-columns-is-layout-flex\">\n<div class=\"wp-block-column is-vertically-aligned-center is-layout-flow wp-container-core-column-is-layout-40a2a7e8 wp-block-column-is-layout-flow\" style=\"padding-right:0;padding-bottom:0;padding-left:0\">\n<figure class=\"wp-block-image size-large is-style-default wp-duotone-unset-1\"><img loading=\"lazy\" decoding=\"async\" width=\"700\" height=\"570\" src=\"https:\/\/fremdenfuehrer.wien\/wp-content\/uploads\/2025\/10\/me-13-700x570.jpg\" alt=\"\" class=\"wp-image-481\"\/><\/figure>\n<\/div>\n\n\n\n<div class=\"wp-block-column is-vertically-aligned-center is-layout-flow wp-container-core-column-is-layout-30be4402 wp-block-column-is-layout-flow\">\n<div class=\"wp-block-group has-global-padding is-layout-constrained wp-container-core-group-is-layout-c40a8074 wp-block-group-is-layout-constrained\">\n<h2 class=\"wp-block-heading has-text-align-left has-primary-color has-text-color has-superbfont-xlarge-font-size\" style=\"margin-bottom:var(--wp--preset--spacing--superbspacing-xsmall)\">Kontakt \/ Contact <\/h2>\n\n\n\n<p class=\"has-text-align-left has-primary-color has-text-color has-superbfont-large-font-size\">Martina Krause<\/p>\n<\/div>\n\n\n\n<div class=\"wp-block-group has-global-padding is-layout-constrained wp-container-core-group-is-layout-85cc789f wp-block-group-is-layout-constrained\">\n<div class=\"wp-block-columns is-layout-flex wp-container-core-columns-is-layout-596307b8 wp-block-columns-is-layout-flex\">\n<div class=\"wp-block-column is-layout-flow wp-container-core-column-is-layout-c39a6912 wp-block-column-is-layout-flow\">\n<figure class=\"wp-block-image size-large is-resized\"><img decoding=\"async\" src=\"https:\/\/fremdenfuehrer.wien\/wp-content\/themes\/awardify\/assets\/images\/contact\/contact-10-1.png\" alt=\"\" style=\"width:32px;height:32px\"\/><\/figure>\n\n\n\n<div class=\"wp-block-group is-vertical is-layout-flex wp-container-core-group-is-layout-da6736d2 wp-block-group-is-layout-flex\" style=\"border-style:none;border-width:0px;border-radius:0px;padding-top:0;padding-right:0;padding-bottom:0;padding-left:0\">\n<h3 class=\"wp-block-heading has-primary-color has-text-color has-superbfont-small-font-size\" style=\"margin-top:5px;margin-bottom:5px\">Email <\/h3>\n\n\n\n<p class=\"has-mono-2-color has-text-color has-superbfont-small-font-size\"><a href=\"mailto:martina-krause@gmx.at\">martina-krause@gmx.at<\/a><\/p>\n<\/div>\n<\/div>\n\n\n\n<div class=\"wp-block-column is-layout-flow wp-container-core-column-is-layout-c39a6912 wp-block-column-is-layout-flow\">\n<figure class=\"wp-block-image size-large is-resized\"><img decoding=\"async\" src=\"https:\/\/fremdenfuehrer.wien\/wp-content\/themes\/awardify\/assets\/images\/contact\/contact-10-2.png\" alt=\"\" style=\"width:32px;height:32px\"\/><\/figure>\n\n\n\n<div class=\"wp-block-group is-vertical is-layout-flex wp-container-core-group-is-layout-da6736d2 wp-block-group-is-layout-flex\" style=\"border-style:none;border-width:0px;border-radius:0px;padding-top:0;padding-right:0;padding-bottom:0;padding-left:0\">\n<h2 class=\"wp-block-heading has-primary-color has-text-color has-superbfont-small-font-size\" style=\"margin-top:5px;margin-bottom:5px\">Mobile<\/h2>\n\n\n\n<p class=\"has-mono-2-color has-text-color has-superbfont-small-font-size\"><a href=\"tel:436504138666\">+436504138666<\/a><\/p>\n<\/div>\n<\/div>\n<\/div>\n\n\n\n<div class=\"wp-block-columns is-layout-flex wp-container-core-columns-is-layout-596307b8 wp-block-columns-is-layout-flex\">\n<div class=\"wp-block-column is-layout-flow wp-container-core-column-is-layout-c39a6912 wp-block-column-is-layout-flow\">\n<figure class=\"wp-block-image size-large is-resized\"><img decoding=\"async\" src=\"https:\/\/fremdenfuehrer.wien\/wp-content\/themes\/awardify\/assets\/images\/contact\/contact-10-3.png\" alt=\"\" style=\"width:32px;height:32px\"\/><\/figure>\n\n\n\n<div class=\"wp-block-group is-vertical is-layout-flex wp-container-core-group-is-layout-da6736d2 wp-block-group-is-layout-flex\" style=\"border-style:none;border-width:0px;border-radius:0px;padding-top:0;padding-right:0;padding-bottom:0;padding-left:0\">\n<h2 class=\"wp-block-heading has-primary-color has-text-color has-superbfont-small-font-size\" style=\"margin-top:5px;margin-bottom:5px\">Office Hours<\/h2>\n\n\n\n<p class=\"has-primary-color has-text-color has-superbfont-small-font-size\">Montag &#8211; Sonntag<br>..zu christlichen Zeiten<\/p>\n<\/div>\n<\/div>\n\n\n\n<div class=\"wp-block-column is-layout-flow wp-container-core-column-is-layout-c39a6912 wp-block-column-is-layout-flow\">\n<figure class=\"wp-block-image size-large is-resized\"><img decoding=\"async\" src=\"https:\/\/fremdenfuehrer.wien\/wp-content\/themes\/awardify\/assets\/images\/contact\/contact-10-4.png\" alt=\"\" style=\"width:32px;height:32px\"\/><\/figure>\n\n\n\n<div class=\"wp-block-group is-vertical is-layout-flex wp-container-core-group-is-layout-da6736d2 wp-block-group-is-layout-flex\" style=\"border-style:none;border-width:0px;border-radius:0px;padding-top:0;padding-right:0;padding-bottom:0;padding-left:0\">\n<h2 class=\"wp-block-heading has-primary-color has-text-color has-superbfont-small-font-size\" style=\"margin-top:5px;margin-bottom:5px\">Adresse<\/h2>\n\n\n\n<p class=\"has-primary-color has-text-color has-superbfont-small-font-size\">Mittelgasse 27\/10<br>A-1060 Wien<\/p>\n<\/div>\n<\/div>\n<\/div>\n<\/div>\n<\/div>\n<\/div>\n\n\n\n<div class=\"wp-block-columns is-layout-flex wp-container-core-columns-is-layout-28f84493 wp-block-columns-is-layout-flex\"><\/div>\n\n\n\n<h5 class=\"wp-block-heading has-primary-color has-text-color has-link-color wp-elements-077403041a8cc4f3a84752b0cd3505ae\"><\/h5>\n<\/div>\n\n\n\n<p><\/p>\n\n\n\n<div class=\"wp-block-group alignfull has-mono-3-background-color has-background has-global-padding is-layout-constrained wp-container-core-group-is-layout-4f5e4b92 wp-block-group-is-layout-constrained\" style=\"margin-top:0;margin-bottom:0;padding-top:var(--wp--preset--spacing--superbspacing-large);padding-right:var(--wp--preset--spacing--superbspacing-small);padding-bottom:var(--wp--preset--spacing--superbspacing-large);padding-left:var(--wp--preset--spacing--superbspacing-small)\">\n<div class=\"wp-block-columns is-layout-flex wp-container-core-columns-is-layout-28f84493 wp-block-columns-is-layout-flex\">\n<div class=\"wp-block-column is-layout-flow wp-block-column-is-layout-flow\">\n<div class=\"wp-block-buttons is-layout-flex wp-block-buttons-is-layout-flex\">\n<div class=\"wp-block-button\"><a class=\"wp-block-button__link wp-element-button\" href=\"https:\/\/fremdenfuehrer.wien\/?page_id=382\">About Me &#8211; Mehr Martina im Detail<\/a><\/div>\n<\/div>\n<\/div>\n\n\n\n<div class=\"wp-block-column is-layout-flow wp-block-column-is-layout-flow\">\n<figure class=\"wp-block-image aligncenter size-large is-resized\"><img loading=\"lazy\" decoding=\"async\" width=\"1170\" height=\"570\" src=\"https:\/\/fremdenfuehrer.wien\/wp-content\/uploads\/2025\/11\/AustriaGuidesXL-1170x570.jpg\" alt=\"\" class=\"wp-image-1568\" style=\"width:246px;height:auto\"\/><\/figure>\n\n\n\n<h5 class=\"wp-block-heading has-text-align-center has-primary-color has-text-color has-link-color wp-elements-b4275dd7c8deb24dcae29e8a701df92b\">Staatlich gepr\u00fcfte Fremdenf\u00fchrerin<\/h5>\n<\/div>\n\n\n\n<div class=\"wp-block-column is-layout-flow wp-block-column-is-layout-flow\">\n<figure class=\"wp-block-image aligncenter size-large is-resized\"><img loading=\"lazy\" decoding=\"async\" width=\"792\" height=\"570\" src=\"https:\/\/fremdenfuehrer.wien\/wp-content\/uploads\/2025\/11\/logo-berufsfotografie-oesterreich-1-1-792x570.jpg\" alt=\"\" class=\"wp-image-1574\" style=\"width:163px;height:auto\"\/><\/figure>\n\n\n\n<h5 class=\"wp-block-heading has-text-align-center\">Berufsfotografen Wien<\/h5>\n<\/div>\n<\/div>\n\n\n\n<h2 class=\"wp-block-heading has-primary-color has-text-color has-link-color wp-elements-b39891b8442ba98ef9c774cbeeadbf61\" style=\"font-size:clamp(0.984em, 0.984rem + ((1vw - 0.2em) * 0.645), 1.5em);\"><br>Akkreditierungen<br><\/h2>\n\n\n\n<p class=\"has-primary-color has-text-color has-link-color wp-elements-ed102afb0d9fd9f83575d8e3571d9195\"><mark style=\"background-color:rgba(0, 0, 0, 0);color:#EAE7DE\" class=\"has-inline-color\">.<\/mark><\/p>\n\n\n\n<p class=\"has-primary-color has-text-color has-link-color wp-elements-3100db0777c2f01eee2b881563925bce\" style=\"font-size:clamp(0.875em, 0.875rem + ((1vw - 0.2em) * 0.406), 1.2em);\">Zentralfriedhof Wien \/ Friedh\u00f6fe Wien<br>Schlo\u00df Sch\u00f6nbrunn<br>Schlo\u00df Belvedere<br>Kaisergruft\/Kapuzinergruft-Kaisergruft<br>Leopold Museum<br>Freud Museum<br>KHM\/Schatzkammer\/Verbund des KHM<br>Mozarthaus Wien<br>Sissi Museum<br>Hofburg (Kaiser Appartements)<br>Oper (ab 05.05.26)<br><br><\/p>\n\n\n\n<h2 class=\"wp-block-heading has-contrast-dark-color has-text-color has-link-color wp-elements-635e8bdfe126923ae002a8d0015dba6a\">Kontakt \/ Contact<\/h2>\n\n\n\n<p><\/p>\n\n\n<div class=\"wp-block-jetpack-contact-form\"><a href=\"https:\/\/fremdenfuehrer.wien\/?page_id=340\" target=\"_blank\" rel=\"noopener noreferrer\">Formular einreichen.<\/a><\/div>\n\n\n<p><\/p>\n\n\n\n<p class=\"has-primary-color has-text-color has-link-color wp-elements-ed102afb0d9fd9f83575d8e3571d9195\"><mark style=\"background-color:rgba(0, 0, 0, 0);color:#EAE7DE\" class=\"has-inline-color\">.<\/mark><\/p>\n\n\n\n<p class=\"has-mono-3-color has-text-color has-link-color wp-elements-e62297d7baa5726803fba534cc6895c4\">.MArt<\/p>\n\n\n\n<h2 class=\"wp-block-heading has-primary-color has-text-color has-link-color wp-elements-8a381bc9b768297695dfd236bb7b714e\" style=\"font-size:clamp(0.984em, 0.984rem + ((1vw - 0.2em) * 0.645), 1.5em);\">Martina in der Datenbank der WKO &#8211; \u00d6sterreich<\/h2>\n\n\n\n<h2 class=\"wp-block-heading has-mono-3-color has-text-color has-link-color wp-elements-11b3872cd66747ba6d6584f0e01af03d\">&#8230;<\/h2>\n\n\n\n<div class=\"wp-block-buttons is-layout-flex wp-block-buttons-is-layout-flex\">\n<div class=\"wp-block-button\"><a class=\"wp-block-button__link wp-element-button\" href=\"https:\/\/www.findaguide.at\/?guid=64843F85-921B-43CC-B317-135E1A253459&amp;back=%2F%3Fname%3Dkrause\" target=\"_blank\" rel=\"noreferrer noopener\">findaguide.at<\/a><\/div>\n<\/div>\n<\/div>\n\n\n\n<p class=\"has-primary-color has-text-color has-link-color wp-elements-c283ea06e6491b6596db4e5c6c598a9e\"><br><\/p>\n","protected":false},"excerpt":{"rendered":"<p>Kontakt \/ Contact Martina Krause Email martina-krause@gmx.at Mobile +436504138666 Office Hours Montag &#8211; Sonntag..zu christlichen Zeiten Adresse Mittelgasse 27\/10A-1060 Wien Staatlich gepr\u00fcfte Fremdenf\u00fchrerin Berufsfotografen Wien Akkreditierungen . Zentralfriedhof Wien \/ Friedh\u00f6fe WienSchlo\u00df Sch\u00f6nbrunnSchlo\u00df BelvedereKaisergruft\/Kapuzinergruft-KaisergruftLeopold MuseumFreud MuseumKHM\/Schatzkammer\/Verbund des KHMMozarthaus WienSissi MuseumHofburg (Kaiser Appartements)Oper (ab 05.05.26) Kontakt \/ Contact . .MArt Martina in der Datenbank der WKO [&hellip;]<\/p>\n","protected":false},"author":1,"featured_media":0,"parent":0,"menu_order":0,"comment_status":"closed","ping_status":"closed","template":"","meta":{"footnotes":""},"class_list":["post-340","page","type-page","status-publish","hentry"],"jetpack_sharing_enabled":true,"_links":{"self":[{"href":"https:\/\/fremdenfuehrer.wien\/index.php?rest_route=\/wp\/v2\/pages\/340","targetHints":{"allow":["GET"]}}],"collection":[{"href":"https:\/\/fremdenfuehrer.wien\/index.php?rest_route=\/wp\/v2\/pages"}],"about":[{"href":"https:\/\/fremdenfuehrer.wien\/index.php?rest_route=\/wp\/v2\/types\/page"}],"author":[{"embeddable":true,"href":"https:\/\/fremdenfuehrer.wien\/index.php?rest_route=\/wp\/v2\/users\/1"}],"replies":[{"embeddable":true,"href":"https:\/\/fremdenfuehrer.wien\/index.php?rest_route=%2Fwp%2Fv2%2Fcomments&post=340"}],"version-history":[{"count":78,"href":"https:\/\/fremdenfuehrer.wien\/index.php?rest_route=\/wp\/v2\/pages\/340\/revisions"}],"predecessor-version":[{"id":2306,"href":"https:\/\/fremdenfuehrer.wien\/index.php?rest_route=\/wp\/v2\/pages\/340\/revisions\/2306"}],"wp:attachment":[{"href":"https:\/\/fremdenfuehrer.wien\/index.php?rest_route=%2Fwp%2Fv2%2Fmedia&parent=340"}],"curies":[{"name":"wp","href":"https:\/\/api.w.org\/{rel}","templated":true}]}}