{"id":235,"date":"2025-10-25T17:47:59","date_gmt":"2025-10-25T15:47:59","guid":{"rendered":"https:\/\/fremdenfuehrer.wien\/?page_id=235"},"modified":"2025-11-10T20:52:40","modified_gmt":"2025-11-10T19:52:40","slug":"home","status":"publish","type":"page","link":"https:\/\/fremdenfuehrer.wien\/","title":{"rendered":"Startseite"},"content":{"rendered":"\n<div class=\"wp-block-group alignfull superbthemes-navigation-004 is-layout-flow wp-block-group-is-layout-flow\" style=\"margin-top:0;margin-bottom:0;padding-top:0;padding-bottom:0\">\n<div class=\"wp-block-cover\" style=\"margin-top:0;margin-bottom:0;padding-top:var(--wp--preset--spacing--superbspacing-xxlarge);padding-right:0;padding-bottom:var(--wp--preset--spacing--superbspacing-xxlarge);padding-left:0;min-height:100px;aspect-ratio:unset;\"><img loading=\"lazy\" decoding=\"async\" width=\"900\" height=\"570\" class=\"wp-block-cover__image-background wp-image-243 size-large\" alt=\"\" src=\"https:\/\/fremdenfuehrer.wien\/wp-content\/uploads\/2025\/10\/cities_vienna_37-2-900x570.jpg\" data-object-fit=\"cover\"\/><span aria-hidden=\"true\" class=\"wp-block-cover__background has-background-dim-10 has-background-dim\" style=\"background-color:#6a4f4a\"><\/span><div class=\"wp-block-cover__inner-container is-layout-flow wp-container-core-cover-is-layout-d0f87605 wp-block-cover-is-layout-flow\">\n<div class=\"wp-block-group alignwide has-global-padding is-layout-constrained wp-container-core-group-is-layout-5e89162f wp-block-group-is-layout-constrained\" style=\"padding-top:var(--wp--preset--spacing--superbspacing-small);padding-right:var(--wp--preset--spacing--superbspacing-medium);padding-bottom:var(--wp--preset--spacing--superbspacing-medium);padding-left:var(--wp--preset--spacing--superbspacing-medium)\">\n<h1 class=\"wp-block-heading alignwide has-text-align-center has-contrast-light-color has-text-color has-superbfont-xxlarge-font-size\" style=\"padding-right:var(--wp--preset--spacing--superbspacing-small);padding-bottom:var(--wp--preset--spacing--superbspacing-xxsmall);padding-left:var(--wp--preset--spacing--superbspacing-small);font-style:normal;font-weight:700\">Willkommen in Wien<\/h1>\n\n\n\n<h2 class=\"wp-block-heading\"><strong>Ihre pers\u00f6nliche Entdeckungsreise<\/strong><\/h2>\n\n\n\n<p class=\"has-text-align-center has-contrast-light-color has-text-color has-link-color wp-elements-83abec8fae400c597c1ee2177975fc3e\">&#8230; mehr als nur eine neue Seite einer Fremdenf\u00fchrerin von Wien.<\/p>\n\n\n\n<div class=\"wp-block-buttons is-content-justification-center is-layout-flex wp-container-core-buttons-is-layout-a89b3969 wp-block-buttons-is-layout-flex\">\n<div style=\"opacity: 0;\" superb-addons-animation=\"zoomIn\" class=\"wp-block-button is-style-outline is-style-outline--1\"><a class=\"wp-block-button__link has-base-color has-text-color has-superbfont-small-font-size has-text-align-center has-custom-font-size wp-element-button\" href=\"https:\/\/fremdenfuehrer.wien\/?page_id=340\" style=\"border-width:2px;border-radius:0px\">Kontakt<\/a><\/div>\n<\/div>\n<\/div>\n<\/div><\/div>\n<\/div>\n\n\n\n<div class=\"wp-block-group alignfull has-base-background-color has-background has-global-padding is-layout-constrained wp-container-core-group-is-layout-97d7aae5 wp-block-group-is-layout-constrained\" style=\"margin-top:0;margin-bottom:0;padding-top:var(--wp--preset--spacing--superbspacing-xxlarge);padding-right:var(--wp--preset--spacing--superbspacing-small);padding-bottom:var(--wp--preset--spacing--superbspacing-xxlarge);padding-left:var(--wp--preset--spacing--superbspacing-small)\">\n<h2 class=\"wp-block-heading\">Warum gerade mit Martina?<\/h2>\n\n\n\n<h3 class=\"wp-block-heading\">Vergessen Sie die \u00fcberf\u00fcllten Standardtouren. Mein Name ist Martina, Ihre staatlich gepr\u00fcfte Fremdenf\u00fchrerin. Ich lade Sie ein, das wahre Wien kennenzulernen &#8211; jenseits von Sachertorte und Sch\u00f6nbrunn.<br><br>Wien ist eine Stadt voller Geheimnisse: von den skandal\u00f6sen Anekdoten der Habsburger bis zu den versteckten Innenh\u00f6fen des Biedermeiers. Ob als passienierte Kennerin der kaiserlichen Geschichte, Expertin f\u00fcr Jugendstil-Architektur oder Liebhaberin der traditionellen Wiener K\u00fcche. Ich zeige Ihnen die Stadt so, wie sie in keinem Reisef\u00fchrer steht.<br><br>Lassen Sie uns gemeinsam die Seele dieser faszinierenden Donaumetropole erwecken.<\/h3>\n\n\n\n<h3 class=\"wp-block-heading\"><strong>Ihre Vorteile &#8211; Kurz und Knackig<\/strong><\/h3>\n\n\n\n<h3 class=\"wp-block-heading\"><strong>Ma\u00dfgeschneiderte Erlebnisse:<\/strong> Touren, die perfekt auf Ihre Interessen, Ihr Tempo und Ihre W\u00fcnsche abgestimmt sind.<br><br><strong>Wissen und Charme:<\/strong> Fundiertes Wissen als gepr\u00fcfter Austria Guide, verpackt mit echtem Wiener Charme und Humor.<br><br><strong>Kein Anstehen und Zeitverschwendung:<\/strong> Ich k\u00fcmmere mich um Organisation und die Tickets; maximale Zeit f\u00fcr das Erleben der Stadt<br><br><strong>Versteckte Juwelen:<\/strong> Entdecken Sie Gassen, Geschichten und Pl\u00e4tze, die nur echte Wiener kennen.<br><br>Ich freue mich schon jetzt darauf, Ihnen meine Heimatstadt zeigen zu d\u00fcrfen.<br><br>Ein herzliches Servus in Wien!<\/h3>\n<\/div>\n","protected":false},"excerpt":{"rendered":"<p>Warum gerade mit Martina? Vergessen Sie die \u00fcberf\u00fcllten Standardtouren. Mein Name ist Martina, Ihre staatlich gepr\u00fcfte Fremdenf\u00fchrerin. Ich lade Sie ein, das wahre Wien kennenzulernen &#8211; jenseits von Sachertorte und Sch\u00f6nbrunn. Wien ist eine Stadt voller Geheimnisse: von den skandal\u00f6sen Anekdoten der Habsburger bis zu den versteckten Innenh\u00f6fen des Biedermeiers. Ob als passienierte Kennerin der [&hellip;]<\/p>\n","protected":false},"author":1,"featured_media":163,"parent":0,"menu_order":0,"comment_status":"closed","ping_status":"closed","template":"superbaddons-page-template","meta":{"footnotes":""},"class_list":["post-235","page","type-page","status-publish","has-post-thumbnail","hentry"],"jetpack_sharing_enabled":true,"_links":{"self":[{"href":"https:\/\/fremdenfuehrer.wien\/index.php?rest_route=\/wp\/v2\/pages\/235","targetHints":{"allow":["GET"]}}],"collection":[{"href":"https:\/\/fremdenfuehrer.wien\/index.php?rest_route=\/wp\/v2\/pages"}],"about":[{"href":"https:\/\/fremdenfuehrer.wien\/index.php?rest_route=\/wp\/v2\/types\/page"}],"author":[{"embeddable":true,"href":"https:\/\/fremdenfuehrer.wien\/index.php?rest_route=\/wp\/v2\/users\/1"}],"replies":[{"embeddable":true,"href":"https:\/\/fremdenfuehrer.wien\/index.php?rest_route=%2Fwp%2Fv2%2Fcomments&post=235"}],"version-history":[{"count":49,"href":"https:\/\/fremdenfuehrer.wien\/index.php?rest_route=\/wp\/v2\/pages\/235\/revisions"}],"predecessor-version":[{"id":1363,"href":"https:\/\/fremdenfuehrer.wien\/index.php?rest_route=\/wp\/v2\/pages\/235\/revisions\/1363"}],"wp:featuredmedia":[{"embeddable":true,"href":"https:\/\/fremdenfuehrer.wien\/index.php?rest_route=\/wp\/v2\/media\/163"}],"wp:attachment":[{"href":"https:\/\/fremdenfuehrer.wien\/index.php?rest_route=%2Fwp%2Fv2%2Fmedia&parent=235"}],"curies":[{"name":"wp","href":"https:\/\/api.w.org\/{rel}","templated":true}]}}