{"id":1763,"date":"2025-11-23T10:37:36","date_gmt":"2025-11-23T09:37:36","guid":{"rendered":"https:\/\/fremdenfuehrer.wien\/?page_id=1763"},"modified":"2025-11-24T20:30:27","modified_gmt":"2025-11-24T19:30:27","slug":"individuelle-fuehrungen","status":"publish","type":"page","link":"https:\/\/fremdenfuehrer.wien\/?page_id=1763","title":{"rendered":""},"content":{"rendered":"\n<div superb-addons-animation=\"fadeIn\" class=\"wp-block-cover is-light\" style=\"padding-top:var(--wp--preset--spacing--superbspacing-medium);padding-right:0;padding-bottom:var(--wp--preset--spacing--superbspacing-medium);padding-left:0;min-height:383px;aspect-ratio:unset;opacity: 0;\"><img loading=\"lazy\" decoding=\"async\" width=\"1170\" height=\"570\" class=\"wp-block-cover__image-background wp-image-1808 size-large\" alt=\"\" src=\"https:\/\/fremdenfuehrer.wien\/wp-content\/uploads\/2025\/11\/danube-centre-1173807-1170x570.jpg\" data-object-fit=\"cover\"\/><span aria-hidden=\"true\" class=\"wp-block-cover__background has-background-dim-40 has-background-dim\" style=\"background-color:#a2a7b8\"><\/span><div class=\"wp-block-cover__inner-container is-layout-flow wp-block-cover-is-layout-flow\">\n<div class=\"wp-block-group has-global-padding is-layout-constrained wp-container-core-group-is-layout-75bc714d wp-block-group-is-layout-constrained\" style=\"padding-top:0;padding-right:var(--wp--preset--spacing--superbspacing-small);padding-bottom:0;padding-left:var(--wp--preset--spacing--superbspacing-small)\">\n<div class=\"wp-block-group has-global-padding is-content-justification-center is-layout-constrained wp-container-core-group-is-layout-fdf4018a wp-block-group-is-layout-constrained\" style=\"margin-top:0;margin-bottom:0\">\n<h1 superb-addons-animation=\"fadeIn\" class=\"wp-block-heading has-text-align-center has-text-color has-superbfont-xxlarge-font-size\" style=\"border-style:none;border-width:0px;color:#fdfdfd;font-style:normal;font-weight:400;opacity: 0;\"><mark style=\"background-color:#ca2020\" class=\"has-inline-color has-custom-color-1-color\">..<\/mark><mark style=\"background-color:#ca2020;color:#0b0b0b\" class=\"has-inline-color\">Individuelle F\u00fchrungen<\/mark><mark style=\"background-color:#ca2020\" class=\"has-inline-color has-custom-color-1-color\">..<\/mark><\/h1>\n\n\n\n<p class=\"has-text-align-center has-luminous-vivid-amber-color has-text-color has-superbfont-small-font-size\" style=\"margin-bottom:var(--wp--preset--spacing--superbspacing-small)\"><mark style=\"background-color:#ca2020;color:#0b0b0b\" class=\"has-inline-color\"> Wien abseits der klassischen Sehensw\u00fcrdigkeiten! Queer is nice! <\/mark><mark style=\"background-color:#fcb900;color:#0b0b0b\" class=\"has-inline-color\"><br><\/mark><mark style=\"background-color:#ca2020\" class=\"has-inline-color\">..A bissi was anders kann ned schaden!..<\/mark><\/p>\n<\/div>\n<\/div>\n<\/div><\/div>\n\n\n\n<div class=\"wp-block-group alignfull has-background has-global-padding is-layout-constrained wp-container-core-group-is-layout-fd4b4ef8 wp-block-group-is-layout-constrained\" style=\"background-color:#d6ddd5;padding-top:var(--wp--preset--spacing--superbspacing-xxlarge);padding-right:var(--wp--preset--spacing--superbspacing-small);padding-bottom:var(--wp--preset--spacing--superbspacing-xxlarge);padding-left:var(--wp--preset--spacing--superbspacing-small)\">\n<div class=\"wp-block-columns alignwide is-layout-flex wp-container-core-columns-is-layout-e36e1db9 wp-block-columns-is-layout-flex\" style=\"border-radius:0px;margin-top:-71px;margin-bottom:-71px\">\n<div class=\"wp-block-column is-layout-flow wp-block-column-is-layout-flow\">\n<p class=\"has-primary-color has-text-color has-link-color wp-elements-ff56bab389feabbcb8dcae23a6100791\" style=\"font-size:clamp(1.25em, 1.25rem + ((1vw - 0.2em) * 0.938), 2em);\">Wien abseits der Postkarten: Gemeindebauten, Genies und Gr\u00e4tzl-Geheimnisse<\/p>\n\n\n\n<p class=\"has-primary-color has-text-color has-link-color wp-elements-2bf05303c8312a098e33fa8e1102fe82\">Sie suchen das echte, ungeschminkte Wien? Ich zeige Ihnen die Stadt der Kontraste, wo Geschichte und Alltag aufeinandertreffen. Begleiten Sie mich auf individuellen F\u00fchrungen, die tief in die Seele der Wiener &#8220;Gr\u00e4tzl&#8221; blicken.<\/p>\n\n\n\n<p class=\"has-primary-color has-text-color has-link-color wp-elements-2d00d80f9d36df81db75aba7cb65c6a0\">Im <strong>F\u00fcnften Bezirk (Margareten)<\/strong> entdecken wir die Faszination der fr\u00fchen Wiener Gemeindebauten. Diese monumentalen Sozialbauten sind nicht nur beeindruckende Architektur, sondern erz\u00e4hlen auch von der politischen und sozialen Geschichte der Ersten Republik und dem ber\u00fchmten &#8220;Roten Wien&#8221;.<\/p>\n\n\n\n<p class=\"has-primary-color has-text-color has-link-color wp-elements-d49da6734088b0d84511a413642c4ed7\">Danach widmen wir uns dem <strong>Neunten Bezirk (Alsergrund)<\/strong>, der als Wiege der modernen Medizin weltweit bekannt wurde. Hier erfahren Sie spannende Geschichten \u00fcber Pioniere wie Semmelweis, Freud und Billroth \u2013 Genies, die in Wien die Grundlage f\u00fcr die heutige Wissenschaft legten.<\/p>\n\n\n\n<p class=\"has-primary-color has-text-color has-link-color wp-elements-cc39d9b9544cefc2dbdd0ad5215e99ab\">Und im <strong>Dreizehnten Bezirk (Hietzing)<\/strong> l\u00fcften wir die Geheimnisse der kaiserlichen Vorstadt. Abseits der Pracht von Sch\u00f6nbrunn besuchen wir den bezaubernden Friedhof Hietzing, eine gr\u00fcne Oase der Ruhe. Nur wenige Schritte entfernt tauchen wir in die Welt des Wiener Jugendstils ein und entdecken das letzte Atelier von Gustav Klimt \u2013 ein ganz pers\u00f6nlicher Blick auf das Genie.<\/p>\n\n\n\n<p class=\"has-primary-color has-text-color has-link-color has-superbfont-medium-font-size wp-elements-5b1547674edf27ad7201a3109039a121\">Wir lassen die Touristenstr\u00f6me hinter uns und tauchen ein in die lebendige Geschichte der Vorst\u00e4dte und die Orte, an denen Weltgeschichte geschrieben wurde. Buchen Sie jetzt Ihre pers\u00f6nliche Entdeckungsreise, die Ihren Blick auf Wien f\u00fcr immer ver\u00e4ndern wird!<\/p>\n<\/div>\n<\/div>\n<\/div>\n\n\n\n<div class=\"wp-block-group alignfull has-background has-global-padding is-layout-constrained wp-container-core-group-is-layout-fd4b4ef8 wp-block-group-is-layout-constrained\" style=\"background-color:#d6ddd5;padding-top:var(--wp--preset--spacing--superbspacing-xxlarge);padding-right:var(--wp--preset--spacing--superbspacing-small);padding-bottom:var(--wp--preset--spacing--superbspacing-xxlarge);padding-left:var(--wp--preset--spacing--superbspacing-small)\">\n<div class=\"wp-block-columns alignwide is-layout-flex wp-container-core-columns-is-layout-e36e1db9 wp-block-columns-is-layout-flex\" style=\"border-radius:0px;margin-top:-71px;margin-bottom:-71px\">\n<div class=\"wp-block-column is-vertically-aligned-center is-layout-flow wp-container-core-column-is-layout-db2cb278 wp-block-column-is-layout-flow\">\n<h1 class=\"wp-block-heading alignwide\" id=\"we-re-a-studio-in-berlin-with-an-international-practice-in-architecture-urban-planning-and-interior-design-we-believe-in-sharing-knowledge-and-promoting-dialogue-to-increase-the-creative-potential-of-collaboration\" style=\"font-size:clamp(22.041px, 1.378rem + ((1vw - 3.2px) * 1.091), 36px);line-height:1.1\"><br><mark style=\"background-color:rgba(0, 0, 0, 0);color:#0b0b0b\" class=\"has-inline-color\">Wien 06:<\/mark><mark style=\"background-color:rgba(0, 0, 0, 0)\" class=\"has-inline-color has-custom-color-1-color\"> Die Geheimnisse des roten Wiens<\/mark><\/h1>\n\n\n\n<p class=\"has-text-align-left has-secondary-color has-text-color has-superbfont-medium-font-size\"><mark style=\"background-color:rgba(0, 0, 0, 0)\" class=\"has-inline-color has-contrast-color\">Vergessen Sie langweilige Zahlen und Fakten! Tauchen Sie ein in das <strong>unbekannte Wien<\/strong>. Wir l\u00fcften f\u00fcr Sie die aufregendsten Geschichten:<\/mark><\/p>\n\n\n\n<ul class=\"wp-block-list\">\n<li class=\"has-contrast-dark-color has-text-color has-link-color wp-elements-2d9c681e3a3ce062567005c8df1085e7\"><strong>Versteckte Innenh\u00f6fe<\/strong> und verwunschene Passagen, die selbst Einheimische oft \u00fcbersehen.<\/li>\n\n\n\n<li class=\"has-contrast-dark-color has-text-color has-link-color wp-elements-0e9b0f3bd110f9adb25767f744b8ce5e\">Die <strong>skandal\u00f6sen Amouren<\/strong> der Monarchie \u2013 wo sich die M\u00e4chtigen wirklich trafen.<\/li>\n\n\n\n<li class=\"has-contrast-dark-color has-text-color has-link-color wp-elements-f419ef6c91da27f50affb39c75c2dd83\"><strong>Geheimtipps<\/strong> f\u00fcr Jung &amp; Alt: Vom gruseligsten Keller bis zum modernsten Kunst-Spot.<\/li>\n<\/ul>\n\n\n\n<p class=\"has-text-align-left has-secondary-color has-text-color has-superbfont-medium-font-size\"><mark style=\"background-color:rgba(0, 0, 0, 0)\" class=\"has-inline-color has-contrast-color\"><strong>F\u00fcr Alt und Jung:<\/strong> Unsere Touren sind interaktiv, lebendig und voller \u00dcberraschungen \u2013 so wird Geschichte f\u00fcr jede Generation zum Abenteuer!<\/mark><\/p>\n\n\n\n<div class=\"wp-block-buttons is-layout-flex wp-block-buttons-is-layout-flex\">\n<div class=\"wp-block-button\"><a class=\"wp-block-button__link wp-element-button\" href=\"https:\/\/fremdenfuehrer.wien\/?page_id=340\">Contact<\/a><\/div>\n\n\n\n<div class=\"wp-block-button\"><a class=\"wp-block-button__link wp-element-button\" href=\"tel:+436504138666\">Anrufen \/ Call<\/a><\/div>\n<\/div>\n<\/div>\n\n\n\n<div class=\"wp-block-column is-vertically-aligned-center is-layout-flow wp-container-core-column-is-layout-40a2a7e8 wp-block-column-is-layout-flow\" style=\"padding-right:0;padding-bottom:0;padding-left:0\">\n<figure class=\"wp-block-gallery has-nested-images columns-default is-cropped wp-block-gallery-1 is-layout-flex wp-block-gallery-is-layout-flex\">\n<figure class=\"wp-block-image aligncenter size-large has-custom-border\" style=\"margin-top:var(--wp--preset--spacing--superbspacing-xxsmall);margin-right:var(--wp--preset--spacing--superbspacing-xxsmall);margin-bottom:var(--wp--preset--spacing--superbspacing-xxsmall);margin-left:var(--wp--preset--spacing--superbspacing-xxsmall)\"><img loading=\"lazy\" decoding=\"async\" width=\"1170\" height=\"570\" data-id=\"1817\" src=\"https:\/\/fremdenfuehrer.wien\/wp-content\/uploads\/2025\/11\/fiona-frommelt-Z7IqxgFCpe8-unsplash3-1170x570.jpg\" alt=\"fiona-frommelt-von-unsplash\" class=\"wp-image-1817\" style=\"border-radius:0px;aspect-ratio:4\/3;object-fit:cover\"\/><figcaption class=\"wp-element-caption\">fiona-frommelt-von-unsplash<\/figcaption><\/figure>\n<\/figure>\n<\/div>\n<\/div>\n<\/div>\n\n\n\n<div class=\"wp-block-group alignfull has-background has-global-padding is-layout-constrained wp-container-core-group-is-layout-fd4b4ef8 wp-block-group-is-layout-constrained\" style=\"background-color:#d6ddd5;padding-top:var(--wp--preset--spacing--superbspacing-xxlarge);padding-right:var(--wp--preset--spacing--superbspacing-small);padding-bottom:var(--wp--preset--spacing--superbspacing-xxlarge);padding-left:var(--wp--preset--spacing--superbspacing-small)\">\n<div class=\"wp-block-columns alignwide is-layout-flex wp-container-core-columns-is-layout-e36e1db9 wp-block-columns-is-layout-flex\" style=\"border-radius:0px;margin-top:-71px;margin-bottom:-71px\">\n<div class=\"wp-block-column is-vertically-aligned-center is-layout-flow wp-container-core-column-is-layout-db2cb278 wp-block-column-is-layout-flow\">\n<p style=\"font-size:clamp(22.041px, 1.378rem + ((1vw - 3.2px) * 1.091), 36px);\"><br><mark style=\"background-color:rgba(0, 0, 0, 0);color:#0b0b0b\" class=\"has-inline-color\">Wien 07:<\/mark><mark style=\"background-color:rgba(0, 0, 0, 0)\" class=\"has-inline-color has-custom-color-1-color\"> Das kranke Wien <\/mark><\/p>\n\n\n\n<p class=\"has-text-align-left has-secondary-color has-text-color has-superbfont-medium-font-size\"><mark style=\"background-color:rgba(0, 0, 0, 0);color:#0b0b0b\" class=\"has-inline-color\">Vergessen Sie Walzerseligkeit und kaiserlichen Glanz! Diese Tour entf\u00fchrt Sie gezielt in ein <strong>Wien jenseits der Prachtstra\u00dfen<\/strong>, wo die wahre Geschichte pulsiert.<\/mark><\/p>\n\n\n\n<p><mark style=\"background-color:rgba(0, 0, 0, 0);color:#0b0b0b\" class=\"has-inline-color\">Wir erkunden das verwinkelte Alte Universit\u00e4tsviertel und das mystische <strong>Griechenviertel<\/strong>. Entdecken Sie <strong>Hinterh\u00f6fe, Geheimg\u00e4nge und Durchh\u00e4user<\/strong> \u2013 architektonische Zeitkapseln, die das Gef\u00fchl vermitteln, in einem <strong>b\u00f6hmischen Dorf<\/strong> im Herzen der Millionenmetropole zu stehen.<\/mark><\/p>\n\n\n\n<p><mark style=\"background-color:rgba(0, 0, 0, 0);color:#0b0b0b\" class=\"has-inline-color\">Erfahren Sie, wie die <strong>Gegenreformation<\/strong> hier ihren Ausgang nahm, w\u00e4hrend das Kaiserliche Wien bewusst ins Abseits gedr\u00e4ngt wird. Suchen Sie das <strong>authentische, geheimnisvolle Wien<\/strong>?<\/mark><\/p>\n\n\n\n<p class=\"has-text-align-left has-secondary-color has-text-color has-superbfont-medium-font-size\"><mark style=\"background-color:rgba(0, 0, 0, 0);color:#0b0b0b\" class=\"has-inline-color\">Buchen Sie Ihre Expedition in die verborgene Seele der Stadt!<\/mark><\/p>\n\n\n\n<div class=\"wp-block-buttons is-layout-flex wp-block-buttons-is-layout-flex\">\n<div class=\"wp-block-button\"><a class=\"wp-block-button__link wp-element-button\" href=\"https:\/\/fremdenfuehrer.wien\/?page_id=340\">Contact<\/a><\/div>\n\n\n\n<div class=\"wp-block-button\"><a class=\"wp-block-button__link wp-element-button\" href=\"tel:+436504138666\">Anrufen \/ Call<\/a><\/div>\n<\/div>\n<\/div>\n\n\n\n<div class=\"wp-block-column is-vertically-aligned-center is-layout-flow wp-container-core-column-is-layout-40a2a7e8 wp-block-column-is-layout-flow\" style=\"padding-right:0;padding-bottom:0;padding-left:0\">\n<figure class=\"wp-block-gallery has-nested-images columns-default is-cropped wp-block-gallery-2 is-layout-flex wp-block-gallery-is-layout-flex\">\n<figure class=\"wp-block-image aligncenter size-large has-custom-border\"><img loading=\"lazy\" decoding=\"async\" width=\"1000\" height=\"570\" data-id=\"1145\" src=\"https:\/\/fremdenfuehrer.wien\/wp-content\/uploads\/2025\/11\/altstadt-1000x570.jpg\" alt=\"\" class=\"wp-image-1145\" style=\"border-radius:0px;aspect-ratio:4\/3;object-fit:cover\"\/><\/figure>\n<\/figure>\n<\/div>\n<\/div>\n<\/div>\n\n\n\n<div class=\"wp-block-group alignfull has-background has-global-padding is-layout-constrained wp-container-core-group-is-layout-fd4b4ef8 wp-block-group-is-layout-constrained\" style=\"background-color:#d6ddd5;padding-top:var(--wp--preset--spacing--superbspacing-xxlarge);padding-right:var(--wp--preset--spacing--superbspacing-small);padding-bottom:var(--wp--preset--spacing--superbspacing-xxlarge);padding-left:var(--wp--preset--spacing--superbspacing-small)\">\n<div class=\"wp-block-columns alignwide is-layout-flex wp-container-core-columns-is-layout-e36e1db9 wp-block-columns-is-layout-flex\" style=\"border-radius:0px;margin-top:-71px;margin-bottom:-71px\">\n<div class=\"wp-block-column is-vertically-aligned-center is-layout-flow wp-container-core-column-is-layout-db2cb278 wp-block-column-is-layout-flow\">\n<h1 class=\"wp-block-heading alignwide\" id=\"we-re-a-studio-in-berlin-with-an-international-practice-in-architecture-urban-planning-and-interior-design-we-believe-in-sharing-knowledge-and-promoting-dialogue-to-increase-the-creative-potential-of-collaboration\" style=\"font-size:clamp(22.041px, 1.378rem + ((1vw - 3.2px) * 1.091), 36px);line-height:1.1\"><br><mark style=\"background-color:rgba(0, 0, 0, 0);color:#0b0b0b\" class=\"has-inline-color\">Wien 08:<\/mark><mark style=\"background-color:rgba(0, 0, 0, 0)\" class=\"has-inline-color has-custom-color-1-color\"> <\/mark><br><mark style=\"background-color:rgba(0, 0, 0, 0)\" class=\"has-inline-color has-custom-color-1-color\">Hietzing abseits des Kaiserhofes<\/mark><mark style=\"background-color:rgba(0, 0, 0, 0);color:#0b0b0b\" class=\"has-inline-color\"><br><\/mark><\/h1>\n\n\n\n<p class=\"has-text-align-left has-secondary-color has-text-color has-superbfont-medium-font-size\"><mark style=\"background-color:rgba(0, 0, 0, 0);color:#0b0b0b\" class=\"has-inline-color\"><strong>1. Hier ruht die Weltgeschichte:<\/strong> <\/mark><br><mark style=\"background-color:rgba(0, 0, 0, 0);color:#0b0b0b\" class=\"has-inline-color\">Wir wandeln durch eine monumentale Totenstadt, in der Beethoven, Strauss und Falco ihre letzte Ruhe fanden. <\/mark><br><mark style=\"background-color:rgba(0, 0, 0, 0);color:#0b0b0b\" class=\"has-inline-color\"><strong>2. Die Ewigkeit atmen:<\/strong> Entdecken Sie die prachtvollen Jugendstil-Bauten und erleben Sie die melancholische Sch\u00f6nheit als Kunst im Freien. <\/mark><br><mark style=\"background-color:rgba(0, 0, 0, 0);color:#0b0b0b\" class=\"has-inline-color\"><strong>3. Geschichten statt Gr\u00e4ber:<\/strong> <\/mark><br><mark style=\"background-color:rgba(0, 0, 0, 0);color:#0b0b0b\" class=\"has-inline-color\">Ich l\u00fcfte die Geheimnisse hinter den ber\u00fchmtesten Namen und erz\u00e4hle die Anekdoten, die das Leben der Verstorbenen lebendig halten. <\/mark><br><mark style=\"background-color:rgba(0, 0, 0, 0);color:#0b0b0b\" class=\"has-inline-color\"><strong>4. Natur als Oase:<\/strong> Lassen Sie die Seele baumeln in einem der gr\u00f6\u00dften und gr\u00fcnsten Friedh\u00f6fe Europas \u2013 ein Ort der Ruhe und Reflexion. <\/mark><\/p>\n\n\n\n<p class=\"has-text-align-left has-secondary-color has-text-color has-superbfont-medium-font-size\"><mark style=\"background-color:rgba(0, 0, 0, 0);color:#0b0b0b\" class=\"has-inline-color\">Buchen Sie diese F\u00fchrung f\u00fcr ein tiefes, ungew\u00f6hnliches und zutiefst wienerisches Kulturerlebnis abseits der Hektik.<\/mark><\/p>\n\n\n\n<div class=\"wp-block-buttons is-layout-flex wp-block-buttons-is-layout-flex\">\n<div class=\"wp-block-button\"><a class=\"wp-block-button__link wp-element-button\" href=\"https:\/\/fremdenfuehrer.wien\/?page_id=340\">Contact<\/a><\/div>\n\n\n\n<div class=\"wp-block-button\"><a class=\"wp-block-button__link wp-element-button\" href=\"tel:+436504138666\">Anrufen \/ Call<\/a><\/div>\n<\/div>\n\n\n\n<p class=\"has-text-align-left has-secondary-color has-text-color has-superbfont-medium-font-size\"><\/p>\n<\/div>\n\n\n\n<div class=\"wp-block-column is-vertically-aligned-center is-layout-flow wp-container-core-column-is-layout-40a2a7e8 wp-block-column-is-layout-flow\" style=\"padding-right:0;padding-bottom:0;padding-left:0\">\n<figure class=\"wp-block-gallery has-nested-images columns-default is-cropped wp-block-gallery-3 is-layout-flex wp-block-gallery-is-layout-flex\">\n<figure class=\"wp-block-image aligncenter size-large has-custom-border\"><img loading=\"lazy\" decoding=\"async\" width=\"1170\" height=\"570\" data-id=\"1648\" src=\"https:\/\/fremdenfuehrer.wien\/wp-content\/uploads\/2025\/11\/graveyard-1688174-1170x570.jpg\" alt=\"\" class=\"wp-image-1648\" style=\"border-radius:0px;aspect-ratio:4\/3;object-fit:cover\"\/><\/figure>\n<\/figure>\n<\/div>\n<\/div>\n<\/div>\n\n\n\n<p><\/p>\n","protected":false},"excerpt":{"rendered":"<p>Wien abseits der Postkarten: Gemeindebauten, Genies und Gr\u00e4tzl-Geheimnisse Sie suchen das echte, ungeschminkte Wien? Ich zeige Ihnen die Stadt der Kontraste, wo Geschichte und Alltag aufeinandertreffen. Begleiten Sie mich auf individuellen F\u00fchrungen, die tief in die Seele der Wiener &#8220;Gr\u00e4tzl&#8221; blicken. Im F\u00fcnften Bezirk (Margareten) entdecken wir die Faszination der fr\u00fchen Wiener Gemeindebauten. Diese monumentalen [&hellip;]<\/p>\n","protected":false},"author":1,"featured_media":0,"parent":0,"menu_order":0,"comment_status":"closed","ping_status":"closed","template":"","meta":{"footnotes":""},"class_list":["post-1763","page","type-page","status-publish","hentry"],"jetpack_sharing_enabled":true,"_links":{"self":[{"href":"https:\/\/fremdenfuehrer.wien\/index.php?rest_route=\/wp\/v2\/pages\/1763","targetHints":{"allow":["GET"]}}],"collection":[{"href":"https:\/\/fremdenfuehrer.wien\/index.php?rest_route=\/wp\/v2\/pages"}],"about":[{"href":"https:\/\/fremdenfuehrer.wien\/index.php?rest_route=\/wp\/v2\/types\/page"}],"author":[{"embeddable":true,"href":"https:\/\/fremdenfuehrer.wien\/index.php?rest_route=\/wp\/v2\/users\/1"}],"replies":[{"embeddable":true,"href":"https:\/\/fremdenfuehrer.wien\/index.php?rest_route=%2Fwp%2Fv2%2Fcomments&post=1763"}],"version-history":[{"count":13,"href":"https:\/\/fremdenfuehrer.wien\/index.php?rest_route=\/wp\/v2\/pages\/1763\/revisions"}],"predecessor-version":[{"id":1819,"href":"https:\/\/fremdenfuehrer.wien\/index.php?rest_route=\/wp\/v2\/pages\/1763\/revisions\/1819"}],"wp:attachment":[{"href":"https:\/\/fremdenfuehrer.wien\/index.php?rest_route=%2Fwp%2Fv2%2Fmedia&parent=1763"}],"curies":[{"name":"wp","href":"https:\/\/api.w.org\/{rel}","templated":true}]}}