{"id":1759,"date":"2025-11-23T10:30:38","date_gmt":"2025-11-23T09:30:38","guid":{"rendered":"https:\/\/fremdenfuehrer.wien\/?page_id=1759"},"modified":"2025-12-18T20:38:17","modified_gmt":"2025-12-18T19:38:17","slug":"wien-2-bezirk-prater","status":"publish","type":"page","link":"https:\/\/fremdenfuehrer.wien\/?page_id=1759","title":{"rendered":""},"content":{"rendered":"\n<div superb-addons-animation=\"fadeIn\" class=\"wp-block-cover alignwide is-light\" style=\"padding-top:var(--wp--preset--spacing--superbspacing-medium);padding-right:0;padding-bottom:var(--wp--preset--spacing--superbspacing-medium);padding-left:0;min-height:500px;aspect-ratio:unset;opacity: 0;\"><img loading=\"lazy\" decoding=\"async\" width=\"1920\" height=\"1280\" class=\"wp-block-cover__image-background wp-image-1773 size-full\" alt=\"\" src=\"https:\/\/fremdenfuehrer.wien\/wp-content\/uploads\/2025\/11\/johann-strauss-2110734_1920-1.jpg\" style=\"object-position:50% 35%\" data-object-fit=\"cover\" data-object-position=\"50% 35%\" srcset=\"https:\/\/fremdenfuehrer.wien\/wp-content\/uploads\/2025\/11\/johann-strauss-2110734_1920-1.jpg 1920w, https:\/\/fremdenfuehrer.wien\/wp-content\/uploads\/2025\/11\/johann-strauss-2110734_1920-1-480x320.jpg 480w, https:\/\/fremdenfuehrer.wien\/wp-content\/uploads\/2025\/11\/johann-strauss-2110734_1920-1-1536x1024.jpg 1536w\" sizes=\"auto, (max-width: 1920px) 100vw, 1920px\" \/><span aria-hidden=\"true\" class=\"wp-block-cover__background has-background-dim\" style=\"background-color:#8b8581\"><\/span><div class=\"wp-block-cover__inner-container is-layout-flow wp-block-cover-is-layout-flow\">\n<div class=\"wp-block-group has-global-padding is-layout-constrained wp-container-core-group-is-layout-469d72c6 wp-block-group-is-layout-constrained\" style=\"padding-top:0;padding-right:var(--wp--preset--spacing--superbspacing-small);padding-bottom:0;padding-left:var(--wp--preset--spacing--superbspacing-small)\">\n<div class=\"wp-block-group has-global-padding is-content-justification-center is-layout-constrained wp-container-core-group-is-layout-4ac9054d wp-block-group-is-layout-constrained\" style=\"margin-top:0;margin-bottom:0\">\n<h1 superb-addons-animation=\"fadeInLeft\" class=\"wp-block-heading has-text-align-center has-text-color has-superbfont-xxlarge-font-size\" style=\"color:#fdfdfd;font-style:normal;font-weight:400;opacity: 0;\"><strong><mark style=\"background-color:#7bdcb5;color:#7bdcb5\" class=\"has-inline-color\">..<\/mark><mark style=\"background-color:#7bdcb5\" class=\"has-inline-color\">Strauss-Dynastie, Angst und Holocaust<\/mark><mark style=\"background-color:#7bdcb5;color:#7bdcb5\" class=\"has-inline-color\">.!<\/mark><mark style=\"background-color:#7bdcb5\" class=\"has-inline-color\"><br><\/mark><\/strong><mark style=\"background-color:#7bdcb5\" class=\"has-inline-color\"><strong><strong><mark style=\"background-color:#7bdcb5;color:#7bdcb5\" class=\"has-inline-color\">..<\/mark><\/strong>Saitenklang und Stille: <\/strong><br><strong><mark style=\"background-color:#7bdcb5;color:#7bdcb5\" class=\"has-inline-color\">..<\/mark>Glanz und Elend der Leopoldstadt<\/strong><\/mark><strong><mark style=\"background-color:#7bdcb5;color:#7bdcb5\" class=\"has-inline-color\">..<\/mark><\/strong><\/h1>\n\n\n\n<p superb-addons-animation=\"fadeInRight\" class=\"has-text-align-center has-text-color has-superbfont-small-font-size\" style=\"color:#fdfdfd;margin-bottom:var(--wp--preset--spacing--superbspacing-small);opacity: 0;\"><strong><mark style=\"background-color:#7bdcb5;color:#7bdcb5\" class=\"has-inline-color\">..<\/mark><\/strong><mark style=\"background-color:#7bdcb5;color:#0b0b0b\" class=\"has-inline-color\">Der Zweite Bezirk (Leopoldstadt) war die <strong>&#8220;Mazzesinsel&#8221;<\/strong>, wo das pulsierende <strong>Judentum<\/strong> auf den Glanz der <strong>Strauss-Dynastie<\/strong> traf. <\/mark><strong><mark style=\"background-color:#7bdcb5;color:#7bdcb5\" class=\"has-inline-color\">..<\/mark><\/strong><br><strong><mark style=\"background-color:#7bdcb5;color:#7bdcb5\" class=\"has-inline-color\">..<\/mark><\/strong><mark style=\"background-color:#7bdcb5;color:#0b0b0b\" class=\"has-inline-color\">Erleben Sie die Orte des Aufstiegs und des schmerzhaften Endes im <strong>Holocaust<\/strong> und entdecken Sie das heutige Wiederaufleben dieses facettenreichen Viertels.<\/mark><strong><mark style=\"background-color:#7bdcb5;color:#7bdcb5\" class=\"has-inline-color\">..<\/mark><\/strong><\/p>\n\n\n\n<div class=\"wp-block-buttons is-content-justification-center is-layout-flex wp-container-core-buttons-is-layout-a89b3969 wp-block-buttons-is-layout-flex\">\n<div style=\"opacity: 0;\" superb-addons-animation=\"zoomIn\" class=\"wp-block-button is-style-fill\"><a class=\"wp-block-button__link has-contrast-light-color has-light-green-cyan-background-color has-text-color has-background has-link-color has-border-color has-primary-border-color wp-element-button\" href=\"https:\/\/fremdenfuehrer.wien\/wp-content\/uploads\/2025\/12\/Strecke_Tour_02_Mazzesinsel-und-Strauss.pdf\" style=\"border-width:1px\" target=\"_blank\" rel=\"noreferrer noopener\"><mark style=\"background-color:#7bdcb5;color:#0b0b0b\" class=\"has-inline-color\">Tour Verlauf<\/mark><\/a><\/div>\n\n\n\n<div style=\"opacity: 0;\" superb-addons-animation=\"zoomIn\" class=\"wp-block-button is-style-outline is-style-outline--1\"><a class=\"wp-block-button__link has-primary-color has-light-green-cyan-background-color has-text-color has-background has-link-color has-border-color has-primary-border-color wp-element-button\" href=\"https:\/\/fremdenfuehrer.wien\/?page_id=340\" style=\"border-width:1px\">Contact<\/a><\/div>\n<\/div>\n<\/div>\n<\/div>\n<\/div><\/div>\n\n\n\n<p><\/p>\n\n\n\n<div class=\"wp-block-group has-mono-3-background-color has-background has-superbfont-medium-font-size has-global-padding is-layout-constrained wp-container-core-group-is-layout-595ef9c5 wp-block-group-is-layout-constrained\" style=\"margin-top:var(--wp--preset--spacing--superbspacing-xxsmall);margin-bottom:var(--wp--preset--spacing--superbspacing-xxsmall);padding-top:var(--wp--preset--spacing--superbspacing-small);padding-right:var(--wp--preset--spacing--superbspacing-small);padding-bottom:var(--wp--preset--spacing--superbspacing-small);padding-left:var(--wp--preset--spacing--superbspacing-small)\">\n<p class=\"has-text-align-left has-mono-1-color has-text-color has-link-color wp-elements-f57e727ff3f4d7d3baf5220e4fa4dc82\" style=\"margin-top:0;margin-bottom:0;font-size:clamp(1.25em, 1.25rem + ((1vw - 0.2em) * 0.938), 2em);\"><mark style=\"background-color:rgba(0, 0, 0, 0);color:#0b0b0b\" class=\"has-inline-color\"><strong>Sehen. Lesen. Staunen: Die Leopoldstadt: Zwischen Walzerglanz, Weltgeschichte und Wiedergeburt.<\/strong><\/mark><\/p>\n\n\n\n<p class=\"has-primary-color has-text-color has-link-color wp-elements-d5d88e39e9b1baef803bd14617c3d036\" style=\"margin-top:var(--wp--preset--spacing--superbspacing-xxsmall);font-size:clamp(0.875em, 0.875rem + ((1vw - 0.2em) * 0.406), 1.2em);\">Tauchen Sie ein in die <strong>Leopoldstadt<\/strong>, Wiens Zweiten Bezirk \u2013 eine facettenreiche Insel, die das Herz der \u00f6sterreichischen Geschichte und Kultur in sich tr\u00e4gt. Unsere F\u00fchrung enth\u00fcllt die spannungsvolle Geschichte dieses Viertels, das wie kein zweites von Glanz, Trag\u00f6die und z\u00e4her Widerstandsf\u00e4higkeit gepr\u00e4gt ist. <mark style=\"background-color:rgba(0, 0, 0, 0);color:#0b0b0b\" class=\"has-inline-color\">Begleiten Sie mich auf eine au\u00dfergew\u00f6hnliche Reise durch den 2. Wiener Gemeindebezirk \u2013 einen Ort, an dem Weltruhm und tiefstes menschliches Leid so eng beieinanderliegen wie nirgendwo sonst in dieser Stadt. Als Ihr <strong>Austria Guide<\/strong> f\u00fchre ich Sie abseits der bekannten Touristenpfade zu den Schaupl\u00e4tzen, die Wien zur Welthauptstadt der Musik machten und gleichzeitig Zeugen dunkelster Geschichte wurden.<\/mark><\/p>\n\n\n\n<p style=\"font-size:clamp(1.092em, 1.092rem + ((1vw - 0.2em) * 0.76), 1.7em);\"><strong><mark style=\"background-color:rgba(0, 0, 0, 0);color:#0b0b0b\" class=\"has-inline-color\">Was Sie auf dieser F\u00fchrung erwartet:<\/mark><\/strong><\/p>\n\n\n\n<ul class=\"wp-block-list\">\n<li class=\"has-primary-color has-text-color has-link-color wp-elements-caed8c52baa8b996f963336e4c7bf722\"><strong>Der Klang der Weltstadt:<\/strong> Wir besuchen das Geburtshaus von Johann Strauss Vater und jene Wohnung, in der der unsterbliche \u201eDonauwalzer\u201c komponiert wurde. Erfahren Sie, wie die Leopoldstadt zum pulsierenden Zentrum der Unterhaltungskultur und des Wiener Volkstheaters rund um Johann Nestroy aufstieg.<\/li>\n\n\n\n<li class=\"has-primary-color has-text-color has-link-color wp-elements-cdc118e91336323cc097be3167242bb9\"><mark style=\"background-color:rgba(0, 0, 0, 0);color:#0b0b0b\" class=\"has-inline-color\"><strong>Das j\u00fcdische Herz:<\/strong> Wir erkunden das ehemalige Ghetto am Karmeliterplatz und stehen vor den Ruinen des Leopoldst\u00e4dter Tempels \u2013 einst die pr\u00e4chtigste Synagoge Wiens.<\/mark><\/li>\n\n\n\n<li class=\"has-primary-color has-text-color has-link-color wp-elements-58d13d27b8dc64899801cc1806e3b144\"><mark style=\"background-color:rgba(0, 0, 0, 0);color:#0b0b0b\" class=\"has-inline-color\"><strong>Wenn die Musik verstummt:<\/strong> An der Volksschule Kleine Sperlgasse 2a halten wir inne. Wo einst Kinderlachen klang, befand sich eines der zentralen Sammellager, von dem aus \u00fcber 40.000 Menschen in die Vernichtung deportiert wurden.<\/mark><\/li>\n\n\n\n<li class=\"has-primary-color has-text-color has-link-color wp-elements-6e9f44a2b9e086534249cea3d0a474af\"><mark style=\"background-color:rgba(0, 0, 0, 0);color:#0b0b0b\" class=\"has-inline-color\"><strong>Spuren der Erinnerung:<\/strong> Wir lesen die Geschichten hinter den \u201eSteinen der Erinnerung\u201c in der Gro\u00dfen Mohrengasse und entdecken, wie die Leopoldkirche auf den Fundamenten einer vertriebenen Gemeinde erbaut wurde.<\/mark><\/li>\n<\/ul>\n\n\n\n<h3 class=\"wp-block-heading has-primary-color has-text-color has-link-color wp-elements-836f467391861e103f052fe430aa3995\" style=\"font-size:clamp(1.092em, 1.092rem + ((1vw - 0.2em) * 0.76), 1.7em);\">Der Walzerk\u00f6nig und das j\u00fcdische Zentrum<\/h3>\n\n\n\n<p class=\"has-primary-color has-text-color has-link-color wp-elements-0d6a1ff28fda657717bec2c979ce0d62\" style=\"font-size:clamp(0.875em, 0.875rem + ((1vw - 0.2em) * 0.406), 1.2em);\">Die Leopoldstadt war der N\u00e4hrboden f\u00fcr Legenden. Hier wirkte die ber\u00fchmte <strong>Strauss-Dynastie<\/strong>, allen voran Johann Strauss Vater und Sohn, deren Melodien bis heute den Takt der Welt vorgeben. Zugleich war der Bezirk als <strong>&#8220;Mazzesinsel&#8221;<\/strong> bekannt, das Zentrum des Wiener Judentums. Erleben Sie, wie sich der Walzerklang mit dem pulsierenden Leben der j\u00fcdischen Gemeinde vermischte und eine einzigartige kulturelle Symbiose schuf, die den Ruf Wiens in die Welt trug.<\/p>\n\n\n\n<h3 class=\"wp-block-heading has-primary-color has-text-color has-link-color wp-elements-ba7a3a7f5fc16bb52231044405031e91\" style=\"font-size:clamp(1.092em, 1.092rem + ((1vw - 0.2em) * 0.76), 1.7em);\">Schatten der Geschichte: Vertreibung und Holocaust<\/h3>\n\n\n\n<p class=\"has-primary-color has-text-color has-link-color wp-elements-72b802a69f008d2fd77e836d4accff60\" style=\"font-size:clamp(0.875em, 0.875rem + ((1vw - 0.2em) * 0.406), 1.2em);\">Wir folgen den Spuren dieser bl\u00fchenden Gemeinschaft \u2013 von den pr\u00e4chtigen Synagogen bis zu den unscheinbaren Wohnh\u00e4usern. Die Tour beleuchtet schonungslos die dunklen Kapitel der Geschichte: die <strong>Vertreibung<\/strong> und den <strong>Holocaust<\/strong>. Anhand von <strong>Stolpersteinen<\/strong> und Gedenkorten erz\u00e4hlen wir die bewegenden Geschichten der Menschen, deren Leben und kulturelles Erbe in diesen Stra\u00dfen ausgel\u00f6scht wurden. Diese Orte mahnen uns, die Vergangenheit niemals zu vergessen und die Komplexit\u00e4t der Wiener Geschichte anzuerkennen.<\/p>\n\n\n\n<h3 class=\"wp-block-heading has-primary-color has-text-color has-link-color wp-elements-830c618823713ffdeedb5ec2a82844c7\" style=\"font-size:clamp(1.092em, 1.092rem + ((1vw - 0.2em) * 0.76), 1.7em);\">Wiedererbl\u00fchen und interreligi\u00f6ser Dialog<\/h3>\n\n\n\n<p class=\"has-primary-color has-text-color has-link-color wp-elements-40b1e65d367d1fa36ea51332d41ad372\" style=\"font-size:clamp(0.875em, 0.875rem + ((1vw - 0.2em) * 0.406), 1.2em);\">Heute ist die Leopoldstadt ein lebendiges Beispiel f\u00fcr Resilienz. Die j\u00fcdische Kultur <strong>erbl\u00fcht langsam wieder<\/strong> in neuer St\u00e4rke. Doch der Bezirk ist weit mehr als das: Er ist ein faszinierendes Mosaik, in dem die j\u00fcdische Gemeinde Seite an Seite mit Moscheen, christlichen Kirchen und anderen Kulturen existiert. Entdecken Sie, wie dieser interreligi\u00f6se Austausch das moderne Wien pr\u00e4gt und die Leopoldstadt zu einem Ort der Toleranz und des <strong>friedlichen Zusammenlebens<\/strong> macht.<\/p>\n\n\n\n<h3 class=\"wp-block-heading has-primary-color has-text-color has-link-color wp-elements-6ec731ff65f61ebdfe838ceb16049fe6\" style=\"font-size:clamp(1.092em, 1.092rem + ((1vw - 0.2em) * 0.76), 1.7em);\">Ein Viertel der Kontraste<\/h3>\n\n\n\n<p class=\"has-primary-color has-text-color has-link-color wp-elements-3ada66d1d4c52f089991d76f71fb9faa\" style=\"font-size:clamp(0.875em, 0.875rem + ((1vw - 0.2em) * 0.406), 1.2em);\">Diese F\u00fchrung bietet Ihnen eine tiefgr\u00fcndige Reise durch die Kontraste der Leopoldstadt: Von der Freude des Praters \u00fcber die Eleganz des Walzers bis hin zur Schwere der Erinnerung und dem Optimismus der Gegenwart. Erfahren Sie, wie Geschichte, Musik, Religion und Trag\u00f6die diesen einzigartigen Ort geformt haben.<\/p>\n\n\n\n<p class=\"has-primary-color has-text-color has-link-color wp-elements-acb2c8e3a05953b6a8fc2a312a26b24e\" style=\"font-size:clamp(1.092em, 1.092rem + ((1vw - 0.2em) * 0.76), 1.7em);\">Warum diese Tour?<\/p>\n\n\n\n<p class=\"has-primary-color has-text-color has-link-color wp-elements-9b7b2bfd9ecdbf5a2252a9e27fa80a28\" style=\"font-size:clamp(0.875em, 0.875rem + ((1vw - 0.2em) * 0.406), 1.2em);\"><mark style=\"background-color:rgba(0, 0, 0, 0);color:#0b0b0b\" class=\"has-inline-color\">Diese F\u00fchrung ist mehr als nur eine historische Aufarbeitung; sie ist eine Hommage an die kulturelle Vielfalt und Resilienz eines Viertels, das heute wieder zu neuem Leben erwacht. Ich schlage f\u00fcr Sie die Br\u00fccke zwischen dem <strong>goldenen Zeitalter des Walzers<\/strong> und dem <strong>stummen Gedenken<\/strong> an eine ausgel\u00f6schte Welt.Begleiten Sie mich auf eine au\u00dfergew\u00f6hnliche Reise durch den 2. Wiener Gemeindebezirk \u2013 einen Ort, an dem Weltruhm und tiefstes menschliches Leid so eng beieinanderliegen wie nirgendwo sonst in dieser Stadt. Als Ihr <strong>Austria Guide<\/strong> f\u00fchre ich Sie abseits der bekannten Touristenpfade zu den Schaupl\u00e4tzen, die Wien zur Welthauptstadt der Musik machten und gleichzeitig Zeugen dunkelster Geschichte wurden.<\/mark><\/p>\n\n\n\n<p class=\"has-primary-color has-text-color has-link-color wp-elements-0a157eaf8e898ac1dd44ffb90c5e8eb5\" style=\"margin-top:var(--wp--preset--spacing--superbspacing-xxsmall);font-size:clamp(0.875em, 0.875rem + ((1vw - 0.2em) * 0.531), 1.3em);\"><strong>Warten Sie nicht l\u00e4nger! Buchen Sie jetzt Ihre pers\u00f6nliche F\u00fchrung und erleben Sie die Seele der Leopoldstadt hautnah!<\/strong><\/p>\n\n\n\n<div class=\"wp-block-buttons is-layout-flex wp-block-buttons-is-layout-flex\">\n<div class=\"wp-block-button\"><a class=\"wp-block-button__link wp-element-button\" href=\"https:\/\/fremdenfuehrer.wien\/?page_id=340\">Contact<\/a><\/div>\n\n\n\n<div class=\"wp-block-button\"><a class=\"wp-block-button__link wp-element-button\" href=\"tel:+436504138666\">Anrufen \/ Call<\/a><\/div>\n<\/div>\n<\/div>\n\n\n\n<p class=\"has-mono-1-color has-text-color has-link-color has-superbfont-small-font-size wp-elements-b3b17b5ca06d58c4786695e20834164e\" style=\"margin-top:var(--wp--preset--spacing--superbspacing-xxsmall);font-size:clamp(15.747px, 0.984rem + ((1vw - 3.2px) * 0.645), 24px);\"><\/p>\n\n\n\n<div class=\"wp-block-group has-background has-superbfont-medium-font-size has-global-padding is-layout-constrained wp-container-core-group-is-layout-595ef9c5 wp-block-group-is-layout-constrained\" style=\"background-color:#d7e5f1;margin-top:var(--wp--preset--spacing--superbspacing-xxsmall);margin-bottom:var(--wp--preset--spacing--superbspacing-xxsmall);padding-top:var(--wp--preset--spacing--superbspacing-small);padding-right:var(--wp--preset--spacing--superbspacing-small);padding-bottom:var(--wp--preset--spacing--superbspacing-small);padding-left:var(--wp--preset--spacing--superbspacing-small)\">\n<p class=\"has-text-align-left has-mono-1-color has-text-color has-link-color wp-elements-327825f18db540d7b4c1afc41fdc05ad\" style=\"margin-top:0;margin-bottom:0;font-size:clamp(0.984em, 0.984rem + ((1vw - 0.2em) * 0.645), 1.5em);\"><mark style=\"background-color:rgba(0, 0, 0, 0);color:#0b0b0b\" class=\"has-inline-color\">Eckdaten zur Tour:<\/mark><\/p>\n\n\n\n<p class=\"has-primary-color has-text-color has-link-color wp-elements-ccd38eab746611af97c9101ecefb8441\" style=\"margin-top:var(--wp--preset--spacing--superbspacing-xxsmall);font-size:clamp(0.875em, 0.875rem + ((1vw - 0.2em) * 0.406), 1.2em);\"><\/p>\n\n\n\n<p class=\"has-primary-color has-text-color has-link-color wp-elements-f320f1da4b88587220f45920f1b86d4c\" style=\"margin-top:var(--wp--preset--spacing--superbspacing-xxsmall);font-size:clamp(0.875em, 0.875rem + ((1vw - 0.2em) * 0.406), 1.2em);\"><mark style=\"background-color:rgba(0, 0, 0, 0);color:#0b0b0b\" class=\"has-inline-color\"><strong>Highlights:<\/strong> Strauss-Geburtshaus, Leopoldskirche, Kleine Sperlgasse, Leopoldst\u00e4dter Tempel, Nestroy-Denkmal.<\/mark><\/p>\n\n\n\n<p><mark style=\"background-color:rgba(0, 0, 0, 0);color:#0b0b0b\" class=\"has-inline-color\"><strong>Dauer:<\/strong> ca. 2 bis 2,5 Stunden<\/mark><\/p>\n\n\n\n<p><mark style=\"background-color:rgba(0, 0, 0, 0);color:#0b0b0b\" class=\"has-inline-color\"><strong>Start:<\/strong> Karmeliterplatz, 1020 Wien<\/mark><\/p>\n\n\n\n<p><mark style=\"background-color:rgba(0, 0, 0, 0);color:#0b0b0b\" class=\"has-inline-color\"><strong>Ende:<\/strong> Nestroyplatz (U1-Anbindung)<\/mark><\/p>\n<\/div>\n\n\n\n<div class=\"wp-block-group has-background has-superbfont-medium-font-size has-global-padding is-layout-constrained wp-container-core-group-is-layout-595ef9c5 wp-block-group-is-layout-constrained\" style=\"background-color:#edc5a9;margin-top:var(--wp--preset--spacing--superbspacing-xxsmall);margin-bottom:var(--wp--preset--spacing--superbspacing-xxsmall);padding-top:var(--wp--preset--spacing--superbspacing-small);padding-right:var(--wp--preset--spacing--superbspacing-small);padding-bottom:var(--wp--preset--spacing--superbspacing-small);padding-left:var(--wp--preset--spacing--superbspacing-small)\">\n<p class=\"has-text-align-left has-mono-1-color has-text-color has-link-color wp-elements-0e0bc6b39c74607c9ba95a34200d0100\" style=\"margin-top:0;margin-bottom:0;font-size:clamp(1.25em, 1.25rem + ((1vw - 0.2em) * 0.938), 2em);\"><mark style=\"background-color:rgba(0, 0, 0, 0);color:#0b0b0b\" class=\"has-inline-color\"><strong>*Prater-Zusatz: Bunter Spa\u00df und Wiener Originale<\/strong><\/mark><\/p>\n\n\n\n<div class=\"wp-block-media-text is-stacked-on-mobile\"><figure class=\"wp-block-media-text__media\"><img loading=\"lazy\" decoding=\"async\" width=\"1170\" height=\"570\" src=\"https:\/\/fremdenfuehrer.wien\/wp-content\/uploads\/2025\/11\/wien_04-1170x570.jpg\" alt=\"\" class=\"wp-image-1511 size-full\"\/><\/figure><div class=\"wp-block-media-text__content\">\n<p class=\"has-primary-color has-text-color has-link-color wp-elements-1dbddec402f30a9382f1e7faf2233e45\" style=\"font-size:clamp(0.875em, 0.875rem + ((1vw - 0.2em) * 0.406), 1.2em);\">Der Prater ist der perfekte, bunte Kontrast zu den kaiserlichen Prachtbauten. Die Erweiterung der Tour lohnt sich, weil sie mit dem ber\u00fchmten Riesenrad und historischen Karussells eine Portion Spa\u00df und unvergessliche Fotomotive bietet. <br><br>Erleben Sie das echte, leichtf\u00fc\u00dfige Wiener Lebensgef\u00fchl abseits der Museen!<\/p>\n<\/div><\/div>\n\n\n\n<p class=\"has-primary-color has-text-color has-link-color wp-elements-ccd38eab746611af97c9101ecefb8441\" style=\"margin-top:var(--wp--preset--spacing--superbspacing-xxsmall);font-size:clamp(0.875em, 0.875rem + ((1vw - 0.2em) * 0.406), 1.2em);\"><\/p>\n\n\n\n<h2 class=\"wp-block-heading has-primary-color has-text-color has-link-color wp-elements-4b78f54b3f8809b9d060005b4bb34a9c\"><\/h2>\n<\/div>\n\n\n\n<p><\/p>\n","protected":false},"excerpt":{"rendered":"<p>Sehen. Lesen. Staunen: Die Leopoldstadt: Zwischen Walzerglanz, Weltgeschichte und Wiedergeburt. Tauchen Sie ein in die Leopoldstadt, Wiens Zweiten Bezirk \u2013 eine facettenreiche Insel, die das Herz der \u00f6sterreichischen Geschichte und Kultur in sich tr\u00e4gt. Unsere F\u00fchrung enth\u00fcllt die spannungsvolle Geschichte dieses Viertels, das wie kein zweites von Glanz, Trag\u00f6die und z\u00e4her Widerstandsf\u00e4higkeit gepr\u00e4gt ist. Begleiten [&hellip;]<\/p>\n","protected":false},"author":1,"featured_media":0,"parent":0,"menu_order":0,"comment_status":"closed","ping_status":"closed","template":"","meta":{"footnotes":""},"class_list":["post-1759","page","type-page","status-publish","hentry"],"jetpack_sharing_enabled":true,"_links":{"self":[{"href":"https:\/\/fremdenfuehrer.wien\/index.php?rest_route=\/wp\/v2\/pages\/1759","targetHints":{"allow":["GET"]}}],"collection":[{"href":"https:\/\/fremdenfuehrer.wien\/index.php?rest_route=\/wp\/v2\/pages"}],"about":[{"href":"https:\/\/fremdenfuehrer.wien\/index.php?rest_route=\/wp\/v2\/types\/page"}],"author":[{"embeddable":true,"href":"https:\/\/fremdenfuehrer.wien\/index.php?rest_route=\/wp\/v2\/users\/1"}],"replies":[{"embeddable":true,"href":"https:\/\/fremdenfuehrer.wien\/index.php?rest_route=%2Fwp%2Fv2%2Fcomments&post=1759"}],"version-history":[{"count":39,"href":"https:\/\/fremdenfuehrer.wien\/index.php?rest_route=\/wp\/v2\/pages\/1759\/revisions"}],"predecessor-version":[{"id":1920,"href":"https:\/\/fremdenfuehrer.wien\/index.php?rest_route=\/wp\/v2\/pages\/1759\/revisions\/1920"}],"wp:attachment":[{"href":"https:\/\/fremdenfuehrer.wien\/index.php?rest_route=%2Fwp%2Fv2%2Fmedia&parent=1759"}],"curies":[{"name":"wp","href":"https:\/\/api.w.org\/{rel}","templated":true}]}}