{"id":1748,"date":"2025-11-22T19:52:33","date_gmt":"2025-11-22T18:52:33","guid":{"rendered":"https:\/\/fremdenfuehrer.wien\/?page_id=1748"},"modified":"2025-11-22T20:09:50","modified_gmt":"2025-11-22T19:09:50","slug":"lgbtq-tour-04","status":"publish","type":"page","link":"https:\/\/fremdenfuehrer.wien\/?page_id=1748","title":{"rendered":"LGBTQ+ &#8211; Tour 04"},"content":{"rendered":"\n<div superb-addons-animation=\"fadeIn\" class=\"wp-block-cover alignwide is-light\" style=\"padding-top:var(--wp--preset--spacing--superbspacing-medium);padding-right:0;padding-bottom:var(--wp--preset--spacing--superbspacing-medium);padding-left:0;min-height:50px;aspect-ratio:unset;opacity: 0;\"><img loading=\"lazy\" decoding=\"async\" width=\"2560\" height=\"1443\" class=\"wp-block-cover__image-background wp-image-992 size-full\" alt=\"\" src=\"https:\/\/fremdenfuehrer.wien\/wp-content\/uploads\/2025\/11\/vienna-1279289-1-scaled.jpg\" style=\"object-position:50% 10%\" data-object-fit=\"cover\" data-object-position=\"50% 10%\" srcset=\"https:\/\/fremdenfuehrer.wien\/wp-content\/uploads\/2025\/11\/vienna-1279289-1-scaled.jpg 2560w, https:\/\/fremdenfuehrer.wien\/wp-content\/uploads\/2025\/11\/vienna-1279289-1-480x270.jpg 480w, https:\/\/fremdenfuehrer.wien\/wp-content\/uploads\/2025\/11\/vienna-1279289-1-1536x866.jpg 1536w, https:\/\/fremdenfuehrer.wien\/wp-content\/uploads\/2025\/11\/vienna-1279289-1-2048x1154.jpg 2048w\" sizes=\"auto, (max-width: 2560px) 100vw, 2560px\" \/><span aria-hidden=\"true\" class=\"wp-block-cover__background has-background-dim\" style=\"background-color:#8d8a89\"><\/span><div class=\"wp-block-cover__inner-container is-layout-flow wp-block-cover-is-layout-flow\">\n<div class=\"wp-block-group has-global-padding is-layout-constrained wp-container-core-group-is-layout-469d72c6 wp-block-group-is-layout-constrained\" style=\"padding-top:0;padding-right:var(--wp--preset--spacing--superbspacing-small);padding-bottom:0;padding-left:var(--wp--preset--spacing--superbspacing-small)\">\n<div class=\"wp-block-group has-global-padding is-content-justification-center is-layout-constrained wp-container-core-group-is-layout-4ac9054d wp-block-group-is-layout-constrained\" style=\"margin-top:0;margin-bottom:0\">\n<h1 superb-addons-animation=\"fadeInLeft\" class=\"wp-block-heading has-text-align-center has-text-color has-superbfont-xxlarge-font-size\" style=\"color:#fdfdfd;font-style:normal;font-weight:400;opacity: 0;\"><mark style=\"background-color:#ff6900;color:#ff6900\" class=\"has-inline-color\">..<\/mark><mark style=\"background-color:#ff6900\" class=\"has-inline-color\">Tour 04<\/mark><mark style=\"background-color:#ff6900;color:#ff6900\" class=\"has-inline-color\">..<\/mark><br><mark style=\"background-color:#ff6900;color:#ff6900\" class=\"has-inline-color\">..<\/mark><mark style=\"background-color:#ff6900\" class=\"has-inline-color\">LGBTQ* und Jugendstil<\/mark><mark style=\"background-color:#ff6900;color:#ff6900\" class=\"has-inline-color\">..<\/mark><\/h1>\n\n\n\n<p superb-addons-animation=\"fadeInRight\" class=\"has-text-align-center has-primary-color has-text-color has-superbfont-small-font-size\" style=\"margin-bottom:var(--wp--preset--spacing--superbspacing-small);opacity: 0;\"><mark style=\"background-color:rgba(0, 0, 0, 0);color:#cf2e2e\" class=\"has-inline-color\"><br><\/mark><mark style=\"background-color:#ff6900;color:#0b0b0b\" class=\"has-inline-color\">Was haben diese beiden Themen miteinander zu suchen?<\/mark><mark style=\"background-color:rgba(0, 0, 0, 0);color:#cf2e2e\" class=\"has-inline-color\"><br><\/mark><mark style=\"background-color:#ff6900;color:#0b0b0b\" class=\"has-inline-color\">Lassen Sie sich \u00fcberraschen viel mehr als gedacht und lustig wird es auch.<\/mark><mark style=\"background-color:rgba(0, 0, 0, 0);color:#cf2e2e\" class=\"has-inline-color\"><br><\/mark><\/p>\n\n\n\n<div class=\"wp-block-buttons is-content-justification-center is-layout-flex wp-container-core-buttons-is-layout-a89b3969 wp-block-buttons-is-layout-flex\">\n\n\n<div class=\"wp-block-button is-style-outline is-style-outline--2\"><a class=\"wp-block-button__link has-contrast-light-color has-text-color has-link-color wp-element-button\" style=\"border-width:1px\">Dummy<\/a><\/div>\n\n\n\n<div class=\"wp-block-button is-style-outline is-style-outline--3\"><a class=\"wp-block-button__link has-contrast-light-color has-text-color has-link-color wp-element-button\" href=\"http:\/\/www.amtmann.at\" style=\"border-width:1px\">Dummy<\/a><\/div>\n<\/div>\n<\/div>\n<\/div>\n<\/div><\/div>\n\n\n\n<div class=\"wp-block-group has-background has-superbfont-medium-font-size has-global-padding is-layout-constrained wp-container-core-group-is-layout-595ef9c5 wp-block-group-is-layout-constrained\" style=\"background-color:#e9bebe;margin-top:var(--wp--preset--spacing--superbspacing-xxsmall);margin-bottom:var(--wp--preset--spacing--superbspacing-xxsmall);padding-top:var(--wp--preset--spacing--superbspacing-small);padding-right:var(--wp--preset--spacing--superbspacing-small);padding-bottom:var(--wp--preset--spacing--superbspacing-small);padding-left:var(--wp--preset--spacing--superbspacing-small)\">\n<p class=\"has-text-align-left has-mono-1-color has-text-color has-link-color wp-elements-0317f65bad543513d66d3f3df54c2475\" style=\"margin-top:0;margin-bottom:0;font-size:clamp(0.875em, 0.875rem + ((1vw - 0.2em) * 0.531), 1.3em);\"><mark style=\"background-color:rgba(0, 0, 0, 0);color:#0b0b0b\" class=\"has-inline-color\"><strong>Eleganz des Jugendstils und die queere Historie von Mariahilf<\/strong><\/mark><\/p>\n\n\n\n<p class=\"has-mono-1-color has-text-color has-link-color wp-elements-524fb9a79b2d6626d321681f4e754715\" style=\"margin-top:var(--wp--preset--spacing--superbspacing-xxsmall);font-size:clamp(0.875em, 0.875rem + ((1vw - 0.2em) * 0.281), 1.1em);\"><mark style=\"background-color:rgba(0, 0, 0, 0);color:#0b0b0b\" class=\"has-inline-color\"><mark style=\"background-color:rgba(0, 0, 0, 0);color:#0b0b0b\" class=\"has-inline-color\">Der sechste Wiener Gemeindebezirk,&nbsp;<strong>Mariahilf<\/strong>, dient als ideale Kulisse f\u00fcr diese thematische Synthese. Er ist architektonisch gepr\u00e4gt von der Bl\u00fctezeit um 1900 und gleichzeitig ein historisch gewachsener sowie gegenw\u00e4rtig vitaler Mittelpunkt der Wiener LGBTQ+ Gemeinschaft.<\/mark><\/mark><\/p>\n\n\n\n<p style=\"font-size:clamp(0.875em, 0.875rem + ((1vw - 0.2em) * 0.531), 1.3em);\"><strong><mark style=\"background-color:rgba(0, 0, 0, 0);color:#0b0b0b\" class=\"has-inline-color\">Meine Schwerpunkte im Rahmen der F\u00fchrung:<\/mark><\/strong><\/p>\n\n\n\n<h2 class=\"wp-block-heading\" style=\"font-size:clamp(0.875em, 0.875rem + ((1vw - 0.2em) * 0.531), 1.3em);\"><mark style=\"background-color:rgba(0, 0, 0, 0);color:#0b0b0b\" class=\"has-inline-color\"><strong>Architektonische Meisterwerke des Sezessionsstils:<\/strong><\/mark><\/h2>\n\n\n\n<h2 class=\"wp-block-heading\" style=\"font-size:clamp(0.875em, 0.875rem + ((1vw - 0.2em) * 0.281), 1.1em);\"><mark style=\"background-color:rgba(0, 0, 0, 0);color:#0b0b0b\" class=\"has-inline-color\">Ich widme mich den herausragenden Beispielen des Wiener Jugendstils, auch Sezessionsstil genannt, die sich in Mariahilf und den angrenzenden Gebieten finden. Wir analysieren die revolution\u00e4re \u00c4sthetik von Architekten wie&nbsp;<strong>Otto Wagner<\/strong>&nbsp;und beleuchten, inwiefern die Abkehr vom Historismus als Spiegelbild eines allgemeinen gesellschaftlichen Aufbruchs um die Jahrhundertwende verstanden werden kann. Die detailreiche Ornamentik und die funktionalen Aspekte dieser Bauwerke werden fachkundig eingeordnet.<\/mark><\/h2>\n\n\n\n<h2 class=\"wp-block-heading\" style=\"font-size:clamp(0.875em, 0.875rem + ((1vw - 0.2em) * 0.531), 1.3em);\"><mark style=\"background-color:rgba(0, 0, 0, 0);color:#0b0b0b\" class=\"has-inline-color\"><strong>Einblicke in die <strong>Sozialhistorische Einblicke in die queere Kultur:<\/strong><\/strong><\/mark><\/h2>\n\n\n\n<h2 class=\"wp-block-heading\" style=\"font-size:clamp(0.875em, 0.875rem + ((1vw - 0.2em) * 0.281), 1.1em);\"><mark style=\"background-color:rgba(0, 0, 0, 0);color:#0b0b0b\" class=\"has-inline-color\">Die Tour beleuchtet die diskrete, aber pr\u00e4sente Sozialgeschichte der LGBTQ+ Gemeinschaft in dieser Epoche. Wir untersuchen die Verflechtungen zwischen der Boh\u00e8me, der Kunstszene und den fr\u00fchen Treffpunkten. Es wird dargestellt, wo sich queeres Leben angesichts der damaligen gesellschaftlichen und legalen Restriktionen entfaltete \u2013 oft im Schatten der Prachtstra\u00dfen, in Caf\u00e9s oder privaten Salons.<\/mark><\/h2>\n\n\n\n<p style=\"font-size:clamp(0.875em, 0.875rem + ((1vw - 0.2em) * 0.531), 1.3em);\"><strong><mark style=\"background-color:rgba(0, 0, 0, 0);color:#0b0b0b\" class=\"has-inline-color\"><mark style=\"background-color:rgba(0, 0, 0, 0);color:#0b0b0b\" class=\"has-inline-color\"><strong>Mariahilf als moderner LGBTQ+ Hotspot:<\/strong><\/mark><\/mark><\/strong><\/p>\n\n\n\n<p style=\"font-size:clamp(0.875em, 0.875rem + ((1vw - 0.2em) * 0.281), 1.1em);\"><mark style=\"background-color:rgba(0, 0, 0, 0);color:#0b0b0b\" class=\"has-inline-color\">Wir ziehen die Linie von der Historie zur Gegenwart und stellen die heutige Bedeutung des 6. Bezirks als offenes, inklusives Viertel dar. Ich informiere Sie \u00fcber die wichtigen&nbsp;<strong>Anlaufstellen, Bars und Kulturzentren<\/strong>&nbsp;der heutigen Wiener Szene, die Mariahilf zu einem ihrer wichtigsten Zentren machen.<\/mark><\/p>\n<\/div>\n\n\n\n<div class=\"wp-block-group has-mono-3-background-color has-background has-superbfont-medium-font-size has-global-padding is-layout-constrained wp-container-core-group-is-layout-595ef9c5 wp-block-group-is-layout-constrained\" style=\"margin-top:var(--wp--preset--spacing--superbspacing-xxsmall);margin-bottom:var(--wp--preset--spacing--superbspacing-xxsmall);padding-top:var(--wp--preset--spacing--superbspacing-small);padding-right:var(--wp--preset--spacing--superbspacing-small);padding-bottom:var(--wp--preset--spacing--superbspacing-small);padding-left:var(--wp--preset--spacing--superbspacing-small)\">\n<p class=\"has-text-align-left has-mono-1-color has-text-color has-link-color wp-elements-244905e1d8d0022466556471d4cd3d5e\" style=\"margin-top:0;margin-bottom:0;font-size:clamp(0.875em, 0.875rem + ((1vw - 0.2em) * 0.531), 1.3em);\"><mark style=\"background-color:rgba(0, 0, 0, 0);color:#0b0b0b\" class=\"has-inline-color\"><strong>Voraussichtliche Dauer der F\u00fchrung<\/strong><\/mark><\/p>\n\n\n\n<p class=\"has-mono-1-color has-text-color has-link-color wp-elements-f393e4f1a8cca47a63dd54aaa22b0b7f\" style=\"margin-top:var(--wp--preset--spacing--superbspacing-xxsmall);font-size:clamp(0.875em, 0.875rem + ((1vw - 0.2em) * 0.281), 1.1em);\"><mark style=\"background-color:rgba(0, 0, 0, 0);color:#0b0b0b\" class=\"has-inline-color\"><mark style=\"background-color:rgba(0, 0, 0, 0);color:#0b0b0b\" class=\"has-inline-color\">Circa 2 Std in Deutsch und Englisch<\/mark><\/mark><\/p>\n<\/div>\n\n\n\n<div class=\"wp-block-group has-mono-3-background-color has-background has-superbfont-medium-font-size has-global-padding is-layout-constrained wp-container-core-group-is-layout-595ef9c5 wp-block-group-is-layout-constrained\" style=\"margin-top:var(--wp--preset--spacing--superbspacing-xxsmall);margin-bottom:var(--wp--preset--spacing--superbspacing-xxsmall);padding-top:var(--wp--preset--spacing--superbspacing-small);padding-right:var(--wp--preset--spacing--superbspacing-small);padding-bottom:var(--wp--preset--spacing--superbspacing-small);padding-left:var(--wp--preset--spacing--superbspacing-small)\">\n<p class=\"has-text-align-left has-mono-1-color has-text-color has-link-color wp-elements-7d6816170aced259fb4d12bb774a80a4\" style=\"margin-top:0;margin-bottom:0;font-size:clamp(0.875em, 0.875rem + ((1vw - 0.2em) * 0.531), 1.3em);\"><mark style=\"background-color:rgba(0, 0, 0, 0);color:#0b0b0b\" class=\"has-inline-color\"><strong>Route der F\u00fchrung<\/strong><\/mark><\/p>\n\n\n\n<p class=\"has-mono-1-color has-text-color has-link-color wp-elements-d671b7de5f3ff97ae584f47ba59eae7b\" style=\"margin-top:var(--wp--preset--spacing--superbspacing-xxsmall);font-size:clamp(0.875em, 0.875rem + ((1vw - 0.2em) * 0.281), 1.1em);\"><mark style=\"background-color:rgba(0, 0, 0, 0);color:#0b0b0b\" class=\"has-inline-color\"><mark style=\"background-color:rgba(0, 0, 0, 0);color:#0b0b0b\" class=\"has-inline-color\">Noch in Ausarbeitung<\/mark><\/mark><\/p>\n<\/div>\n\n\n\n<div class=\"wp-block-group has-background has-superbfont-medium-font-size has-global-padding is-layout-constrained wp-container-core-group-is-layout-595ef9c5 wp-block-group-is-layout-constrained\" style=\"background-color:#e6d08b;margin-top:var(--wp--preset--spacing--superbspacing-xxsmall);margin-bottom:var(--wp--preset--spacing--superbspacing-xxsmall);padding-top:var(--wp--preset--spacing--superbspacing-small);padding-right:var(--wp--preset--spacing--superbspacing-small);padding-bottom:var(--wp--preset--spacing--superbspacing-small);padding-left:var(--wp--preset--spacing--superbspacing-small)\">\n<p class=\"has-text-align-left has-mono-1-color has-text-color has-link-color wp-elements-b3b49ff02d7172fd5131ba4cc0e00cce\" style=\"margin-top:0;margin-bottom:0;font-size:clamp(0.875em, 0.875rem + ((1vw - 0.2em) * 0.531), 1.3em);\"><mark style=\"background-color:rgba(0, 0, 0, 0);color:#0b0b0b\" class=\"has-inline-color\"><strong>N\u00e4chste Schritte<\/strong><\/mark><\/p>\n\n\n\n<p class=\"has-mono-1-color has-text-color has-link-color wp-elements-865cf19d3957a40edc3a1603d6a91cea\" style=\"margin-top:var(--wp--preset--spacing--superbspacing-xxsmall);font-size:clamp(0.875em, 0.875rem + ((1vw - 0.2em) * 0.281), 1.1em);\"><mark style=\"background-color:rgba(0, 0, 0, 0);color:#0b0b0b\" class=\"has-inline-color\">Um die Buchung verbindlich vornehmen zu k\u00f6nnen, ben\u00f6tige ich lediglich folgende Angaben von Ihnen:<\/mark><\/p>\n\n\n\n<p class=\"has-mono-1-color has-text-color has-link-color wp-elements-59d1fc595a44983efcd3b65b05557dd6\" style=\"margin-top:var(--wp--preset--spacing--superbspacing-xxsmall);font-size:clamp(0.875em, 0.875rem + ((1vw - 0.2em) * 0.281), 1.1em);\"><mark style=\"background-color:rgba(0, 0, 0, 0);color:#0b0b0b\" class=\"has-inline-color\">Preis abh\u00e4ngig von der Gruppengr\u00f6\u00dfe<\/mark><\/p>\n\n\n\n<p><mark style=\"background-color:rgba(0, 0, 0, 0);color:#0b0b0b\" class=\"has-inline-color\"><strong>Ihr Wunschdatum und die Uhrzeit<\/strong>&nbsp;f\u00fcr den Beginn der F\u00fchrung.<\/mark><\/p>\n\n\n\n<p><mark style=\"background-color:rgba(0, 0, 0, 0);color:#0b0b0b\" class=\"has-inline-color\"><strong>Die ungef\u00e4hre Gruppengr\u00f6\u00dfe<\/strong>&nbsp;(falls relevant).<\/mark><\/p>\n\n\n\n<div class=\"wp-block-buttons is-layout-flex wp-block-buttons-is-layout-flex\">\n<div class=\"wp-block-button\"><a class=\"wp-block-button__link wp-element-button\" href=\"https:\/\/fremdenfuehrer.wien\/?page_id=340\">Contact<\/a><\/div>\n<\/div>\n<\/div>\n","protected":false},"excerpt":{"rendered":"<p>Eleganz des Jugendstils und die queere Historie von Mariahilf Der sechste Wiener Gemeindebezirk,&nbsp;Mariahilf, dient als ideale Kulisse f\u00fcr diese thematische Synthese. Er ist architektonisch gepr\u00e4gt von der Bl\u00fctezeit um 1900 und gleichzeitig ein historisch gewachsener sowie gegenw\u00e4rtig vitaler Mittelpunkt der Wiener LGBTQ+ Gemeinschaft. Meine Schwerpunkte im Rahmen der F\u00fchrung: Architektonische Meisterwerke des Sezessionsstils: Ich widme [&hellip;]<\/p>\n","protected":false},"author":1,"featured_media":0,"parent":0,"menu_order":0,"comment_status":"closed","ping_status":"closed","template":"","meta":{"footnotes":""},"class_list":["post-1748","page","type-page","status-publish","hentry"],"jetpack_sharing_enabled":true,"_links":{"self":[{"href":"https:\/\/fremdenfuehrer.wien\/index.php?rest_route=\/wp\/v2\/pages\/1748","targetHints":{"allow":["GET"]}}],"collection":[{"href":"https:\/\/fremdenfuehrer.wien\/index.php?rest_route=\/wp\/v2\/pages"}],"about":[{"href":"https:\/\/fremdenfuehrer.wien\/index.php?rest_route=\/wp\/v2\/types\/page"}],"author":[{"embeddable":true,"href":"https:\/\/fremdenfuehrer.wien\/index.php?rest_route=\/wp\/v2\/users\/1"}],"replies":[{"embeddable":true,"href":"https:\/\/fremdenfuehrer.wien\/index.php?rest_route=%2Fwp%2Fv2%2Fcomments&post=1748"}],"version-history":[{"count":5,"href":"https:\/\/fremdenfuehrer.wien\/index.php?rest_route=\/wp\/v2\/pages\/1748\/revisions"}],"predecessor-version":[{"id":1756,"href":"https:\/\/fremdenfuehrer.wien\/index.php?rest_route=\/wp\/v2\/pages\/1748\/revisions\/1756"}],"wp:attachment":[{"href":"https:\/\/fremdenfuehrer.wien\/index.php?rest_route=%2Fwp%2Fv2%2Fmedia&parent=1748"}],"curies":[{"name":"wp","href":"https:\/\/api.w.org\/{rel}","templated":true}]}}