{"id":1474,"date":"2025-11-14T18:13:38","date_gmt":"2025-11-14T17:13:38","guid":{"rendered":"https:\/\/fremdenfuehrer.wien\/?page_id=1474"},"modified":"2025-12-11T19:27:16","modified_gmt":"2025-12-11T18:27:16","slug":"foto-touren","status":"publish","type":"page","link":"https:\/\/fremdenfuehrer.wien\/?page_id=1474","title":{"rendered":""},"content":{"rendered":"\n<div superb-addons-animation=\"fadeIn\" class=\"wp-block-cover alignwide\" style=\"padding-top:var(--wp--preset--spacing--superbspacing-medium);padding-right:0;padding-bottom:var(--wp--preset--spacing--superbspacing-medium);padding-left:0;min-height:50px;aspect-ratio:unset;opacity: 0;\"><img loading=\"lazy\" decoding=\"async\" width=\"1000\" height=\"643\" class=\"wp-block-cover__image-background wp-image-651 size-full\" alt=\"\" src=\"https:\/\/fremdenfuehrer.wien\/wp-content\/uploads\/2025\/11\/cities_vienna_40-5.jpg\" style=\"object-position:50% 30%\" data-object-fit=\"cover\" data-object-position=\"50% 30%\" srcset=\"https:\/\/fremdenfuehrer.wien\/wp-content\/uploads\/2025\/11\/cities_vienna_40-5.jpg 1000w, https:\/\/fremdenfuehrer.wien\/wp-content\/uploads\/2025\/11\/cities_vienna_40-5-480x309.jpg 480w\" sizes=\"auto, (max-width: 1000px) 100vw, 1000px\" \/><span aria-hidden=\"true\" class=\"wp-block-cover__background has-background-dim\" style=\"background-color:#4f4d45\"><\/span><div class=\"wp-block-cover__inner-container is-layout-flow wp-block-cover-is-layout-flow\">\n<div class=\"wp-block-group has-global-padding is-layout-constrained wp-container-core-group-is-layout-469d72c6 wp-block-group-is-layout-constrained\" style=\"padding-top:0;padding-right:var(--wp--preset--spacing--superbspacing-small);padding-bottom:0;padding-left:var(--wp--preset--spacing--superbspacing-small)\">\n<div class=\"wp-block-group has-global-padding is-content-justification-center is-layout-constrained wp-container-core-group-is-layout-4ac9054d wp-block-group-is-layout-constrained\" style=\"margin-top:0;margin-bottom:0\">\n<h1 superb-addons-animation=\"fadeInLeft\" class=\"wp-block-heading has-text-align-center has-text-color has-superbfont-xxlarge-font-size\" style=\"color:#fdfdfd;font-style:normal;font-weight:400;opacity: 0;\"><mark style=\"background-color:#fcb900;color:#fcb900\" class=\"has-inline-color\">..<\/mark><mark style=\"background-color:#fcb900;color:#0b0b0b\" class=\"has-inline-color\">Foto-Touren*<\/mark><mark style=\"background-color:#fcb900;color:#fcb900\" class=\"has-inline-color\">..<\/mark><br><mark style=\"background-color:#fcb900;color:#fcb900\" class=\"has-inline-color\">..<\/mark><mark style=\"background-color:#fcb900;color:#0b0b0b\" class=\"has-inline-color\">(Sightseeing und tolle Bilder im Gep\u00e4ck)<\/mark><mark style=\"background-color:#fcb900;color:#fcb900\" class=\"has-inline-color\">..<\/mark><\/h1>\n\n\n\n<p superb-addons-animation=\"fadeInRight\" class=\"has-text-align-center has-contrast-dark-color has-text-color\" style=\"margin-bottom:var(--wp--preset--spacing--superbspacing-small);font-size:clamp(0.984em, 0.984rem + ((1vw - 0.2em) * 0.645), 1.5em);opacity: 0;\"><br><mark style=\"background-color:#fcb900;color:#fcb900\" class=\"has-inline-color\">..<\/mark><mark style=\"background-color:#fcb900;color:#0b0b0b\" class=\"has-inline-color\">Wien sehen, verstehen und perfekt einfangen!<\/mark><mark style=\"background-color:#fcb900;color:#fcb900\" class=\"has-inline-color\">!<\/mark><mark style=\"background-color:#fcb900;color:#fcb900\" class=\"has-inline-color\">..<\/mark><\/p>\n\n\n\n<div class=\"wp-block-buttons is-content-justification-center is-layout-flex wp-container-core-buttons-is-layout-a89b3969 wp-block-buttons-is-layout-flex\">\n\n<\/div>\n<\/div>\n<\/div>\n<\/div><\/div>\n\n\n\n<div class=\"wp-block-group has-background has-superbfont-medium-font-size has-global-padding is-layout-constrained wp-container-core-group-is-layout-595ef9c5 wp-block-group-is-layout-constrained\" style=\"background-color:#e9bebe;margin-top:var(--wp--preset--spacing--superbspacing-xxsmall);margin-bottom:var(--wp--preset--spacing--superbspacing-xxsmall);padding-top:var(--wp--preset--spacing--superbspacing-small);padding-right:var(--wp--preset--spacing--superbspacing-small);padding-bottom:var(--wp--preset--spacing--superbspacing-small);padding-left:var(--wp--preset--spacing--superbspacing-small)\">\n<p class=\"has-text-align-left has-mono-1-color has-text-color has-link-color wp-elements-8086a2e9018b34a9e3cab43fedb31902\" style=\"margin-top:0;margin-bottom:0;font-size:clamp(1.146em, 1.146rem + ((1vw - 0.2em) * 0.818), 1.8em);\"><mark style=\"background-color:rgba(0, 0, 0, 0);color:#0b0b0b\" class=\"has-inline-color\"><strong>Schluss mit verwackelten Schnitzel-Fotos!<\/strong><\/mark><\/p>\n\n\n\n<p class=\"has-mono-1-color has-text-color has-link-color wp-elements-7430c100ce3704a8de5ac94bb83fc54d\" style=\"margin-top:var(--wp--preset--spacing--superbspacing-xxsmall);font-size:clamp(1.039em, 1.039rem + ((1vw - 0.2em) * 0.701), 1.6em);\"><mark style=\"background-color:rgba(0, 0, 0, 0);color:#0b0b0b\" class=\"has-inline-color\"><mark style=\"background-color:rgba(0, 0, 0, 0);color:#0b0b0b\" class=\"has-inline-color\">Sie lieben Wien, aber Ihre Fotos sehen aus wie vom Kaiser Franz Josef? Kein Problem!<\/mark><\/mark><\/p>\n\n\n\n<p style=\"font-size:clamp(0.875em, 0.875rem + ((1vw - 0.2em) * 0.406), 1.2em);\"><strong><mark style=\"background-color:rgba(0, 0, 0, 0);color:#0b0b0b\" class=\"has-inline-color\">Ich kombiniere die <strong>Expertise einer staatlich gepr\u00fcften Fremdenf\u00fchrerin<\/strong> mit dem <strong>geschulten Auge einer gelernten Fotografin<\/strong>, um Ihnen die sch\u00f6nsten und witzigsten Motive Wiens zu garantieren \u2013 von den kaiserlichen Prunkbauten bis zur versteckten Gasse mit dem besten Licht.<\/mark><\/strong><\/p>\n\n\n\n<h2 class=\"wp-block-heading\" style=\"font-size:clamp(0.875em, 0.875rem + ((1vw - 0.2em) * 0.531), 1.3em);\"><mark style=\"background-color:rgba(0, 0, 0, 0);color:#0b0b0b\" class=\"has-inline-color\"><strong>&#8230;. auf der Jagd nach dem perfekten Wien-Schnappschuss:<\/strong><\/mark><\/h2>\n\n\n\n<h2 class=\"wp-block-heading has-primary-color has-text-color has-link-color wp-elements-f73baa7592fcc9346dc122c8a1948369\" style=\"font-size:clamp(0.875em, 0.875rem + ((1vw - 0.2em) * 0.281), 1.1em);\"><strong>Die Linse l\u00fcgt nie, der Guide auch nicht:<\/strong> Schluss mit den Standard-Touristenfotos! Ich zeige Ihnen die unbekannten, <strong>&#8220;Instagram-tauglichen&#8221; Ecken<\/strong> Wiens und verrate die Anekdoten hinter den Mauern.<\/h2>\n\n\n\n<h2 class=\"wp-block-heading has-primary-color has-text-color has-link-color wp-elements-18d745f1e2ab2b2f016d4fb61a91861b\" style=\"font-size:clamp(0.875em, 0.875rem + ((1vw - 0.2em) * 0.281), 1.1em);\"><strong>Von der Leber weg&#8230; zum perfekten Bild:<\/strong> Als <strong>gelernte Fotografin<\/strong> gebe ich Ihnen direkt an der Kamera <strong>praktische Tipps<\/strong> zu Licht, Sch\u00e4rfe und Komposition \u2013 garantiert ohne Fachchinesisch.<\/h2>\n\n\n\n<p class=\"has-primary-color has-text-color has-link-color wp-elements-4e903051266c109e2e8ed52e0ed2784d\" style=\"font-size:clamp(0.875em, 0.875rem + ((1vw - 0.2em) * 0.281), 1.1em);\"><strong>Welterfahrung im Gep\u00e4ck:<\/strong> Dank meiner 30-j\u00e4hrigen internationalen Erfahrung l\u00e4uft Ihre Tour <strong>reibungslos, humorvoll und in Ihrer Sprache<\/strong> (Deutsch, Englisch) ab, egal ob Sie Anf\u00e4nger oder Profi sind.<\/p>\n\n\n\n<h2 class=\"wp-block-heading\" style=\"font-size:clamp(0.875em, 0.875rem + ((1vw - 0.2em) * 0.531), 1.3em);\"><mark style=\"background-color:rgba(0, 0, 0, 0);color:#0b0b0b\" class=\"has-inline-color\"><strong><strong>Lassen Sie uns gemeinsam Wiens Charme einfangen! Buchen Sie jetzt Ihre private Foto-Expedition!<\/strong><\/strong><\/mark><\/h2>\n<\/div>\n\n\n\n<p><\/p>\n\n\n\n<div class=\"wp-block-group alignfull has-background has-global-padding is-layout-constrained wp-container-core-group-is-layout-11d0b287 wp-block-group-is-layout-constrained\" style=\"background-color:#d9dee3;margin-top:0;margin-bottom:0;padding-top:var(--wp--preset--spacing--superbspacing-xlarge);padding-right:var(--wp--preset--spacing--superbspacing-small);padding-bottom:var(--wp--preset--spacing--superbspacing-xlarge);padding-left:var(--wp--preset--spacing--superbspacing-small)\">\n<div class=\"wp-block-columns alignwide is-layout-flex wp-container-core-columns-is-layout-f9d87e41 wp-block-columns-is-layout-flex\">\n<div class=\"wp-block-column is-vertically-aligned-center is-layout-flow wp-container-core-column-is-layout-db2cb278 wp-block-column-is-layout-flow\" style=\"flex-basis:25%\">\n<figure class=\"wp-block-image aligncenter size-full has-custom-border\"><a href=\"https:\/\/fremdenfuehrer.wien\/?page_id=806\"><img loading=\"lazy\" decoding=\"async\" width=\"800\" height=\"969\" src=\"https:\/\/fremdenfuehrer.wien\/wp-content\/uploads\/2025\/11\/gelaender.jpg\" alt=\"\" class=\"wp-image-1337\" style=\"border-radius:0px;object-fit:cover\" srcset=\"https:\/\/fremdenfuehrer.wien\/wp-content\/uploads\/2025\/11\/gelaender.jpg 800w, https:\/\/fremdenfuehrer.wien\/wp-content\/uploads\/2025\/11\/gelaender-480x581.jpg 480w\" sizes=\"auto, (max-width: 800px) 100vw, 800px\" \/><\/a><\/figure>\n\n\n\n<div class=\"wp-block-group has-global-padding is-layout-constrained wp-container-core-group-is-layout-19e250f3 wp-block-group-is-layout-constrained\">\n<div class=\"wp-block-group has-global-padding is-layout-constrained wp-container-core-group-is-layout-19e250f3 wp-block-group-is-layout-constrained\">\n<h3 class=\"wp-block-heading has-text-align-center has-contrast-color has-text-color\" style=\"margin-top:var(--wp--preset--spacing--superbspacing-xxsmall);font-size:clamp(15.747px, 0.984rem + ((1vw - 3.2px) * 0.645), 24px);\">Dummy 01 &amp; <br>Dummy 01<\/h3>\n<\/div>\n\n\n\n<p class=\"has-text-align-center has-mono-2-color has-text-color\" style=\"margin-top:5px;margin-bottom:0;font-size:clamp(14px, 0.875rem + ((1vw - 3.2px) * 0.313), 18px);\">2 Std.<br><\/p>\n\n\n\n<div class=\"wp-block-buttons is-content-justification-center is-layout-flex wp-container-core-buttons-is-layout-a89b3969 wp-block-buttons-is-layout-flex\">\n<div class=\"wp-block-button\"><a class=\"wp-block-button__link wp-element-button\" href=\"https:\/\/fremdenfuehrer.wien\/?page_id=806\">Dummy 01<\/a><\/div>\n<\/div>\n<\/div>\n<\/div>\n\n\n\n<div class=\"wp-block-column is-vertically-aligned-center is-layout-flow wp-container-core-column-is-layout-db2cb278 wp-block-column-is-layout-flow\" style=\"flex-basis:25%\">\n<figure class=\"wp-block-image aligncenter size-full has-custom-border\"><a href=\"https:\/\/fremdenfuehrer.wien\/wp-admin\/post.php?post=1395&amp;action=edit\"><img loading=\"lazy\" decoding=\"async\" width=\"800\" height=\"969\" src=\"https:\/\/fremdenfuehrer.wien\/wp-content\/uploads\/2025\/11\/ampel-queer.jpg\" alt=\"\" class=\"wp-image-1332\" style=\"border-radius:0px;object-fit:cover\" srcset=\"https:\/\/fremdenfuehrer.wien\/wp-content\/uploads\/2025\/11\/ampel-queer.jpg 800w, https:\/\/fremdenfuehrer.wien\/wp-content\/uploads\/2025\/11\/ampel-queer-480x581.jpg 480w\" sizes=\"auto, (max-width: 800px) 100vw, 800px\" \/><\/a><\/figure>\n\n\n\n<div class=\"wp-block-group has-global-padding is-layout-constrained wp-container-core-group-is-layout-19e250f3 wp-block-group-is-layout-constrained\">\n<div class=\"wp-block-group has-global-padding is-layout-constrained wp-container-core-group-is-layout-19e250f3 wp-block-group-is-layout-constrained\">\n<h3 class=\"wp-block-heading has-text-align-center has-contrast-color has-text-color\" style=\"margin-top:var(--wp--preset--spacing--superbspacing-xxsmall);font-size:clamp(15.747px, 0.984rem + ((1vw - 3.2px) * 0.645), 24px);\">Dummy 02 &amp; <br>Dummy 02<\/h3>\n<\/div>\n\n\n\n<p class=\"has-text-align-center has-mono-2-color has-text-color\" style=\"margin-top:5px;margin-bottom:0;font-size:clamp(14px, 0.875rem + ((1vw - 3.2px) * 0.313), 18px);\">noch unbekannt<br><\/p>\n\n\n\n<div class=\"wp-block-buttons is-content-justification-center is-layout-flex wp-container-core-buttons-is-layout-a89b3969 wp-block-buttons-is-layout-flex\">\n<div class=\"wp-block-button\"><a class=\"wp-block-button__link wp-element-button\" href=\"https:\/\/fremdenfuehrer.wien\/wp-admin\/post.php?post=1395&amp;action=edit\">Dummy 02<\/a><\/div>\n<\/div>\n<\/div>\n<\/div>\n\n\n\n<div class=\"wp-block-column is-vertically-aligned-center is-layout-flow wp-container-core-column-is-layout-db2cb278 wp-block-column-is-layout-flow\" style=\"flex-basis:25%\">\n<figure class=\"wp-block-image aligncenter size-full has-custom-border\"><img loading=\"lazy\" decoding=\"async\" width=\"800\" height=\"969\" src=\"https:\/\/fremdenfuehrer.wien\/wp-content\/uploads\/2025\/11\/engel.png\" alt=\"\" class=\"wp-image-1505\" style=\"border-radius:0px;object-fit:cover\" srcset=\"https:\/\/fremdenfuehrer.wien\/wp-content\/uploads\/2025\/11\/engel.png 800w, https:\/\/fremdenfuehrer.wien\/wp-content\/uploads\/2025\/11\/engel-480x581.png 480w\" sizes=\"auto, (max-width: 800px) 100vw, 800px\" \/><\/figure>\n\n\n\n<div class=\"wp-block-group has-global-padding is-layout-constrained wp-container-core-group-is-layout-19e250f3 wp-block-group-is-layout-constrained\">\n<div class=\"wp-block-group has-global-padding is-layout-constrained wp-container-core-group-is-layout-19e250f3 wp-block-group-is-layout-constrained\">\n<h3 class=\"wp-block-heading has-text-align-center has-contrast-color has-text-color\" style=\"margin-top:var(--wp--preset--spacing--superbspacing-xxsmall);font-size:clamp(15.747px, 0.984rem + ((1vw - 3.2px) * 0.645), 24px);\">Dummy 03 &amp; <br>Dummy 03<\/h3>\n<\/div>\n\n\n\n<p class=\"has-text-align-center has-mono-2-color has-text-color\" style=\"margin-top:5px;margin-bottom:0;font-size:clamp(14px, 0.875rem + ((1vw - 3.2px) * 0.313), 18px);\">noch unbekannt<br><\/p>\n\n\n\n<div class=\"wp-block-buttons is-content-justification-center is-layout-flex wp-container-core-buttons-is-layout-a89b3969 wp-block-buttons-is-layout-flex\">\n<div class=\"wp-block-button\"><a class=\"wp-block-button__link wp-element-button\">Dummy 03<\/a><\/div>\n<\/div>\n<\/div>\n<\/div>\n\n\n\n<div class=\"wp-block-column is-vertically-aligned-center is-layout-flow wp-container-core-column-is-layout-db2cb278 wp-block-column-is-layout-flow\" style=\"flex-basis:25%\">\n<figure class=\"wp-block-image aligncenter size-full has-custom-border\"><img loading=\"lazy\" decoding=\"async\" width=\"800\" height=\"969\" src=\"https:\/\/fremdenfuehrer.wien\/wp-content\/uploads\/2025\/11\/alte-fassade.jpg\" alt=\"\" class=\"wp-image-1340\" style=\"border-radius:0px;object-fit:cover\" srcset=\"https:\/\/fremdenfuehrer.wien\/wp-content\/uploads\/2025\/11\/alte-fassade.jpg 800w, https:\/\/fremdenfuehrer.wien\/wp-content\/uploads\/2025\/11\/alte-fassade-480x581.jpg 480w\" sizes=\"auto, (max-width: 800px) 100vw, 800px\" \/><\/figure>\n\n\n\n<div class=\"wp-block-group has-global-padding is-layout-constrained wp-container-core-group-is-layout-19e250f3 wp-block-group-is-layout-constrained\">\n<div class=\"wp-block-group has-global-padding is-layout-constrained wp-container-core-group-is-layout-19e250f3 wp-block-group-is-layout-constrained\">\n<h3 class=\"wp-block-heading has-text-align-center has-contrast-color has-text-color\" style=\"margin-top:var(--wp--preset--spacing--superbspacing-xxsmall);font-size:clamp(15.747px, 0.984rem + ((1vw - 3.2px) * 0.645), 24px);\">Wien mal nicht so <br>kaiserlich!<\/h3>\n<\/div>\n\n\n\n<p class=\"has-text-align-center has-mono-2-color has-text-color\" style=\"margin-top:5px;margin-bottom:0;font-size:clamp(14px, 0.875rem + ((1vw - 3.2px) * 0.313), 18px);\">noch unbekannt<br><\/p>\n\n\n\n<div class=\"wp-block-buttons is-content-justification-center is-layout-flex wp-container-core-buttons-is-layout-a89b3969 wp-block-buttons-is-layout-flex\">\n<div class=\"wp-block-button\"><a class=\"wp-block-button__link wp-element-button\">Dummy 04<\/a><\/div>\n<\/div>\n<\/div>\n<\/div>\n<\/div>\n<\/div>\n\n\n\n<div class=\"wp-block-group has-mono-3-background-color has-background has-superbfont-medium-font-size has-global-padding is-layout-constrained wp-container-core-group-is-layout-6d33c453 wp-block-group-is-layout-constrained\" style=\"margin-top:var(--wp--preset--spacing--superbspacing-xxsmall);margin-bottom:var(--wp--preset--spacing--superbspacing-xxsmall);padding-top:var(--wp--preset--spacing--superbspacing-small);padding-right:var(--wp--preset--spacing--superbspacing-small);padding-bottom:var(--wp--preset--spacing--superbspacing-small);padding-left:var(--wp--preset--spacing--superbspacing-small)\">\n<p class=\"has-text-align-left has-mono-1-color has-text-color has-link-color wp-elements-9f95e5995bf45d2d42af694b3534257d\" style=\"margin-top:0;margin-bottom:0;font-size:clamp(15.747px, 0.984rem + ((1vw - 3.2px) * 0.645), 24px);\">Eine kleine Auswahl an Wien Fotos<\/p>\n\n\n\n<p class=\"has-mono-1-color has-text-color has-link-color has-superbfont-small-font-size wp-elements-3b55d62b1096e3295366ddab3e427993\" style=\"margin-top:var(--wp--preset--spacing--superbspacing-xxsmall);font-size:clamp(15.747px, 0.984rem + ((1vw - 3.2px) * 0.645), 24px);\">Mehr und Aufnahmen aus der ganze Welt finden Sie auf meiner Webseite: <a href=\"http:\/\/www.graphicandphoto.com\" target=\"_blank\" rel=\"noreferrer noopener\">www.graphicandphoto.com<\/a><\/p>\n<\/div>\n\n\n\n<p><\/p>\n\n\n\n<figure class=\"wp-block-gallery has-nested-images columns-default is-cropped wp-block-gallery-3 is-layout-flex wp-block-gallery-is-layout-flex\">\n<figure class=\"wp-block-image size-large\"><img loading=\"lazy\" decoding=\"async\" width=\"1170\" height=\"570\" data-id=\"1511\" src=\"https:\/\/fremdenfuehrer.wien\/wp-content\/uploads\/2025\/11\/wien_04-1170x570.jpg\" alt=\"\" class=\"wp-image-1511\"\/><figcaption class=\"wp-element-caption\">Prater<\/figcaption><\/figure>\n\n\n\n<figure class=\"wp-block-image size-large\"><img loading=\"lazy\" decoding=\"async\" width=\"1170\" height=\"570\" data-id=\"1439\" src=\"https:\/\/fremdenfuehrer.wien\/wp-content\/uploads\/2025\/11\/donauinsel-5164595-1170x570.jpg\" alt=\"\" class=\"wp-image-1439\"\/><figcaption class=\"wp-element-caption\">Donauplatte<\/figcaption><\/figure>\n\n\n\n<figure class=\"wp-block-image size-large\"><img loading=\"lazy\" decoding=\"async\" width=\"1000\" height=\"570\" data-id=\"1149\" src=\"https:\/\/fremdenfuehrer.wien\/wp-content\/uploads\/2025\/11\/ringstrasse-1000x570.jpg\" alt=\"\" class=\"wp-image-1149\"\/><figcaption class=\"wp-element-caption\">Ringstrasse<\/figcaption><\/figure>\n\n\n\n<figure class=\"wp-block-image size-large\"><img loading=\"lazy\" decoding=\"async\" width=\"1000\" height=\"570\" data-id=\"1116\" src=\"https:\/\/fremdenfuehrer.wien\/wp-content\/uploads\/2025\/11\/burgtor-1000x570.jpg\" alt=\"\" class=\"wp-image-1116\"\/><figcaption class=\"wp-element-caption\">Burgtor<\/figcaption><\/figure>\n\n\n\n<figure class=\"wp-block-image size-large\"><img loading=\"lazy\" decoding=\"async\" width=\"900\" height=\"570\" data-id=\"649\" src=\"https:\/\/fremdenfuehrer.wien\/wp-content\/uploads\/2025\/11\/cities_vienna_37-1-900x570.jpg\" alt=\"\" class=\"wp-image-649\"\/><figcaption class=\"wp-element-caption\">Museen<\/figcaption><\/figure>\n\n\n\n<figure class=\"wp-block-image size-large\"><img loading=\"lazy\" decoding=\"async\" width=\"900\" height=\"570\" data-id=\"703\" src=\"https:\/\/fremdenfuehrer.wien\/wp-content\/uploads\/2025\/11\/cities_vienna_32-900x570.jpg\" alt=\"\" class=\"wp-image-703\"\/><figcaption class=\"wp-element-caption\">Innenstadt<\/figcaption><\/figure>\n<\/figure>\n\n\n\n<div class=\"wp-block-group alignfull has-background has-global-padding is-layout-constrained wp-container-core-group-is-layout-fd4b4ef8 wp-block-group-is-layout-constrained\" style=\"background-color:#eec9c9;padding-top:var(--wp--preset--spacing--superbspacing-xxlarge);padding-right:var(--wp--preset--spacing--superbspacing-small);padding-bottom:var(--wp--preset--spacing--superbspacing-xxlarge);padding-left:var(--wp--preset--spacing--superbspacing-small)\">\n<div class=\"wp-block-columns alignwide is-layout-flex wp-container-core-columns-is-layout-e36e1db9 wp-block-columns-is-layout-flex\" style=\"border-radius:0px;margin-top:-71px;margin-bottom:-71px\">\n<div class=\"wp-block-column is-vertically-aligned-center is-layout-flow wp-container-core-column-is-layout-db2cb278 wp-block-column-is-layout-flow\">\n<h1 class=\"wp-block-heading alignwide\" id=\"we-re-a-studio-in-berlin-with-an-international-practice-in-architecture-urban-planning-and-interior-design-we-believe-in-sharing-knowledge-and-promoting-dialogue-to-increase-the-creative-potential-of-collaboration\" style=\"font-size:clamp(22.041px, 1.378rem + ((1vw - 3.2px) * 1.091), 36px);line-height:1.1\"><mark style=\"background-color:rgba(0, 0, 0, 0)\" class=\"has-inline-color has-contrast-color\">*<\/mark><mark style=\"background-color:rgba(0, 0, 0, 0)\" class=\"has-inline-color has-contrast-color\">Fototouren:<\/mark><\/h1>\n\n\n\n<h3 class=\"wp-block-heading has-text-align-left has-superbfont-large-font-size\">Bitte zu beachten!!<\/h3>\n\n\n\n<ul class=\"wp-block-list\">\n<li class=\"has-contrast-dark-color has-text-color has-link-color wp-elements-17fe3e69d9f77def9dcfbe12297237fc\"><mark style=\"background-color:rgba(0, 0, 0, 0)\" class=\"has-inline-color has-contrast-color\">Der Witterung entsprechende Kleidung anziehen oder mitbringen<\/mark><\/li>\n\n\n\n<li class=\"has-contrast-dark-color has-text-color has-link-color wp-elements-0a20dc0c43e46963d85046d33fbd5f84\">Stativ bitte nicht vergessen, f\u00fcr Mobiltelefone auch entprechendes Equipment nicht vergessen.<\/li>\n\n\n\n<li class=\"has-contrast-dark-color has-text-color has-link-color wp-elements-59c36e99e4fe544edbb2f84fb2a68ec1\">M\u00f6glichst Lichtstarke Objektive verwenden<\/li>\n\n\n\n<li class=\"has-primary-color has-text-color has-link-color wp-elements-acd3e1d4f19e4cf6e427a3ba45e5627e\"><mark style=\"background-color:rgba(0, 0, 0, 0);color:#0b0b0b\" class=\"has-inline-color\">Beherrschung der Grundfunktionen der Kamera oder Handy<\/mark><\/li>\n\n\n\n<li class=\"has-primary-color has-text-color has-link-color wp-elements-804220932abd061458cc0ae0d5877a42\"><mark style=\"background-color:rgba(0, 0, 0, 0);color:#0b0b0b\" class=\"has-inline-color\">Ich fotografiere mit Nikon und kann daher nur bedingt andere Systeme unterst\u00fctzen<\/mark><\/li>\n<\/ul>\n<\/div>\n<\/div>\n<\/div>\n","protected":false},"excerpt":{"rendered":"<p>Schluss mit verwackelten Schnitzel-Fotos! Sie lieben Wien, aber Ihre Fotos sehen aus wie vom Kaiser Franz Josef? Kein Problem! Ich kombiniere die Expertise einer staatlich gepr\u00fcften Fremdenf\u00fchrerin mit dem geschulten Auge einer gelernten Fotografin, um Ihnen die sch\u00f6nsten und witzigsten Motive Wiens zu garantieren \u2013 von den kaiserlichen Prunkbauten bis zur versteckten Gasse mit dem [&hellip;]<\/p>\n","protected":false},"author":1,"featured_media":0,"parent":0,"menu_order":0,"comment_status":"closed","ping_status":"closed","template":"","meta":{"footnotes":""},"class_list":["post-1474","page","type-page","status-publish","hentry"],"jetpack_sharing_enabled":true,"_links":{"self":[{"href":"https:\/\/fremdenfuehrer.wien\/index.php?rest_route=\/wp\/v2\/pages\/1474","targetHints":{"allow":["GET"]}}],"collection":[{"href":"https:\/\/fremdenfuehrer.wien\/index.php?rest_route=\/wp\/v2\/pages"}],"about":[{"href":"https:\/\/fremdenfuehrer.wien\/index.php?rest_route=\/wp\/v2\/types\/page"}],"author":[{"embeddable":true,"href":"https:\/\/fremdenfuehrer.wien\/index.php?rest_route=\/wp\/v2\/users\/1"}],"replies":[{"embeddable":true,"href":"https:\/\/fremdenfuehrer.wien\/index.php?rest_route=%2Fwp%2Fv2%2Fcomments&post=1474"}],"version-history":[{"count":20,"href":"https:\/\/fremdenfuehrer.wien\/index.php?rest_route=\/wp\/v2\/pages\/1474\/revisions"}],"predecessor-version":[{"id":1841,"href":"https:\/\/fremdenfuehrer.wien\/index.php?rest_route=\/wp\/v2\/pages\/1474\/revisions\/1841"}],"wp:attachment":[{"href":"https:\/\/fremdenfuehrer.wien\/index.php?rest_route=%2Fwp%2Fv2%2Fmedia&parent=1474"}],"curies":[{"name":"wp","href":"https:\/\/api.w.org\/{rel}","templated":true}]}}