{"id":1407,"date":"2025-11-13T21:10:21","date_gmt":"2025-11-13T20:10:21","guid":{"rendered":"https:\/\/fremdenfuehrer.wien\/?page_id=1407"},"modified":"2025-12-11T20:16:23","modified_gmt":"2025-12-11T19:16:23","slug":"firmen-2","status":"publish","type":"page","link":"https:\/\/fremdenfuehrer.wien\/?page_id=1407","title":{"rendered":""},"content":{"rendered":"\n<div superb-addons-animation=\"fadeIn\" class=\"wp-block-cover\" style=\"padding-top:var(--wp--preset--spacing--superbspacing-medium);padding-right:0;padding-bottom:var(--wp--preset--spacing--superbspacing-medium);padding-left:0;min-height:413px;aspect-ratio:unset;opacity: 0;\"><img loading=\"lazy\" decoding=\"async\" width=\"1170\" height=\"570\" class=\"wp-block-cover__image-background wp-image-1849 size-large\" alt=\"\" src=\"https:\/\/fremdenfuehrer.wien\/wp-content\/uploads\/2025\/12\/hallstatt-8357170-1170x570.jpg\" style=\"object-position:50% 75%\" data-object-fit=\"cover\" data-object-position=\"50% 75%\"\/><span aria-hidden=\"true\" class=\"wp-block-cover__background has-background-dim-20 has-background-dim\" style=\"background-color:#61666d\"><\/span><div class=\"wp-block-cover__inner-container is-layout-flow wp-block-cover-is-layout-flow\">\n<div class=\"wp-block-group has-global-padding is-layout-constrained wp-container-core-group-is-layout-75bc714d wp-block-group-is-layout-constrained\" style=\"padding-top:0;padding-right:var(--wp--preset--spacing--superbspacing-small);padding-bottom:0;padding-left:var(--wp--preset--spacing--superbspacing-small)\">\n<div class=\"wp-block-group has-global-padding is-content-justification-center is-layout-constrained wp-container-core-group-is-layout-fdf4018a wp-block-group-is-layout-constrained\" style=\"margin-top:0;margin-bottom:0\">\n<h1 superb-addons-animation=\"fadeInLeft\" class=\"wp-block-heading has-text-align-center has-text-color\" style=\"border-style:none;border-width:0px;color:#fdfdfd;font-size:clamp(1.743em, 1.743rem + ((1vw - 0.2em) * 1.571), 3em);font-style:normal;font-weight:400;opacity: 0;\"><mark style=\"background-color:#fcb900;color:#fcb900\" class=\"has-inline-color\">.<\/mark><mark style=\"background-color:#fcb900;color:#0b0b0b\" class=\"has-inline-color\"><strong>F\u00fchrungen in ganz \u00d6sterreich<\/strong><\/mark><mark style=\"background-color:#fcb900;color:#fcb900\" class=\"has-inline-color\">.<\/mark><\/h1>\n\n\n\n<p superb-addons-animation=\"fadeInRight\" class=\"has-text-align-center has-text-color has-superbfont-small-font-size\" style=\"color:#fdfdfd;margin-bottom:var(--wp--preset--spacing--superbspacing-small);opacity: 0;\"><mark style=\"background-color:#fcb900;color:#0b0b0b\" class=\"has-inline-color\">Meine Lizenz als gepr\u00fcfte Fremdenf\u00fchrerin \u00f6ffnet Ihnen die T\u00fcren zu den sch\u00f6nsten Regionen:<br> Ich f\u00fchre Sie kompetent und leidenschaftlich durch ganz Wien<\/mark><\/p>\n\n\n\n<div class=\"wp-block-buttons is-content-justification-center is-layout-flex wp-container-core-buttons-is-layout-a89b3969 wp-block-buttons-is-layout-flex\">\n<div style=\"opacity: 0;\" superb-addons-animation=\"zoomIn\" class=\"wp-block-button is-style-fill\"><a class=\"wp-block-button__link has-primary-color has-luminous-vivid-amber-background-color has-text-color has-background has-link-color wp-element-button\" href=\"https:\/\/fremdenfuehrer.wien\/?page_id=269\" style=\"border-width:1px\">Wien<\/a><\/div>\n\n\n\n<div style=\"opacity: 0;\" superb-addons-animation=\"zoomIn\" class=\"wp-block-button is-style-outline is-style-outline--1\"><a class=\"wp-block-button__link has-primary-color has-luminous-vivid-amber-background-color has-text-color has-background has-link-color has-border-color has-contrast-dark-border-color wp-element-button\" href=\"https:\/\/fremdenfuehrer.wien\/?page_id=1101\" style=\"border-width:1px\">Nieder\u00f6sterreich<\/a><\/div>\n\n\n\n<div style=\"opacity: 0;\" superb-addons-animation=\"zoomIn\" class=\"wp-block-button is-style-outline is-style-outline--2\"><a class=\"wp-block-button__link has-primary-color has-luminous-vivid-amber-background-color has-text-color has-background has-link-color has-border-color has-contrast-dark-border-color wp-element-button\" href=\"https:\/\/fremdenfuehrer.wien\/wp-admin\/post.php?post=411\" style=\"border-width:1px\">\u00d6sterreich<\/a><\/div>\n\n\n\n<div class=\"wp-block-button is-style-outline is-style-outline--3\"><a class=\"wp-block-button__link has-primary-color has-luminous-vivid-amber-background-color has-text-color has-background has-link-color has-border-color has-contrast-dark-border-color wp-element-button\" href=\"https:\/\/fremdenfuehrer.wien\/?page_id=1318\" style=\"border-width:1px\">Firmen<\/a><\/div>\n<\/div>\n<\/div>\n<\/div>\n<\/div><\/div>\n\n\n\n<p><\/p>\n\n\n\n<div class=\"wp-block-group alignfull has-background has-global-padding is-layout-constrained wp-container-core-group-is-layout-8bbd0b3b wp-block-group-is-layout-constrained\" style=\"background-color:#e4d8d8;margin-top:0;margin-bottom:0;padding-top:var(--wp--preset--spacing--superbspacing-large);padding-right:var(--wp--preset--spacing--superbspacing-small);padding-bottom:var(--wp--preset--spacing--superbspacing-large);padding-left:var(--wp--preset--spacing--superbspacing-small)\">\n<div class=\"wp-block-group alignwide has-global-padding is-layout-constrained wp-container-core-group-is-layout-44bcd671 wp-block-group-is-layout-constrained\" style=\"padding-top:var(--wp--preset--spacing--superbspacing-xsmall);padding-bottom:var(--wp--preset--spacing--superbspacing-xsmall)\">\n<p class=\"has-primary-hover-color has-text-color has-link-color has-superbfont-large-font-size wp-elements-7fd4db4122864a786d508a1a694de2f1\">Warum immer nur Wien?<\/p>\n\n\n\n<h2 class=\"wp-block-heading has-text-align-left has-superbfont-xlarge-font-size\" style=\"line-height:1.2\"><mark style=\"background-color:rgba(0, 0, 0, 0);color:#0b0b0b\" class=\"has-inline-color\">\u00d6sterreichs zauberhafte Vielfalt:<br>Das Land, welches Sie lieben werden.<\/mark><\/h2>\n<\/div>\n\n\n\n<div class=\"wp-block-columns alignwide are-vertically-aligned-center is-layout-flex wp-container-core-columns-is-layout-25593187 wp-block-columns-is-layout-flex\">\n<div class=\"wp-block-column is-vertically-aligned-center has-primary-color has-text-color has-link-color wp-elements-ca23c60b1dc162df6a09d037fe6d659e is-layout-flow wp-container-core-column-is-layout-a1628350 wp-block-column-is-layout-flow\" style=\"padding-top:0;padding-right:0;padding-bottom:0;padding-left:0\">\n<div class=\"wp-block-group is-layout-flow wp-container-core-group-is-layout-ff697075 wp-block-group-is-layout-flow\">\n<p class=\"has-text-align-left has-mono-2-color has-text-color has-superbfont-small-font-size\"><mark style=\"background-color:rgba(0, 0, 0, 0);color:#0b0b0b\" class=\"has-inline-color\">Wien ist weltber\u00fchmt \u2013 die majest\u00e4tische Hofburg, der charmante Stephansdom, die einzigartige Kaffeekultur. Doch jenseits der kaiserlichen Metropole liegt ein Land, das mit jedem Bundesland neue, unvergessliche Erlebnisse bereith\u00e4lt. \u00d6sterreich ist ein Mosaik aus alpiner Erhabenheit, barockem \u00dcberschwang und l\u00e4ndlicher Urspr\u00fcnglichkeit, das es voll zu entdecken gilt. Ich bin Ihre Br\u00fccke zu diesen neun einzigartigen Welten und biete speziell f\u00fcr Firmen, Teambuildings und exklusive Incentives ma\u00dfgeschneiderte Touren.<\/mark><\/p>\n\n\n\n<p class=\"has-text-align-left has-primary-color has-text-color has-superbfont-small-font-size\">Wir tauchen ein in den alpinen Zauber und die Barockjuwelen des Landes: Entdecken Sie die <strong>Mozartstadt Salzburg<\/strong> mit ihren festlichen Traditionen, barocken Gassen und der Festung Hohensalzburg. Erleben Sie die majest\u00e4tischen Gipfel <strong>Tirols<\/strong> und <strong>Vorarlbergs<\/strong>, die frische Bergluft und die glasklaren Seen <strong>K\u00e4rntens<\/strong>. Diese Regionen sind ideal f\u00fcr aktive Teambuildings und unvergessliche Firmen-Incentive-Reisen. Anschlie\u00dfend widmen wir uns dem Genuss und der Kultur in der Mitte des Landes.<\/p>\n\n\n\n<p class=\"has-text-align-left has-mono-2-color has-text-color has-superbfont-small-font-size\"><\/p>\n<\/div>\n<\/div>\n\n\n\n<div class=\"wp-block-column is-vertically-aligned-center has-primary-color has-text-color has-link-color wp-elements-2090aa46217b778d4917b79686ff20da is-layout-flow wp-container-core-column-is-layout-3c309a52 wp-block-column-is-layout-flow\" style=\"padding-top:0;padding-right:0;padding-bottom:0;padding-left:0\">\n<p class=\"has-text-align-left has-primary-color has-text-color has-superbfont-small-font-size\">Folgen Sie mit mir dem Verlauf der Donau durch die UNESCO-Welterbe-Region Wachau (<strong>Nieder\u00f6sterreich<\/strong>) mit ihren mittelalterlichen Burgen und dem preisgekr\u00f6nten Weinbau. Erforschen Sie die kulinarische Genussregion <strong>Steiermark<\/strong> oder die weiten Seen und charmanten Kellergassen des <strong>Burgenlands<\/strong>. Jede Region ist ein Fest f\u00fcr die Sinne und bietet einmalige Motive f\u00fcr Ihre Reisegruppe.<\/p>\n\n\n\n<p class=\"has-text-align-left has-primary-color has-text-color has-superbfont-small-font-size\">Als <strong>staatlich gepr\u00fcfte Fremdenf\u00fchrerin<\/strong> (Austria Guide) und erfahrene <strong>Reisebegleitung<\/strong> f\u00fchre ich Sie mit profundem Wissen, Wiener Charme und garantierter guter Laune durch <strong>alle neun Bundesl\u00e4nder<\/strong>. Wenn Sie eine <strong>Fremdenf\u00fchrer \u00d6sterreich<\/strong> oder einen <strong>Austria Guide buchen<\/strong> m\u00f6chten, sind Sie hier genau richtig. Wir organisieren Ihr Erlebnis von A bis Z, egal ob Sie <strong>individuelle Touren Salzburg<\/strong> oder eine mehrt\u00e4gige <strong>Kulturreise<\/strong> durch ganz \u00d6sterreich planen. Ihr unvergessliches Gesamterlebnis wartet: Sprechen Sie uns jetzt f\u00fcr Ihre individuelle Firmen- oder Incentive-Reise an!<\/p>\n<\/div>\n<\/div>\n\n\n\n<p class=\"has-text-align-left has-mono-2-color has-text-color has-superbfont-small-font-size\"><\/p>\n<\/div>\n","protected":false},"excerpt":{"rendered":"<p>Warum immer nur Wien? \u00d6sterreichs zauberhafte Vielfalt:Das Land, welches Sie lieben werden. Wien ist weltber\u00fchmt \u2013 die majest\u00e4tische Hofburg, der charmante Stephansdom, die einzigartige Kaffeekultur. Doch jenseits der kaiserlichen Metropole liegt ein Land, das mit jedem Bundesland neue, unvergessliche Erlebnisse bereith\u00e4lt. \u00d6sterreich ist ein Mosaik aus alpiner Erhabenheit, barockem \u00dcberschwang und l\u00e4ndlicher Urspr\u00fcnglichkeit, das es [&hellip;]<\/p>\n","protected":false},"author":1,"featured_media":0,"parent":0,"menu_order":0,"comment_status":"closed","ping_status":"closed","template":"","meta":{"footnotes":""},"class_list":["post-1407","page","type-page","status-publish","hentry"],"jetpack_sharing_enabled":true,"_links":{"self":[{"href":"https:\/\/fremdenfuehrer.wien\/index.php?rest_route=\/wp\/v2\/pages\/1407","targetHints":{"allow":["GET"]}}],"collection":[{"href":"https:\/\/fremdenfuehrer.wien\/index.php?rest_route=\/wp\/v2\/pages"}],"about":[{"href":"https:\/\/fremdenfuehrer.wien\/index.php?rest_route=\/wp\/v2\/types\/page"}],"author":[{"embeddable":true,"href":"https:\/\/fremdenfuehrer.wien\/index.php?rest_route=\/wp\/v2\/users\/1"}],"replies":[{"embeddable":true,"href":"https:\/\/fremdenfuehrer.wien\/index.php?rest_route=%2Fwp%2Fv2%2Fcomments&post=1407"}],"version-history":[{"count":18,"href":"https:\/\/fremdenfuehrer.wien\/index.php?rest_route=\/wp\/v2\/pages\/1407\/revisions"}],"predecessor-version":[{"id":1853,"href":"https:\/\/fremdenfuehrer.wien\/index.php?rest_route=\/wp\/v2\/pages\/1407\/revisions\/1853"}],"wp:attachment":[{"href":"https:\/\/fremdenfuehrer.wien\/index.php?rest_route=%2Fwp%2Fv2%2Fmedia&parent=1407"}],"curies":[{"name":"wp","href":"https:\/\/api.w.org\/{rel}","templated":true}]}}