{"id":1101,"date":"2025-11-06T16:46:47","date_gmt":"2025-11-06T15:46:47","guid":{"rendered":"https:\/\/fremdenfuehrer.wien\/?page_id=1101"},"modified":"2025-11-22T19:10:43","modified_gmt":"2025-11-22T18:10:43","slug":"fuehrungen-niederoesterreich","status":"publish","type":"page","link":"https:\/\/fremdenfuehrer.wien\/?page_id=1101","title":{"rendered":""},"content":{"rendered":"\n<div superb-addons-animation=\"fadeIn\" class=\"wp-block-cover alignwide\" style=\"padding-top:var(--wp--preset--spacing--superbspacing-medium);padding-right:0;padding-bottom:var(--wp--preset--spacing--superbspacing-medium);padding-left:0;min-height:50px;aspect-ratio:unset;opacity: 0;\"><img loading=\"lazy\" decoding=\"async\" width=\"1000\" height=\"667\" class=\"wp-block-cover__image-background wp-image-1079 size-full\" alt=\"\" src=\"https:\/\/fremdenfuehrer.wien\/wp-content\/uploads\/2025\/11\/wiese.jpg\" data-object-fit=\"cover\" srcset=\"https:\/\/fremdenfuehrer.wien\/wp-content\/uploads\/2025\/11\/wiese.jpg 1000w, https:\/\/fremdenfuehrer.wien\/wp-content\/uploads\/2025\/11\/wiese-480x320.jpg 480w\" sizes=\"auto, (max-width: 1000px) 100vw, 1000px\" \/><span aria-hidden=\"true\" class=\"wp-block-cover__background has-background-dim-40 has-background-dim\" style=\"background-color:#746313\"><\/span><div class=\"wp-block-cover__inner-container is-layout-flow wp-block-cover-is-layout-flow\">\n<div class=\"wp-block-group has-global-padding is-layout-constrained wp-container-core-group-is-layout-27ec71c5 wp-block-group-is-layout-constrained\" style=\"padding-top:0;padding-right:var(--wp--preset--spacing--superbspacing-small);padding-bottom:0;padding-left:var(--wp--preset--spacing--superbspacing-small)\">\n<div class=\"wp-block-group has-global-padding is-content-justification-center is-layout-constrained wp-container-core-group-is-layout-32b5ec3b wp-block-group-is-layout-constrained\" style=\"margin-top:0;margin-bottom:0\">\n<h1 superb-addons-animation=\"fadeIn\" class=\"wp-block-heading has-text-align-center has-text-color has-superbfont-xxlarge-font-size\" style=\"color:#fdfdfd;font-style:normal;font-weight:400;opacity: 0;\">F\u00fchrungen in ganz Nieder\u00f6sterreich<\/h1>\n\n\n\n<p class=\"has-text-align-center has-text-color has-superbfont-small-font-size\" style=\"color:#fdfdfd;margin-bottom:var(--wp--preset--spacing--superbspacing-small)\">Meine Lizenz als gepr\u00fcfte Fremdenf\u00fchrerin \u00f6ffnet Ihnen die T\u00fcren zu den sch\u00f6nsten Regionen: Ich f\u00fchre Sie kompetent und leidenschaftlich durch ganz \u00d6sterreich.<\/p>\n\n\n\n<div class=\"wp-block-buttons is-content-justification-center is-layout-flex wp-container-core-buttons-is-layout-a89b3969 wp-block-buttons-is-layout-flex\">\n<div class=\"wp-block-button is-style-outline is-style-outline--1\"><a class=\"wp-block-button__link has-contrast-light-color has-text-color has-link-color has-border-color has-contrast-light-border-color wp-element-button\" href=\"https:\/\/fremdenfuehrer.wien\/wp-admin\/post.php?post=411\" style=\"border-width:1px\">\u00d6sterreich<\/a><\/div>\n\n\n\n<div class=\"wp-block-button is-style-outline is-style-outline--2\"><a class=\"wp-block-button__link has-contrast-light-color has-text-color has-link-color wp-element-button\" href=\"https:\/\/fremdenfuehrer.wien\/?page_id=269\" style=\"border-width:1px\">Wien<\/a><\/div>\n\n\n\n<div class=\"wp-block-button is-style-outline is-style-outline--3\"><a class=\"wp-block-button__link has-contrast-light-color has-text-color has-link-color wp-element-button\" style=\"border-width:1px\">Firmenf\u00fchrungen<\/a><\/div>\n\n\n\n<div class=\"wp-block-button is-style-outline is-style-outline--4\"><a class=\"wp-block-button__link has-contrast-light-color has-text-color has-link-color wp-element-button\" href=\"https:\/\/fremdenfuehrer.wien\/?page_id=1474\" style=\"border-width:1px\">Foto-Touren<\/a><\/div>\n<\/div>\n<\/div>\n<\/div>\n<\/div><\/div>\n\n\n\n<div class=\"wp-block-group has-background has-superbfont-medium-font-size has-global-padding is-layout-constrained wp-container-core-group-is-layout-595ef9c5 wp-block-group-is-layout-constrained\" style=\"background-color:#f6c5a2;margin-top:var(--wp--preset--spacing--superbspacing-xxsmall);margin-bottom:var(--wp--preset--spacing--superbspacing-xxsmall);padding-top:var(--wp--preset--spacing--superbspacing-small);padding-right:var(--wp--preset--spacing--superbspacing-small);padding-bottom:var(--wp--preset--spacing--superbspacing-small);padding-left:var(--wp--preset--spacing--superbspacing-small)\">\n<p class=\"has-text-align-center has-primary-color has-text-color has-link-color wp-elements-1f120991bef8cc1204376e857b3754ba\" style=\"margin-top:0;margin-bottom:0;font-size:clamp(1.502em, 1.502rem + ((1vw - 0.2em) * 1.248), 2.5em);\">Fesselnd, Aufregend, Einzigartig: <br>Ihr Schl\u00fcssel zu \u00d6sterreichs H\u00f6hepunkten!<\/p>\n<\/div>\n\n\n\n<div class=\"wp-block-group has-mono-3-background-color has-background has-superbfont-medium-font-size has-global-padding is-layout-constrained wp-container-core-group-is-layout-6d33c453 wp-block-group-is-layout-constrained\" style=\"margin-top:var(--wp--preset--spacing--superbspacing-xxsmall);margin-bottom:var(--wp--preset--spacing--superbspacing-xxsmall);padding-top:var(--wp--preset--spacing--superbspacing-small);padding-right:var(--wp--preset--spacing--superbspacing-small);padding-bottom:var(--wp--preset--spacing--superbspacing-small);padding-left:var(--wp--preset--spacing--superbspacing-small)\">\n<p class=\"has-text-align-left has-mono-1-color has-text-color has-link-color wp-elements-a62ffe9e267334fa677cfe5fb4e9f21a\" style=\"margin-top:0;margin-bottom:0;font-size:clamp(15.747px, 0.984rem + ((1vw - 3.2px) * 0.645), 24px);\">Grenzenloses Entdecken: Von der Donau bis zu den Alpen<\/p>\n\n\n\n<p class=\"has-mono-1-color has-text-color has-link-color has-superbfont-small-font-size wp-elements-e153ab8f7fbdc387560d49c7f3413209\" style=\"margin-top:var(--wp--preset--spacing--superbspacing-xxsmall);font-size:clamp(15.747px, 0.984rem + ((1vw - 3.2px) * 0.645), 24px);\"><mark style=\"background-color:rgba(0, 0, 0, 0);color:#0b0b0b\" class=\"has-inline-color\">Haben Sie genug von Standard-Reisef\u00fchrern? Wollen Sie nicht nur Sehensw\u00fcrdigkeiten <em>sehen<\/em>, sondern ihre <strong>Geheimnisse l\u00fcften<\/strong> und die Geschichte hautnah sp\u00fcren?<\/mark><\/p>\n\n\n\n<p class=\"has-mono-1-color has-text-color has-link-color has-superbfont-small-font-size wp-elements-39eeecc8832639c6ba3df6e387f53c2f\" style=\"margin-top:var(--wp--preset--spacing--superbspacing-xxsmall);font-size:clamp(15.747px, 0.984rem + ((1vw - 3.2px) * 0.645), 24px);\"><mark style=\"background-color:rgba(0, 0, 0, 0);color:#0b0b0b\" class=\"has-inline-color\">Mit mir erleben Sie \u00d6sterreich so <strong>spannend und fesselnd<\/strong>, dass Sie sich wie ein echter Entdecker f\u00fchlen. Wir bieten Ihnen Perspektiven, die nur Insider kennen \u2013 sei es, um Geschichte zu atmen, Architektur zu bewundern oder einfach die besten kulinarischen Schmankerl zu probieren.<\/mark><\/p>\n<\/div>\n\n\n\n<div class=\"wp-block-group has-mono-3-background-color has-background has-superbfont-medium-font-size has-global-padding is-layout-constrained wp-container-core-group-is-layout-6d33c453 wp-block-group-is-layout-constrained\" style=\"margin-top:var(--wp--preset--spacing--superbspacing-xxsmall);margin-bottom:var(--wp--preset--spacing--superbspacing-xxsmall);padding-top:var(--wp--preset--spacing--superbspacing-small);padding-right:var(--wp--preset--spacing--superbspacing-small);padding-bottom:var(--wp--preset--spacing--superbspacing-small);padding-left:var(--wp--preset--spacing--superbspacing-small)\">\n<p class=\"has-text-align-left has-mono-1-color has-text-color has-link-color wp-elements-d528645087b3d4378b261ac46085ca5c\" style=\"margin-top:0;margin-bottom:0;font-size:clamp(15.747px, 0.984rem + ((1vw - 3.2px) * 0.645), 24px);\">Nieder\u00f6sterreich<\/p>\n\n\n\n<p class=\"has-mono-1-color has-text-color has-link-color has-superbfont-small-font-size wp-elements-f8ba1952aec8709cda39a137d3fd3312\" style=\"margin-top:var(--wp--preset--spacing--superbspacing-xxsmall);font-size:clamp(15.747px, 0.984rem + ((1vw - 3.2px) * 0.645), 24px);\">Nieder\u00f6sterreich besticht durch die <strong>Wachau<\/strong> mit ihren ber\u00fchmten <strong>Kl\u00f6stern<\/strong> wie Melk und G\u00f6ttweig, eingebettet in eine UNESCO-Weltkulturerbe-Landschaft entlang der Donau. Hinzu kommen die vielf\u00e4ltigen Naturjuwelen wie der <strong>Nationalpark Donau-Auen<\/strong> und die beeindruckende Schluchtenlandschaft der <strong>\u00d6tscher-Torm\u00e4uer<\/strong>. Abgerundet wird das Erlebnis durch historische St\u00e4tten wie die <strong>R\u00f6merstadt Carnuntum<\/strong> und die malerischen <strong>Kellergassen<\/strong> im Weinviertel, die zum Genuss regionaler Weine einladen.<\/p>\n<\/div>\n\n\n\n<div class=\"wp-block-group alignfull is-layout-flow wp-block-group-is-layout-flow\"><\/div>\n\n\n\n<div superb-addons-animation=\"fadeIn\" class=\"wp-block-columns alignwide has-background is-layout-flex wp-container-core-columns-is-layout-f9d87e41 wp-block-columns-is-layout-flex\" style=\"background-color:#e3ddd3;opacity: 0;\">\n<div class=\"wp-block-column is-vertically-aligned-center is-layout-flow wp-container-core-column-is-layout-db2cb278 wp-block-column-is-layout-flow\" style=\"flex-basis:25%\">\n<figure class=\"wp-block-image aligncenter size-full is-resized has-custom-border\"><img loading=\"lazy\" decoding=\"async\" width=\"1920\" height=\"2560\" src=\"https:\/\/fremdenfuehrer.wien\/wp-content\/uploads\/2025\/11\/retz-scaled.png\" alt=\"\" class=\"wp-image-1619\" style=\"border-radius:0px;object-fit:cover;width:320px;height:auto\" srcset=\"https:\/\/fremdenfuehrer.wien\/wp-content\/uploads\/2025\/11\/retz-scaled.png 1920w, https:\/\/fremdenfuehrer.wien\/wp-content\/uploads\/2025\/11\/retz-480x640.png 480w, https:\/\/fremdenfuehrer.wien\/wp-content\/uploads\/2025\/11\/retz-1152x1536.png 1152w, https:\/\/fremdenfuehrer.wien\/wp-content\/uploads\/2025\/11\/retz-1536x2048.png 1536w\" sizes=\"auto, (max-width: 1920px) 100vw, 1920px\" \/><\/figure>\n\n\n\n<div class=\"wp-block-group has-global-padding is-layout-constrained wp-container-core-group-is-layout-19e250f3 wp-block-group-is-layout-constrained\">\n<div class=\"wp-block-group has-global-padding is-layout-constrained wp-container-core-group-is-layout-19e250f3 wp-block-group-is-layout-constrained\">\n<h3 class=\"wp-block-heading has-text-align-center has-contrast-color has-text-color\" style=\"margin-top:var(--wp--preset--spacing--superbspacing-xxsmall);font-size:clamp(15.747px, 0.984rem + ((1vw - 3.2px) * 0.645), 24px);\">Wein- und Waldviertel<\/h3>\n<\/div>\n\n\n\n<p class=\"has-text-align-center has-mono-2-color has-text-color\" style=\"margin-top:5px;margin-bottom:0;font-size:clamp(14px, 0.875rem + ((1vw - 3.2px) * 0.313), 18px);\">individueller Zeitrahmen<\/p>\n\n\n\n<p class=\"has-text-align-center has-mono-2-color has-text-color\" style=\"margin-top:5px;margin-bottom:0;font-size:clamp(14px, 0.875rem + ((1vw - 3.2px) * 0.313), 18px);\"><mark style=\"background-color:rgba(0, 0, 0, 0);color:#EAE7DE\" class=\"has-inline-color\">&#8211;<\/mark>Deutsch\/Englisch<br><br><\/p>\n\n\n\n<div class=\"wp-block-buttons is-content-justification-center is-layout-flex wp-container-core-buttons-is-layout-a89b3969 wp-block-buttons-is-layout-flex\">\n<div class=\"wp-block-button\"><a class=\"wp-block-button__link wp-element-button\" href=\"https:\/\/fremdenfuehrer.wien\/?page_id=1543\">Wein- und Waldviertel<\/a><\/div>\n<\/div>\n<\/div>\n<\/div>\n\n\n\n<div class=\"wp-block-column is-vertically-aligned-center is-layout-flow wp-container-core-column-is-layout-db2cb278 wp-block-column-is-layout-flow\" style=\"flex-basis:25%\">\n<figure class=\"wp-block-image aligncenter size-full is-resized has-custom-border\"><img loading=\"lazy\" decoding=\"async\" width=\"1920\" height=\"2560\" src=\"https:\/\/fremdenfuehrer.wien\/wp-content\/uploads\/2025\/11\/marcheck-scaled.png\" alt=\"\" class=\"wp-image-1616\" style=\"border-radius:0px;object-fit:cover;width:320px;height:auto\" srcset=\"https:\/\/fremdenfuehrer.wien\/wp-content\/uploads\/2025\/11\/marcheck-scaled.png 1920w, https:\/\/fremdenfuehrer.wien\/wp-content\/uploads\/2025\/11\/marcheck-480x640.png 480w, https:\/\/fremdenfuehrer.wien\/wp-content\/uploads\/2025\/11\/marcheck-1152x1536.png 1152w, https:\/\/fremdenfuehrer.wien\/wp-content\/uploads\/2025\/11\/marcheck-1536x2048.png 1536w\" sizes=\"auto, (max-width: 1920px) 100vw, 1920px\" \/><\/figure>\n\n\n\n<div class=\"wp-block-group has-global-padding is-layout-constrained wp-container-core-group-is-layout-19e250f3 wp-block-group-is-layout-constrained\">\n<div class=\"wp-block-group has-global-padding is-layout-constrained wp-container-core-group-is-layout-19e250f3 wp-block-group-is-layout-constrained\">\n<h3 class=\"wp-block-heading has-text-align-center has-contrast-color has-text-color\" style=\"margin-top:var(--wp--preset--spacing--superbspacing-xxsmall);font-size:clamp(15.747px, 0.984rem + ((1vw - 3.2px) * 0.645), 24px);\">Verstecktes Land<\/h3>\n<\/div>\n\n\n\n<p class=\"has-text-align-center has-mono-2-color has-text-color\" style=\"margin-top:5px;margin-bottom:0;font-size:clamp(14px, 0.875rem + ((1vw - 3.2px) * 0.313), 18px);\"><strong>Individueller Zeitrahmen<\/strong><\/p>\n\n\n\n<p class=\"has-text-align-center has-mono-2-color has-text-color\" style=\"margin-top:5px;margin-bottom:0;font-size:clamp(14px, 0.875rem + ((1vw - 3.2px) * 0.313), 18px);\"><mark style=\"background-color:rgba(0, 0, 0, 0);color:#EAE7DE\" class=\"has-inline-color\">&#8211;<\/mark>Deutsch\/Englisch<br><br><\/p>\n\n\n\n<div class=\"wp-block-buttons is-content-justification-center is-layout-flex wp-container-core-buttons-is-layout-a89b3969 wp-block-buttons-is-layout-flex\">\n<div class=\"wp-block-button\"><a class=\"wp-block-button__link wp-element-button\" href=\"https:\/\/fremdenfuehrer.wien\/?page_id=1223\">Verstecktes Land<\/a><\/div>\n<\/div>\n<\/div>\n<\/div>\n\n\n\n<div class=\"wp-block-column is-vertically-aligned-center is-layout-flow wp-container-core-column-is-layout-db2cb278 wp-block-column-is-layout-flow\" style=\"flex-basis:25%\">\n<figure class=\"wp-block-image aligncenter size-full is-resized has-custom-border\"><img loading=\"lazy\" decoding=\"async\" width=\"1920\" height=\"2560\" src=\"https:\/\/fremdenfuehrer.wien\/wp-content\/uploads\/2025\/11\/St-Poelten-scaled.png\" alt=\"\" class=\"wp-image-1621\" style=\"border-radius:0px;object-fit:cover;width:317px;height:auto\" srcset=\"https:\/\/fremdenfuehrer.wien\/wp-content\/uploads\/2025\/11\/St-Poelten-scaled.png 1920w, https:\/\/fremdenfuehrer.wien\/wp-content\/uploads\/2025\/11\/St-Poelten-480x640.png 480w, https:\/\/fremdenfuehrer.wien\/wp-content\/uploads\/2025\/11\/St-Poelten-1152x1536.png 1152w, https:\/\/fremdenfuehrer.wien\/wp-content\/uploads\/2025\/11\/St-Poelten-1536x2048.png 1536w\" sizes=\"auto, (max-width: 1920px) 100vw, 1920px\" \/><\/figure>\n\n\n\n<div class=\"wp-block-group has-global-padding is-layout-constrained wp-container-core-group-is-layout-19e250f3 wp-block-group-is-layout-constrained\">\n<div class=\"wp-block-group has-global-padding is-layout-constrained wp-container-core-group-is-layout-19e250f3 wp-block-group-is-layout-constrained\">\n<h3 class=\"wp-block-heading has-text-align-center has-contrast-color has-text-color\" style=\"margin-top:var(--wp--preset--spacing--superbspacing-xxsmall);font-size:clamp(15.747px, 0.984rem + ((1vw - 3.2px) * 0.645), 24px);\">St. P\u00f6lten<\/h3>\n<\/div>\n\n\n\n<p class=\"has-text-align-center has-mono-2-color has-text-color\" style=\"margin-top:5px;margin-bottom:0;font-size:clamp(14px, 0.875rem + ((1vw - 3.2px) * 0.313), 18px);\">Die neue Hauptstadt<\/p>\n\n\n\n<p class=\"has-text-align-center has-mono-2-color has-text-color\" style=\"margin-top:5px;margin-bottom:0;font-size:clamp(14px, 0.875rem + ((1vw - 3.2px) * 0.313), 18px);\"><mark style=\"background-color:rgba(0, 0, 0, 0);color:#EAE7DE\" class=\"has-inline-color\">&#8211;<\/mark>Deutsch\/Englisch<br><br><\/p>\n\n\n\n<div class=\"wp-block-buttons is-content-justification-center is-layout-flex wp-container-core-buttons-is-layout-a89b3969 wp-block-buttons-is-layout-flex\">\n<div class=\"wp-block-button\"><a class=\"wp-block-button__link wp-element-button\" href=\"https:\/\/fremdenfuehrer.wien\/?page_id=1535\">St. P\u00f6lten<\/a><\/div>\n<\/div>\n<\/div>\n<\/div>\n\n\n\n<div class=\"wp-block-column is-vertically-aligned-center is-layout-flow wp-container-core-column-is-layout-db2cb278 wp-block-column-is-layout-flow\" style=\"flex-basis:25%\">\n<figure class=\"wp-block-image aligncenter size-full is-resized has-custom-border\"><img loading=\"lazy\" decoding=\"async\" width=\"1685\" height=\"2560\" src=\"https:\/\/fremdenfuehrer.wien\/wp-content\/uploads\/2025\/11\/wiessenkirchen-scaled.jpg\" alt=\"\" class=\"wp-image-1623\" style=\"border-radius:0px;object-fit:cover;width:219px;height:auto\" srcset=\"https:\/\/fremdenfuehrer.wien\/wp-content\/uploads\/2025\/11\/wiessenkirchen-scaled.jpg 1685w, https:\/\/fremdenfuehrer.wien\/wp-content\/uploads\/2025\/11\/wiessenkirchen-480x729.jpg 480w, https:\/\/fremdenfuehrer.wien\/wp-content\/uploads\/2025\/11\/wiessenkirchen-1011x1536.jpg 1011w, https:\/\/fremdenfuehrer.wien\/wp-content\/uploads\/2025\/11\/wiessenkirchen-1348x2048.jpg 1348w\" sizes=\"auto, (max-width: 1685px) 100vw, 1685px\" \/><\/figure>\n\n\n\n<div class=\"wp-block-group has-global-padding is-layout-constrained wp-container-core-group-is-layout-19e250f3 wp-block-group-is-layout-constrained\">\n<div class=\"wp-block-group has-global-padding is-layout-constrained wp-container-core-group-is-layout-19e250f3 wp-block-group-is-layout-constrained\">\n<h3 class=\"wp-block-heading has-text-align-center has-contrast-color has-text-color\" style=\"margin-top:var(--wp--preset--spacing--superbspacing-xxsmall);font-size:clamp(15.747px, 0.984rem + ((1vw - 3.2px) * 0.645), 24px);\">Wachau Intensiv<\/h3>\n<\/div>\n\n\n\n<p class=\"has-text-align-center has-mono-2-color has-text-color\" style=\"margin-top:5px;margin-bottom:0;font-size:clamp(14px, 0.875rem + ((1vw - 3.2px) * 0.313), 18px);\">Nach Vereinbarung<\/p>\n\n\n\n<p class=\"has-text-align-center has-mono-2-color has-text-color\" style=\"margin-top:5px;margin-bottom:0;font-size:clamp(14px, 0.875rem + ((1vw - 3.2px) * 0.313), 18px);\"><mark style=\"background-color:rgba(0, 0, 0, 0);color:#EAE7DE\" class=\"has-inline-color\">&#8211;<\/mark>Deutsch\/Englisch<br><br><\/p>\n\n\n\n<div class=\"wp-block-buttons is-content-justification-center is-layout-flex wp-container-core-buttons-is-layout-a89b3969 wp-block-buttons-is-layout-flex\">\n<div class=\"wp-block-button\"><a class=\"wp-block-button__link wp-element-button\" href=\"https:\/\/fremdenfuehrer.wien\/?page_id=1537\">Wachau-Intensiv<\/a><\/div>\n<\/div>\n<\/div>\n<\/div>\n<\/div>\n\n\n\n<p><mark style=\"background-color:rgba(0, 0, 0, 0);color:#F3F1EB\" class=\"has-inline-color\">fffffff<\/mark><\/p>\n\n\n\n<div class=\"wp-block-group alignfull has-background has-global-padding is-layout-constrained wp-container-core-group-is-layout-8bbd0b3b wp-block-group-is-layout-constrained\" style=\"background-color:#e4d8d8;margin-top:0;margin-bottom:0;padding-top:var(--wp--preset--spacing--superbspacing-large);padding-right:var(--wp--preset--spacing--superbspacing-small);padding-bottom:var(--wp--preset--spacing--superbspacing-large);padding-left:var(--wp--preset--spacing--superbspacing-small)\">\n<div class=\"wp-block-group alignwide has-global-padding is-layout-constrained wp-container-core-group-is-layout-44bcd671 wp-block-group-is-layout-constrained\" style=\"padding-top:var(--wp--preset--spacing--superbspacing-xsmall);padding-bottom:var(--wp--preset--spacing--superbspacing-xsmall)\">\n<p class=\"has-primary-hover-color has-text-color has-link-color has-superbfont-large-font-size wp-elements-38bdd052b43535b2020a58dc1a80dd9e\">Warum Wien endlos viel zu bieten hat?<\/p>\n\n\n\n<h2 class=\"wp-block-heading has-text-align-left has-superbfont-xlarge-font-size\" style=\"line-height:1.2\"><mark style=\"background-color:rgba(0, 0, 0, 0);color:#0b0b0b\" class=\"has-inline-color\">Nieder\u00f6sterreich: <\/mark><br><mark style=\"background-color:rgba(0, 0, 0, 0);color:#0b0b0b\" class=\"has-inline-color\">Wo Geschichte Lebendig Wird und die Natur Verzaubert<\/mark><\/h2>\n<\/div>\n\n\n\n<div class=\"wp-block-columns alignwide are-vertically-aligned-center is-layout-flex wp-container-core-columns-is-layout-25593187 wp-block-columns-is-layout-flex\">\n<div class=\"wp-block-column is-vertically-aligned-center has-primary-color has-text-color has-link-color wp-elements-06b26be4631331d3464dc4bfb64d845e is-layout-flow wp-container-core-column-is-layout-a1628350 wp-block-column-is-layout-flow\" style=\"padding-top:0;padding-right:0;padding-bottom:0;padding-left:0\">\n<div class=\"wp-block-group is-layout-flow wp-container-core-group-is-layout-ff697075 wp-block-group-is-layout-flow\">\n<p class=\"has-text-align-left has-primary-color has-text-color has-superbfont-small-font-size\">Als Ihre erfahrene Fremdenf\u00fchrerin aus Wien kenne ich die Sch\u00e4tze unserer Hauptstadt bis ins kleinste Detail. Doch <strong>ich lade Sie nun herzlich ein, gemeinsam mit mir<\/strong> das faszinierende <strong>Nieder\u00f6sterreich<\/strong> zu entdecken, das direkt vor den Toren Wiens liegt. <strong>Ich habe Routen entworfen, die wir zusammen<\/strong> erkunden, um Kultur, Natur und Geschichte auf eine Weise zu erleben, die Ihre Erwartungen \u00fcbertreffen wird.<\/p>\n\n\n\n<p class=\"has-text-align-left has-primary-color has-text-color has-superbfont-small-font-size\"><strong>Wir werden gemeinsam<\/strong> die weltber\u00fchmte <strong>Wachau<\/strong> erleben, jene majest\u00e4tische Kulturlandschaft, wo der Donaustrom seinen Weg durch die sanften, UNESCO-gesch\u00fctzten Weinberge bahnt. <strong>Tauchen Sie mit mir ein<\/strong> in die Geschichten der m\u00e4chtigen Barockstifte und der mittelalterlichen Ruinen, die \u00fcber dem Fluss thronen. Bei einer Einkehr in einem traditionellen Heurigen <strong>genie\u00dfen wir<\/strong> die regionalen Spezialit\u00e4ten und die besten Weine der Region.<\/p>\n\n\n\n<p class=\"has-text-align-left has-mono-2-color has-text-color has-superbfont-small-font-size\"><mark style=\"background-color:rgba(0, 0, 0, 0);color:#0b0b0b\" class=\"has-inline-color\">Meine Touren f\u00fchren uns aber auch \u00fcber die bekannten Pfade hinaus. <strong>Erkunden Sie mit mir<\/strong> die kaiserliche Eleganz in den pr\u00e4chtigen Schl\u00f6ssern und G\u00e4rten, die von einer reichen Vergangenheit erz\u00e4hlen. Oder <strong>kommen Sie mit<\/strong> in die urspr\u00fcnglichen Regionen des <strong>Waldviertels<\/strong> und des <strong>Mostviertels<\/strong>.<\/mark><\/p>\n\n\n\n<p class=\"has-text-align-left has-mono-2-color has-text-color has-superbfont-small-font-size\"><mark style=\"background-color:rgba(0, 0, 0, 0);color:#0b0b0b\" class=\"has-inline-color\"> <\/mark><\/p>\n<\/div>\n\n\n\n<p class=\"has-text-align-left has-mono-2-color has-text-color has-superbfont-small-font-size\"><\/p>\n<\/div>\n\n\n\n<div class=\"wp-block-column is-vertically-aligned-center has-primary-color has-text-color has-link-color wp-elements-ca6f28d2408718998b03d7a129cff63d is-layout-flow wp-container-core-column-is-layout-3c309a52 wp-block-column-is-layout-flow\" style=\"padding-top:0;padding-right:0;padding-bottom:0;padding-left:0\">\n<p class=\"has-text-align-left has-primary-color has-text-color has-superbfont-small-font-size\">Dort erwartet uns eine wohltuende Stille und eine Naturkulisse, die einen spannenden und n\u00f6tigen Kontrast zum st\u00e4dtischen Trubel bietet. Ob Sie die Spuren ber\u00fchmter Pers\u00f6nlichkeiten verfolgen, alte Burgen erkunden oder moderne Architektur bewundern m\u00f6chten \u2013 <strong>ich stelle sicher<\/strong>, dass wir f\u00fcr jeden Geschmack das passende Highlight im Programm haben.<\/p>\n\n\n\n<p class=\"has-text-align-left has-primary-color has-text-color has-superbfont-small-font-size\"><strong>Ich stehe daf\u00fcr ein<\/strong>, dass diese Reise nach Nieder\u00f6sterreich mehr wird als nur eine Besichtigungstour. Es wird ein tiefes Eintauchen in die Seele dieses facettenreichen Bundeslandes, erm\u00f6glicht durch meine Planung und unsere gemeinsamen Entdeckungen. <strong>Nutzen Sie meine sorgf\u00e4ltig geplanten Routen<\/strong>, um Ihren G\u00e4sten einen unvergleichlichen Mehrwert zu bieten und die unverzichtbaren Juwelen Nieder\u00f6sterreichs zu erleben.<br><br><mark style=\"background-color:rgba(0, 0, 0, 0);color:#0b0b0b\" class=\"has-inline-color\">Jetzt Ihre F\u00fchrung buchen!<\/mark> <br><br><strong>Lassen Sie uns gemeinsam Ihre perfekte Tour planen: Kontaktieren Sie mich pers\u00f6nlich, damit ich ein individuelles Angebot f\u00fcr Ihre Gruppe erstellen und Ihr unvergessliches Kulturerlebnis sofort starten kann!<\/strong><\/p>\n<\/div>\n<\/div>\n\n\n\n<p class=\"has-text-align-left has-mono-2-color has-text-color has-superbfont-small-font-size\"><\/p>\n<\/div>\n","protected":false},"excerpt":{"rendered":"<p>Fesselnd, Aufregend, Einzigartig: Ihr Schl\u00fcssel zu \u00d6sterreichs H\u00f6hepunkten! Grenzenloses Entdecken: Von der Donau bis zu den Alpen Haben Sie genug von Standard-Reisef\u00fchrern? Wollen Sie nicht nur Sehensw\u00fcrdigkeiten sehen, sondern ihre Geheimnisse l\u00fcften und die Geschichte hautnah sp\u00fcren? Mit mir erleben Sie \u00d6sterreich so spannend und fesselnd, dass Sie sich wie ein echter Entdecker f\u00fchlen. Wir [&hellip;]<\/p>\n","protected":false},"author":1,"featured_media":0,"parent":0,"menu_order":0,"comment_status":"closed","ping_status":"closed","template":"","meta":{"footnotes":""},"class_list":["post-1101","page","type-page","status-publish","hentry"],"jetpack_sharing_enabled":true,"_links":{"self":[{"href":"https:\/\/fremdenfuehrer.wien\/index.php?rest_route=\/wp\/v2\/pages\/1101","targetHints":{"allow":["GET"]}}],"collection":[{"href":"https:\/\/fremdenfuehrer.wien\/index.php?rest_route=\/wp\/v2\/pages"}],"about":[{"href":"https:\/\/fremdenfuehrer.wien\/index.php?rest_route=\/wp\/v2\/types\/page"}],"author":[{"embeddable":true,"href":"https:\/\/fremdenfuehrer.wien\/index.php?rest_route=\/wp\/v2\/users\/1"}],"replies":[{"embeddable":true,"href":"https:\/\/fremdenfuehrer.wien\/index.php?rest_route=%2Fwp%2Fv2%2Fcomments&post=1101"}],"version-history":[{"count":28,"href":"https:\/\/fremdenfuehrer.wien\/index.php?rest_route=\/wp\/v2\/pages\/1101\/revisions"}],"predecessor-version":[{"id":1729,"href":"https:\/\/fremdenfuehrer.wien\/index.php?rest_route=\/wp\/v2\/pages\/1101\/revisions\/1729"}],"wp:attachment":[{"href":"https:\/\/fremdenfuehrer.wien\/index.php?rest_route=%2Fwp%2Fv2%2Fmedia&parent=1101"}],"curies":[{"name":"wp","href":"https:\/\/api.w.org\/{rel}","templated":true}]}}